{"id":962,"date":"2017-02-21T11:09:42","date_gmt":"2017-02-21T11:09:42","guid":{"rendered":"http:\/\/test.fondationlgl.org\/?page_id=962"},"modified":"2017-02-21T12:26:54","modified_gmt":"2017-02-21T12:26:54","slug":"demo-bitcoin","status":"publish","type":"page","link":"https:\/\/fondationlgl.org\/en\/demo-bitcoin\/","title":{"rendered":"demo bitcoin"},"content":{"rendered":"<p>[vc_row][vc_column width=\u00a0\u00bb1\/4&Prime;][\/vc_column][vc_column width=\u00a0\u00bb1\/2&Prime;][vc_column_text][give_form id=\u00a0\u00bb960&Prime;][\/vc_column_text][\/vc_column][vc_column width=\u00a0\u00bb1\/4&Prime;][\/vc_column][\/vc_row]<\/p>","protected":false},"excerpt":{"rendered":"<p>[vc_row][vc_column width=\u00a0\u00bb1\/4&Prime;][\/vc_column][vc_column width=\u00a0\u00bb1\/2&Prime;][vc_column_text][give_form id=\u00a0\u00bb960&Prime;][\/vc_column_text][\/vc_column][vc_column width=\u00a0\u00bb1\/4&Prime;][\/vc_column][\/vc_row]<\/p>","protected":false},"author":2,"featured_media":0,"parent":0,"menu_order":0,"comment_status":"closed","ping_status":"closed","template":"","meta":{"_acf_changed":false,"footnotes":""},"class_list":["post-962","page","type-page","status-publish","hentry"],"acf":[],"yoast_head":"<!-- This site is optimized with the Yoast SEO plugin v24.7 - https:\/\/yoast.com\/wordpress\/plugins\/seo\/ -->\n<title>demo bitcoin - &quot;Fondation Louis et Gizou Lamothe : Construire des Villages Intelligents en Ha\u00efti<\/title>\n<meta name=\"robots\" content=\"index, follow, max-snippet:-1, max-image-preview:large, max-video-preview:-1\" \/>\n<link rel=\"canonical\" href=\"https:\/\/fondationlgl.org\/en\/demo-bitcoin\/\" \/>\n<meta property=\"og:locale\" content=\"en_US\" \/>\n<meta property=\"og:type\" content=\"article\" \/>\n<meta property=\"og:title\" content=\"demo bitcoin - &quot;Fondation Louis et Gizou Lamothe : Construire des Villages Intelligents en Ha\u00efti\" \/>\n<meta property=\"og:description\" content=\"[vc_row][vc_column width=\u00a0\u00bb1\/4&Prime;][\/vc_column][vc_column width=\u00a0\u00bb1\/2&Prime;][vc_column_text][give_form id=\u00a0\u00bb960&Prime;][\/vc_column_text][\/vc_column][vc_column width=\u00a0\u00bb1\/4&Prime;][\/vc_column][\/vc_row]\" \/>\n<meta property=\"og:url\" content=\"https:\/\/fondationlgl.org\/en\/demo-bitcoin\/\" \/>\n<meta property=\"og:site_name\" content=\"&quot;Fondation Louis et Gizou Lamothe : Construire des Villages Intelligents en Ha\u00efti\" \/>\n<meta property=\"article:modified_time\" content=\"2017-02-21T12:26:54+00:00\" \/>\n<meta name=\"twitter:card\" content=\"summary_large_image\" \/>\n<script type=\"application\/ld+json\" class=\"yoast-schema-graph\">{\"@context\":\"https:\/\/schema.org\",\"@graph\":[{\"@type\":\"WebPage\",\"@id\":\"https:\/\/fondationlgl.org\/demo-bitcoin\/\",\"url\":\"https:\/\/fondationlgl.org\/demo-bitcoin\/\",\"name\":\"demo bitcoin - &quot;Fondation Louis et Gizou Lamothe : Construire des Villages Intelligents en Ha\u00efti\",\"isPartOf\":{\"@id\":\"https:\/\/fondationlgl.org\/#website\"},\"datePublished\":\"2017-02-21T11:09:42+00:00\",\"dateModified\":\"2017-02-21T12:26:54+00:00\",\"breadcrumb\":{\"@id\":\"https:\/\/fondationlgl.org\/demo-bitcoin\/#breadcrumb\"},\"inLanguage\":\"en-US\",\"potentialAction\":[{\"@type\":\"ReadAction\",\"target\":[\"https:\/\/fondationlgl.org\/demo-bitcoin\/\"]}]},{\"@type\":\"BreadcrumbList\",\"@id\":\"https:\/\/fondationlgl.org\/demo-bitcoin\/#breadcrumb\",\"itemListElement\":[{\"@type\":\"ListItem\",\"position\":1,\"name\":\"Home\",\"item\":\"https:\/\/fondationlgl.org\/\"},{\"@type\":\"ListItem\",\"position\":2,\"name\":\"demo bitcoin\"}]},{\"@type\":\"WebSite\",\"@id\":\"https:\/\/fondationlgl.org\/#website\",\"url\":\"https:\/\/fondationlgl.org\/\",\"name\":\"&quot;Fondation Louis et Gizou Lamothe : Construire des Villages Intelligents en Ha\u00efti\",\"description\":\"Renforcer les communaut\u00e9s ha\u00eftiennes \u00e0 travers l&#039;\u00e9ducation, la sant\u00e9, le sport, l&#039;environnement et la culture\",\"potentialAction\":[{\"@type\":\"SearchAction\",\"target\":{\"@type\":\"EntryPoint\",\"urlTemplate\":\"https:\/\/fondationlgl.org\/?s={search_term_string}\"},\"query-input\":{\"@type\":\"PropertyValueSpecification\",\"valueRequired\":true,\"valueName\":\"search_term_string\"}}],\"inLanguage\":\"en-US\"}]}<\/script>\n<!-- \/ Yoast SEO plugin. -->","yoast_head_json":{"title":"demo bitcoin - &quot;Fondation Louis et Gizou Lamothe : Construire des Villages Intelligents en Ha\u00efti","robots":{"index":"index","follow":"follow","max-snippet":"max-snippet:-1","max-image-preview":"max-image-preview:large","max-video-preview":"max-video-preview:-1"},"canonical":"https:\/\/fondationlgl.org\/en\/demo-bitcoin\/","og_locale":"en_US","og_type":"article","og_title":"demo bitcoin - &quot;Fondation Louis et Gizou Lamothe : Construire des Villages Intelligents en Ha\u00efti","og_description":"[vc_row][vc_column width=\u00a0\u00bb1\/4&Prime;][\/vc_column][vc_column width=\u00a0\u00bb1\/2&Prime;][vc_column_text][give_form id=\u00a0\u00bb960&Prime;][\/vc_column_text][\/vc_column][vc_column width=\u00a0\u00bb1\/4&Prime;][\/vc_column][\/vc_row]","og_url":"https:\/\/fondationlgl.org\/en\/demo-bitcoin\/","og_site_name":"&quot;Fondation Louis et Gizou Lamothe : Construire des Villages Intelligents en Ha\u00efti","article_modified_time":"2017-02-21T12:26:54+00:00","twitter_card":"summary_large_image","schema":{"@context":"https:\/\/schema.org","@graph":[{"@type":"WebPage","@id":"https:\/\/fondationlgl.org\/demo-bitcoin\/","url":"https:\/\/fondationlgl.org\/demo-bitcoin\/","name":"demo bitcoin - &quot;Fondation Louis et Gizou Lamothe : Construire des Villages Intelligents en Ha\u00efti","isPartOf":{"@id":"https:\/\/fondationlgl.org\/#website"},"datePublished":"2017-02-21T11:09:42+00:00","dateModified":"2017-02-21T12:26:54+00:00","breadcrumb":{"@id":"https:\/\/fondationlgl.org\/demo-bitcoin\/#breadcrumb"},"inLanguage":"en-US","potentialAction":[{"@type":"ReadAction","target":["https:\/\/fondationlgl.org\/demo-bitcoin\/"]}]},{"@type":"BreadcrumbList","@id":"https:\/\/fondationlgl.org\/demo-bitcoin\/#breadcrumb","itemListElement":[{"@type":"ListItem","position":1,"name":"Home","item":"https:\/\/fondationlgl.org\/"},{"@type":"ListItem","position":2,"name":"demo bitcoin"}]},{"@type":"WebSite","@id":"https:\/\/fondationlgl.org\/#website","url":"https:\/\/fondationlgl.org\/","name":"&quot;Fondation Louis et Gizou Lamothe : Construire des Villages Intelligents en Ha\u00efti","description":"Renforcer les communaut\u00e9s ha\u00eftiennes \u00e0 travers l&#039;\u00e9ducation, la sant\u00e9, le sport, l&#039;environnement et la culture","potentialAction":[{"@type":"SearchAction","target":{"@type":"EntryPoint","urlTemplate":"https:\/\/fondationlgl.org\/?s={search_term_string}"},"query-input":{"@type":"PropertyValueSpecification","valueRequired":true,"valueName":"search_term_string"}}],"inLanguage":"en-US"}]}},"_links":{"self":[{"href":"https:\/\/fondationlgl.org\/en\/wp-json\/wp\/v2\/pages\/962","targetHints":{"allow":["GET"]}}],"collection":[{"href":"https:\/\/fondationlgl.org\/en\/wp-json\/wp\/v2\/pages"}],"about":[{"href":"https:\/\/fondationlgl.org\/en\/wp-json\/wp\/v2\/types\/page"}],"author":[{"embeddable":true,"href":"https:\/\/fondationlgl.org\/en\/wp-json\/wp\/v2\/users\/2"}],"replies":[{"embeddable":true,"href":"https:\/\/fondationlgl.org\/en\/wp-json\/wp\/v2\/comments?post=962"}],"version-history":[{"count":0,"href":"https:\/\/fondationlgl.org\/en\/wp-json\/wp\/v2\/pages\/962\/revisions"}],"wp:attachment":[{"href":"https:\/\/fondationlgl.org\/en\/wp-json\/wp\/v2\/media?parent=962"}],"curies":[{"name":"wp","href":"https:\/\/api.w.org\/{rel}","templated":true}]}}