{"id":568,"date":"2017-01-27T09:39:05","date_gmt":"2017-01-27T09:39:05","guid":{"rendered":"http:\/\/wp.goigi.biz\/fondationlglwp\/?page_id=568"},"modified":"2017-02-08T08:49:12","modified_gmt":"2017-02-08T08:49:12","slug":"the-foundnation-2","status":"publish","type":"page","link":"https:\/\/fondationlgl.org\/en\/the-foundnation-2\/","title":{"rendered":"The Foundnation"},"content":{"rendered":"<p>[vc_row full_width=\u00a0\u00bbstretch_row_content_no_spaces\u00a0\u00bb][vc_column][vc_column_text]<img fetchpriority=\"high\" decoding=\"async\" class=\"alignnone size-large wp-image-162\" style=\"width: 100%;\" src=\"http:\/\/test.fondationlgl.org\/wp-content\/uploads\/2016\/12\/foundattion-1024x225.png\" alt=\"\" width=\"1024\" height=\"225\" srcset=\"https:\/\/fondationlgl.org\/wp-content\/uploads\/2016\/12\/foundattion-1024x225.png 1024w, https:\/\/fondationlgl.org\/wp-content\/uploads\/2016\/12\/foundattion-300x66.png 300w, https:\/\/fondationlgl.org\/wp-content\/uploads\/2016\/12\/foundattion-768x169.png 768w, https:\/\/fondationlgl.org\/wp-content\/uploads\/2016\/12\/foundattion.png 1366w\" sizes=\"(max-width: 1024px) 100vw, 1024px\" \/>[\/vc_column_text][\/vc_column][\/vc_row][vc_row][vc_column][vc_column_text]<\/p>\n<h2 class=\"module-title\" style=\"text-align: center;\"><span style=\"color: #ff5b24;\">AIM<\/span><\/h2>\n<h4 style=\"text-align: center;\"><span style=\"color: #ff5b24;\">The Foundation aims to<\/span><\/h4>\n<h4 style=\"text-align: center;\">Place men and women firmly at the centre of human activities as conscious actors within the realities of their environment.<\/h4>\n<p>&nbsp;<\/p>\n<h4 style=\"text-align: center;\">Create favourable conditions for the development of social entrepreneurship through a social<br \/>\nand solidarity economy.<\/h4>\n<p>[\/vc_column_text][\/vc_column][\/vc_row][vc_row full_width=\u00a0\u00bbstretch_row_content_no_spaces\u00a0\u00bb equal_height=\u00a0\u00bbyes\u00a0\u00bb content_placement=\u00a0\u00bbmiddle\u00a0\u00bb parallax=\u00a0\u00bbcontent-moving\u00a0\u00bb parallax_image=\u00a0\u00bb173&Prime; css=\u00a0\u00bb.vc_custom_1483013706266{background-position: center;background-repeat: no-repeat !important;background-size: cover !important;}\u00a0\u00bb][vc_column width=\u00a0\u00bb1\/6&Prime;][\/vc_column][vc_column width=\u00a0\u00bb2\/3&Prime;][vc_column_text]<\/p>\n<h2 class=\"module-title\" style=\"text-align: center; margin-top: 20px;\"><span style=\"color: #ffffff;\">MISSION<\/span><\/h2>\n<h4 style=\"text-align: center; margin-top: 20px;\"><span style=\"color: #ffffff;\">The Foundation\u2019s mission is to contribute to the fight against poverty and social exclusion by establishing<\/span><\/h4>\n<h4 style=\"text-align: center; margin-top: 20px;\"><span style=\"color: #ffffff;\"> a permanent forum for critical knowledge with a view to reinforcing social dialogue and societal transformation.<\/span><\/h4>\n<p>[\/vc_column_text][\/vc_column][vc_column width=\u00a0\u00bb1\/6&Prime;][\/vc_column][\/vc_row][vc_row][vc_column][vc_column_text]<\/p>\n<h2 class=\"module-title\" style=\"text-align: center; margin-top: 20px;\"><span style=\"color: #ff5b24;\">OBJECTIVES<\/span><\/h2>\n<h4 style=\"text-align: center; margin-top: 20px;\">Recognising that knowledge is the best weapon in the fight for social transformation the LGLF&rsquo;s objectives are to<\/h4>\n<h5 style=\"text-align: center; margin-top: 20px;\">Encourage the promotion of public consultation within community networks established to promote real social transformation especially in precarious environments<\/h5>\n<h5 style=\"text-align: center; margin-top: 20px;\">Promote the organisation of collective action within community networks through activities of social entrepreneurship<\/h5>\n<h5 style=\"text-align: center; margin-top: 20px;\">Contribute to empowerment and capacity-building by providing scholarships in agriculture, the protection of the environment and Spanish language instruction so as to facilitate exchanges with groups of intercontinental university researchers for the regular monitoring of poverty in the regions of intervention<\/h5>\n<p>[\/vc_column_text][\/vc_column][\/vc_row]<\/p>","protected":false},"excerpt":{"rendered":"<p>[vc_row full_width=\u00a0\u00bbstretch_row_content_no_spaces\u00a0\u00bb][vc_column][vc_column_text][\/vc_column_text][\/vc_column][\/vc_row][vc_row][vc_column][vc_column_text] AIM The Foundation aims to Place men and women firmly at the centre of human activities as conscious actors within the realities of their environment. &nbsp; Create favourable conditions for the development of social entrepreneurship through a social and solidarity economy. [\/vc_column_text][\/vc_column][\/vc_row][vc_row full_width=\u00a0\u00bbstretch_row_content_no_spaces\u00a0\u00bb equal_height=\u00a0\u00bbyes\u00a0\u00bb content_placement=\u00a0\u00bbmiddle\u00a0\u00bb parallax=\u00a0\u00bbcontent-moving\u00a0\u00bb parallax_image=\u00a0\u00bb173&Prime; css=\u00a0\u00bb.vc_custom_1483013706266{background-position: center;background-repeat: no-repeat !important;background-size: cover !important;}\u00a0\u00bb][vc_column [&hellip;]<\/p>","protected":false},"author":2,"featured_media":0,"parent":0,"menu_order":0,"comment_status":"closed","ping_status":"closed","template":"","meta":{"_acf_changed":false,"footnotes":""},"class_list":["post-568","page","type-page","status-publish","hentry"],"acf":[],"yoast_head":"<!-- This site is optimized with the Yoast SEO plugin v24.7 - https:\/\/yoast.com\/wordpress\/plugins\/seo\/ -->\n<title>The Foundnation - &quot;Fondation Louis et Gizou Lamothe : Construire des Villages Intelligents en Ha\u00efti<\/title>\n<meta name=\"robots\" content=\"index, follow, max-snippet:-1, max-image-preview:large, max-video-preview:-1\" \/>\n<link rel=\"canonical\" href=\"https:\/\/fondationlgl.org\/en\/the-foundnation-2\/\" \/>\n<meta property=\"og:locale\" content=\"en_US\" \/>\n<meta property=\"og:type\" content=\"article\" \/>\n<meta property=\"og:title\" content=\"The Foundnation - &quot;Fondation Louis et Gizou Lamothe : Construire des Villages Intelligents en Ha\u00efti\" \/>\n<meta property=\"og:description\" content=\"[vc_row full_width=\u00a0\u00bbstretch_row_content_no_spaces\u00a0\u00bb][vc_column][vc_column_text][\/vc_column_text][\/vc_column][\/vc_row][vc_row][vc_column][vc_column_text] AIM The Foundation aims to Place men and women firmly at the centre of human activities as conscious actors within the realities of their environment. &nbsp; Create favourable conditions for the development of social entrepreneurship through a social and solidarity economy. [\/vc_column_text][\/vc_column][\/vc_row][vc_row full_width=\u00a0\u00bbstretch_row_content_no_spaces\u00a0\u00bb equal_height=\u00a0\u00bbyes\u00a0\u00bb content_placement=\u00a0\u00bbmiddle\u00a0\u00bb parallax=\u00a0\u00bbcontent-moving\u00a0\u00bb parallax_image=\u00a0\u00bb173&Prime; css=\u00a0\u00bb.vc_custom_1483013706266{background-position: center;background-repeat: no-repeat !important;background-size: cover !important;}\u00a0\u00bb][vc_column [&hellip;]\" \/>\n<meta property=\"og:url\" content=\"https:\/\/fondationlgl.org\/en\/the-foundnation-2\/\" \/>\n<meta property=\"og:site_name\" content=\"&quot;Fondation Louis et Gizou Lamothe : Construire des Villages Intelligents en Ha\u00efti\" \/>\n<meta property=\"article:modified_time\" content=\"2017-02-08T08:49:12+00:00\" \/>\n<meta property=\"og:image\" content=\"https:\/\/fondationlgl.org\/wp-content\/uploads\/2016\/12\/foundattion.png\" \/>\n\t<meta property=\"og:image:width\" content=\"1366\" \/>\n\t<meta property=\"og:image:height\" content=\"300\" \/>\n\t<meta property=\"og:image:type\" content=\"image\/png\" \/>\n<meta name=\"twitter:card\" content=\"summary_large_image\" \/>\n<meta name=\"twitter:label1\" content=\"Est. reading time\" \/>\n\t<meta name=\"twitter:data1\" content=\"1 minute\" \/>\n<script type=\"application\/ld+json\" class=\"yoast-schema-graph\">{\"@context\":\"https:\/\/schema.org\",\"@graph\":[{\"@type\":\"WebPage\",\"@id\":\"https:\/\/fondationlgl.org\/the-foundnation-2\/\",\"url\":\"https:\/\/fondationlgl.org\/the-foundnation-2\/\",\"name\":\"The Foundnation - &quot;Fondation Louis et Gizou Lamothe : Construire des Villages Intelligents en Ha\u00efti\",\"isPartOf\":{\"@id\":\"https:\/\/fondationlgl.org\/#website\"},\"primaryImageOfPage\":{\"@id\":\"https:\/\/fondationlgl.org\/the-foundnation-2\/#primaryimage\"},\"image\":{\"@id\":\"https:\/\/fondationlgl.org\/the-foundnation-2\/#primaryimage\"},\"thumbnailUrl\":\"http:\/\/test.fondationlgl.org\/wp-content\/uploads\/2016\/12\/foundattion-1024x225.png\",\"datePublished\":\"2017-01-27T09:39:05+00:00\",\"dateModified\":\"2017-02-08T08:49:12+00:00\",\"breadcrumb\":{\"@id\":\"https:\/\/fondationlgl.org\/the-foundnation-2\/#breadcrumb\"},\"inLanguage\":\"en-US\",\"potentialAction\":[{\"@type\":\"ReadAction\",\"target\":[\"https:\/\/fondationlgl.org\/the-foundnation-2\/\"]}]},{\"@type\":\"ImageObject\",\"inLanguage\":\"en-US\",\"@id\":\"https:\/\/fondationlgl.org\/the-foundnation-2\/#primaryimage\",\"url\":\"http:\/\/test.fondationlgl.org\/wp-content\/uploads\/2016\/12\/foundattion-1024x225.png\",\"contentUrl\":\"http:\/\/test.fondationlgl.org\/wp-content\/uploads\/2016\/12\/foundattion-1024x225.png\"},{\"@type\":\"BreadcrumbList\",\"@id\":\"https:\/\/fondationlgl.org\/the-foundnation-2\/#breadcrumb\",\"itemListElement\":[{\"@type\":\"ListItem\",\"position\":1,\"name\":\"Home\",\"item\":\"https:\/\/fondationlgl.org\/\"},{\"@type\":\"ListItem\",\"position\":2,\"name\":\"The Foundnation\"}]},{\"@type\":\"WebSite\",\"@id\":\"https:\/\/fondationlgl.org\/#website\",\"url\":\"https:\/\/fondationlgl.org\/\",\"name\":\"&quot;Fondation Louis et Gizou Lamothe : Construire des Villages Intelligents en Ha\u00efti\",\"description\":\"Renforcer les communaut\u00e9s ha\u00eftiennes \u00e0 travers l&#039;\u00e9ducation, la sant\u00e9, le sport, l&#039;environnement et la culture\",\"potentialAction\":[{\"@type\":\"SearchAction\",\"target\":{\"@type\":\"EntryPoint\",\"urlTemplate\":\"https:\/\/fondationlgl.org\/?s={search_term_string}\"},\"query-input\":{\"@type\":\"PropertyValueSpecification\",\"valueRequired\":true,\"valueName\":\"search_term_string\"}}],\"inLanguage\":\"en-US\"}]}<\/script>\n<!-- \/ Yoast SEO plugin. -->","yoast_head_json":{"title":"The Foundnation - &quot;Fondation Louis et Gizou Lamothe : Construire des Villages Intelligents en Ha\u00efti","robots":{"index":"index","follow":"follow","max-snippet":"max-snippet:-1","max-image-preview":"max-image-preview:large","max-video-preview":"max-video-preview:-1"},"canonical":"https:\/\/fondationlgl.org\/en\/the-foundnation-2\/","og_locale":"en_US","og_type":"article","og_title":"The Foundnation - &quot;Fondation Louis et Gizou Lamothe : Construire des Villages Intelligents en Ha\u00efti","og_description":"[vc_row full_width=\u00a0\u00bbstretch_row_content_no_spaces\u00a0\u00bb][vc_column][vc_column_text][\/vc_column_text][\/vc_column][\/vc_row][vc_row][vc_column][vc_column_text] AIM The Foundation aims to Place men and women firmly at the centre of human activities as conscious actors within the realities of their environment. &nbsp; Create favourable conditions for the development of social entrepreneurship through a social and solidarity economy. [\/vc_column_text][\/vc_column][\/vc_row][vc_row full_width=\u00a0\u00bbstretch_row_content_no_spaces\u00a0\u00bb equal_height=\u00a0\u00bbyes\u00a0\u00bb content_placement=\u00a0\u00bbmiddle\u00a0\u00bb parallax=\u00a0\u00bbcontent-moving\u00a0\u00bb parallax_image=\u00a0\u00bb173&Prime; css=\u00a0\u00bb.vc_custom_1483013706266{background-position: center;background-repeat: no-repeat !important;background-size: cover !important;}\u00a0\u00bb][vc_column [&hellip;]","og_url":"https:\/\/fondationlgl.org\/en\/the-foundnation-2\/","og_site_name":"&quot;Fondation Louis et Gizou Lamothe : Construire des Villages Intelligents en Ha\u00efti","article_modified_time":"2017-02-08T08:49:12+00:00","og_image":[{"width":1366,"height":300,"url":"https:\/\/fondationlgl.org\/wp-content\/uploads\/2016\/12\/foundattion.png","type":"image\/png"}],"twitter_card":"summary_large_image","twitter_misc":{"Est. reading time":"1 minute"},"schema":{"@context":"https:\/\/schema.org","@graph":[{"@type":"WebPage","@id":"https:\/\/fondationlgl.org\/the-foundnation-2\/","url":"https:\/\/fondationlgl.org\/the-foundnation-2\/","name":"The Foundnation - &quot;Fondation Louis et Gizou Lamothe : Construire des Villages Intelligents en Ha\u00efti","isPartOf":{"@id":"https:\/\/fondationlgl.org\/#website"},"primaryImageOfPage":{"@id":"https:\/\/fondationlgl.org\/the-foundnation-2\/#primaryimage"},"image":{"@id":"https:\/\/fondationlgl.org\/the-foundnation-2\/#primaryimage"},"thumbnailUrl":"http:\/\/test.fondationlgl.org\/wp-content\/uploads\/2016\/12\/foundattion-1024x225.png","datePublished":"2017-01-27T09:39:05+00:00","dateModified":"2017-02-08T08:49:12+00:00","breadcrumb":{"@id":"https:\/\/fondationlgl.org\/the-foundnation-2\/#breadcrumb"},"inLanguage":"en-US","potentialAction":[{"@type":"ReadAction","target":["https:\/\/fondationlgl.org\/the-foundnation-2\/"]}]},{"@type":"ImageObject","inLanguage":"en-US","@id":"https:\/\/fondationlgl.org\/the-foundnation-2\/#primaryimage","url":"http:\/\/test.fondationlgl.org\/wp-content\/uploads\/2016\/12\/foundattion-1024x225.png","contentUrl":"http:\/\/test.fondationlgl.org\/wp-content\/uploads\/2016\/12\/foundattion-1024x225.png"},{"@type":"BreadcrumbList","@id":"https:\/\/fondationlgl.org\/the-foundnation-2\/#breadcrumb","itemListElement":[{"@type":"ListItem","position":1,"name":"Home","item":"https:\/\/fondationlgl.org\/"},{"@type":"ListItem","position":2,"name":"The Foundnation"}]},{"@type":"WebSite","@id":"https:\/\/fondationlgl.org\/#website","url":"https:\/\/fondationlgl.org\/","name":"&quot;Fondation Louis et Gizou Lamothe : Construire des Villages Intelligents en Ha\u00efti","description":"Renforcer les communaut\u00e9s ha\u00eftiennes \u00e0 travers l&#039;\u00e9ducation, la sant\u00e9, le sport, l&#039;environnement et la culture","potentialAction":[{"@type":"SearchAction","target":{"@type":"EntryPoint","urlTemplate":"https:\/\/fondationlgl.org\/?s={search_term_string}"},"query-input":{"@type":"PropertyValueSpecification","valueRequired":true,"valueName":"search_term_string"}}],"inLanguage":"en-US"}]}},"_links":{"self":[{"href":"https:\/\/fondationlgl.org\/en\/wp-json\/wp\/v2\/pages\/568","targetHints":{"allow":["GET"]}}],"collection":[{"href":"https:\/\/fondationlgl.org\/en\/wp-json\/wp\/v2\/pages"}],"about":[{"href":"https:\/\/fondationlgl.org\/en\/wp-json\/wp\/v2\/types\/page"}],"author":[{"embeddable":true,"href":"https:\/\/fondationlgl.org\/en\/wp-json\/wp\/v2\/users\/2"}],"replies":[{"embeddable":true,"href":"https:\/\/fondationlgl.org\/en\/wp-json\/wp\/v2\/comments?post=568"}],"version-history":[{"count":0,"href":"https:\/\/fondationlgl.org\/en\/wp-json\/wp\/v2\/pages\/568\/revisions"}],"wp:attachment":[{"href":"https:\/\/fondationlgl.org\/en\/wp-json\/wp\/v2\/media?parent=568"}],"curies":[{"name":"wp","href":"https:\/\/api.w.org\/{rel}","templated":true}]}}