{"id":513,"date":"2017-01-27T07:42:00","date_gmt":"2017-01-27T07:42:00","guid":{"rendered":"http:\/\/wp.goigi.biz\/fondationlglwp\/?page_id=513"},"modified":"2017-01-31T10:08:18","modified_gmt":"2017-01-31T10:08:18","slug":"konsenan-fondasyon-an-2","status":"publish","type":"page","link":"https:\/\/fondationlgl.org\/en\/konsenan-fondasyon-an-2\/","title":{"rendered":"Kons\u00e8nan fondasyon an"},"content":{"rendered":"<p>[vc_row full_width=\u00a0\u00bbstretch_row_content_no_spaces\u00a0\u00bb css=\u00a0\u00bb.vc_custom_1483090843603{padding-top: 40px !important;padding-bottom: 40px !important;background-image: url(http:\/\/wp.goigi.biz\/fondationlglwp\/wp-content\/uploads\/2016\/12\/newhome-slider1.jpg?id=204) !important;background-position: center !important;background-repeat: no-repeat !important;background-size: cover !important;}\u00a0\u00bb][vc_column][vc_column_text]<\/p>\n<h2 style=\"text-align: center;\"><span style=\"color: #ffffff;\">KONESANS <\/span><br \/>\n<span style=\"color: #ffffff;\">FOR SOCIAL <\/span><br \/>\n<span style=\"color: #ffffff;\">TRANSF\u00d2MASYON<\/span><\/h2>\n<p>[\/vc_column_text][\/vc_column][\/vc_row][vc_row][vc_column][vc_column_text]<\/p>\n<h3 class=\"module-title\" style=\"text-align: center;\">KI DIMANSYON SITWAYEN DR LOUIS G. LAMOTHE TE YE?<\/h3>\n<h4 style=\"text-align: center;\">Lavi ak ze\u0300v Dokt\u00e8 Louis G. Lamothe se yon be\u0300l temwayaj sou vale\u0300 fondamantal ki dwe gide sosyete nou an pou l ka vin pi be\u0300l. Gras a konba li mennen nan ze\u0300v li yo, kokenn entelektye\u0300l ayisyen sa a te vle pou Ayiti fe\u0300 pati entegral, an tout lejitimite, nan sen kominote Amerik Latin lan. Travay li yo se yon pledwari pou te fe\u0300 kominote ente\u0300nasyonal la dekouvri enpo\u0300tans bourad Ayiti te pote pou pe\u0300p Amerik Latin lan te jwenn libe\u0300te, endepandans ak souvere\u0300nte.<\/h4>\n<p>&nbsp;<\/p>\n<h4 style=\"text-align: center;\">Malgre se te peryo\u0300d kote Ayiti te fenk pran lendepandans li, pwisans kolonyal yo te izole l, mete l sou kote, kenbe l anotaj. Men je\u0300n nasyon sa a pat ezite konsanti de sakrifis pou defann ko\u0300z jis sa a pou te ride yo soti anba joug kolonyal. Pwoje\u0300 istorik sa a te rive posib gras a konbinezon ente\u0300lijans, pasyon, konesans, konviksyon enpi solidarite lakay pe\u0300p la.<\/h4>\n<p>&nbsp;<\/p>\n<h4 style=\"text-align: center;\">Nou jwenn mak fabrik dete\u0300minasyon pe\u0300p Ayisyen nan tout batay k ap rapousiv pou yon libe\u0300te total kapital, pou jistis sosyal ak pwosperite pou tout moun, blayi.<\/h4>\n<p>[\/vc_column_text][\/vc_column][\/vc_row][vc_row full_width=\u00a0\u00bbstretch_row_content_no_spaces\u00a0\u00bb equal_height=\u00a0\u00bbyes\u00a0\u00bb parallax=\u00a0\u00bbcontent-moving-fade\u00a0\u00bb parallax_image=\u00a0\u00bb96&Prime;][vc_column width=\u00a0\u00bb1\/6&Prime;][\/vc_column][vc_column width=\u00a0\u00bb2\/3&Prime;][vc_column_text]<\/p>\n<h3><span style=\"color: #ffffff;\">Dr Louis G. Lamothe f\u00e8t nan dat 11 Dawout 1926 <\/span><br \/>\n<span style=\"color: #ffffff;\">e pasaj li kite tras nan diferan dom\u00e8n, tankou esp\u00f2, <\/span><br \/>\n<span style=\"color: #ffffff;\">Ans\u00e8yman sipery\u00e8, ans\u00e8yman lang Espay\u00f2l ak <\/span><br \/>\n<span style=\"color: #ffffff;\">piblikasyon sou travay div\u00e8s gran pow\u00e8t latinoameriken <\/span><br \/>\n<span style=\"color: #ffffff;\">soti 1850 pou rive 1950.<\/span>[\/vc_column_text][\/vc_column][vc_column width=\u00a0\u00bb1\/6&Prime;][\/vc_column][\/vc_row][vc_row][vc_column][vc_column_text]<\/h3>\n<h4 style=\"text-align: center;\">Apr\u00e8 li te fin resevwa yon dipl\u00f2m nan literati Espay\u00f2l nan peyi Chili an Novanm 1952, li te konplete yon doktora nan literati nan Madrid nan lane 1956. K\u00f2m yon pwofes\u00e8 eksperimante, li te anseye lang mod\u00e8n nan INAGHEI (Enstiti Nasyonal Administrasyon, Jesyon ak Wot Etid Ent\u00e8nasyonal) soti 1974 pou rive 1983 enpi nan Fakite Etnoloji soti 1980 pou rive 1995.<\/h4>\n<h4 style=\"text-align: center;\"><\/h4>\n<p>&nbsp;<\/p>\n<h4 style=\"text-align: center;\">Li fonde Enstiti Lope de Vega nan lane 1962 et li dirije l jouk nan lane 1998. Se te fason pa l pou l te eksprime pasyon li te genyen pou kilti ispanik la enpi f\u00e8 pwomosyon pou Espay\u00f2l an Ayiti. Enstiti Lope De Vega p\u00e8m\u00e8t anpil j\u00e8n Kad Ayisyen jwenn op\u00f2tinite konekte ak Amerik latin enpi lEspay nan sa ki gen arevwa ak echanj kiltir\u00e8l ak l\u00f2t dom\u00e8n tou.<\/h4>\n<p>&nbsp;<\/p>\n<h4 style=\"text-align: center;\"><\/h4>\n<h4 style=\"text-align: center;\">An menm tan tou, li te pote yon kokenn kontribisyon nan f\u00e8 pwomosyon kilti ayisy\u00e8n pandan pasaj li k\u00f2m Konsil onor\u00e8 peyi LaBolivi ak Surinam an Ayiti. Li te rete Konsil onor\u00e8 peyi Suriname jouk 1999. Pandan kary\u00e8 li, li te resevwa plizy\u00e8 gwo distenksyon, pami yo:<\/h4>\n<h4 style=\"text-align: center;\">Caballero de la Orden de Isabel la Cat\u00f3lica (Madrid, Jiy\u00e8 1975)<\/h4>\n<p>&nbsp;<\/p>\n<h4 style=\"text-align: center;\">Honneur et M\u00e9rite de la Orden mexicana del derecho y de la cultura (Mexico, Me 1964)<\/h4>\n<p>[\/vc_column_text][vc_row_inner][vc_column_inner][vc_column_text]<\/p>\n<h3 class=\"module-title\" style=\"text-align: center;\">LI KITE YON ERITAJ TR\u00c8 RICH SOU TRAVAY LI TE PIBLIYE<\/h3>\n<h4 style=\"text-align: center;\">S\u00f2ti 1956 pou rive 1996, li pibliye pou pi piti 13 z\u00e8v pou te<br \/>\nankouraje aprantisaj Espay\u00f2l enpi f\u00e8 plizy\u00e8 jenerasyon k ap mounte dekouvri pi<br \/>\nbyen kilti literati Amerik Latin ak Espay\u00f2l:<\/h4>\n<p>[\/vc_column_text][\/vc_column_inner][\/vc_row_inner][\/vc_column][\/vc_row][vc_row full_width=\u00a0\u00bbstretch_row_content_no_spaces\u00a0\u00bb css=\u00a0\u00bb.vc_custom_1485853136808{background-color: #557288 !important;}\u00a0\u00bb][vc_column width=\u00a0\u00bb1\/6&Prime;][\/vc_column][vc_column width=\u00a0\u00bb2\/3&Prime;][vc_column_text]<\/p>\n<ul style=\"color: #fff; font-size: 20px; margin-left: 8%;\">\n<li style=\"text-align: left;\">Mon premier livre d&rsquo;espagnol (1956)<\/li>\n<li style=\"text-align: left;\">Gram\u00e1tica Espagnol (1957)<\/li>\n<li style=\"text-align: left;\">Recueil de versions et d&rsquo;exercices du Baccalaur\u00e9at (1960)<\/li>\n<li style=\"text-align: left;\">Hableme de Amado Nervo (1962 and revision in 1975)<\/li>\n<li style=\"text-align: left;\">B\u00e9cquer y la Poes\u00eda Espa\u00f1ola Contempor\u00e1nea, Ha\u00edti (1965)<\/li>\n<li style=\"text-align: left;\">Gu\u00eda Hisp\u00e1nica para los estudiantes de Ha\u00edti (Madrid, 1967)<\/li>\n<li style=\"text-align: left;\">Contribuci\u00f3n de Ha\u00edti al primer Natalicio de Rub\u00e9n Dario, Madrid (1967)<\/li>\n<li style=\"text-align: left;\">Gram\u00e1tica Catellana para el Uso de las Clases de 3e, 2e, 1e, Madrid (1967)<\/li>\n<li style=\"text-align: left;\">Textos Escogidos para e Bachillerato, Ha\u00edti (1971)<\/li>\n<li style=\"text-align: left;\">Alejandro Petion Ayuda al Libertador Simon Bolivar (1973)<\/li>\n<li style=\"text-align: left;\">Los mayores Poetas Latino Americanos de 1850 a 1950 (1983)<\/li>\n<li style=\"text-align: left;\">Cours sup\u00e9rieurs d\u2019espagnol. Pr\u00e9paration \u00e0 la licence (1996)<\/li>\n<li style=\"text-align: left;\">Novelistas contempor\u00e1neos de HispanoAm\u00e9rica<\/li>\n<\/ul>\n<p>[\/vc_column_text][\/vc_column][vc_column width=\u00a0\u00bb1\/6&Prime;][\/vc_column][\/vc_row][vc_row][vc_column][vc_column_text]<\/p>\n<h4 style=\"text-align: center;\">Dr Louis G. Lamothe te marye ak Ghislaine Fortuney e inyon sa a te akouche 2 pitit gason, Ruben ak Laurent Salvador.<\/h4>\n<p>&nbsp;<\/p>\n<h4 style=\"text-align: center;\">Li te transm\u00e8t tou 2 pitit gason l yo tout val\u00e8 li te kiltive nan lavi p\u00e8son\u00e8l li. Dr Louis G. Lamothe te yon foutbol\u00e8 pasyone e li te pote anpil kontribisyon nan devl\u00f2pman esp\u00f2 an Ayiti. Li te ankouraje tou 2 pitit li yo jwe Tenis. Dr Louis G. Lamothe mouri nan dat 19 Novanm 1999.<\/h4>\n<p>&nbsp;<\/p>\n<h4 style=\"text-align: center;\">Fondasyon Dr Louis G. Lamothe se yon inisyativ ki vle rann li omaj pou kokenn travay li yo ki dwe kontinye ankouraje yon sosyete san patipri boujonnen, nan t\u00e8t ansanm, an Ayiti .<\/h4>\n<p>[\/vc_column_text][\/vc_column][\/vc_row][vc_row css=\u00a0\u00bb.vc_custom_1485854248512{margin-bottom: 30px !important;border-bottom-width: 30px !important;background-color: #557288 !important;}\u00a0\u00bb][vc_column][vc_column_text]<\/p>\n<h4 style=\"text-align: center;\"><span style=\"color: #ffffff;\">M\u00e8si pou kontribisyon w koulye a la a men m si w vle ride nou gen yon enpak pi enp\u00f2tan<\/span><\/h4>\n<p>&nbsp;<\/p>\n<div class=\"links\" style=\"text-align: center;\"><a class=\"theme-btn btn-style-two\" href=\"http:\/\/wp.goigi.biz\/fondationlglwp\/donation\/\">M\u00e8si pou kontribisyon! <\/a><\/div>\n<p>[\/vc_column_text][\/vc_column][\/vc_row]<\/p>","protected":false},"excerpt":{"rendered":"<p>[vc_row full_width=\u00a0\u00bbstretch_row_content_no_spaces\u00a0\u00bb css=\u00a0\u00bb.vc_custom_1483090843603{padding-top: 40px !important;padding-bottom: 40px !important;background-image: url(http:\/\/wp.goigi.biz\/fondationlglwp\/wp-content\/uploads\/2016\/12\/newhome-slider1.jpg?id=204) !important;background-position: center !important;background-repeat: no-repeat !important;background-size: cover !important;}\u00a0\u00bb][vc_column][vc_column_text] KONESANS FOR SOCIAL TRANSF\u00d2MASYON [\/vc_column_text][\/vc_column][\/vc_row][vc_row][vc_column][vc_column_text] KI DIMANSYON SITWAYEN DR LOUIS G. LAMOTHE TE YE? Lavi ak ze\u0300v Dokt\u00e8 Louis G. Lamothe se yon be\u0300l temwayaj sou vale\u0300 fondamantal ki dwe gide sosyete nou an pou l ka vin pi be\u0300l. [&hellip;]<\/p>","protected":false},"author":2,"featured_media":0,"parent":0,"menu_order":0,"comment_status":"closed","ping_status":"closed","template":"","meta":{"_acf_changed":false,"footnotes":""},"class_list":["post-513","page","type-page","status-publish","hentry"],"acf":[],"yoast_head":"<!-- This site is optimized with the Yoast SEO plugin v24.7 - https:\/\/yoast.com\/wordpress\/plugins\/seo\/ -->\n<title>Kons\u00e8nan fondasyon an - &quot;Fondation Louis et Gizou Lamothe : Construire des Villages Intelligents en Ha\u00efti<\/title>\n<meta name=\"robots\" content=\"index, follow, max-snippet:-1, max-image-preview:large, max-video-preview:-1\" \/>\n<link rel=\"canonical\" href=\"https:\/\/fondationlgl.org\/en\/konsenan-fondasyon-an-2\/\" \/>\n<meta property=\"og:locale\" content=\"en_US\" \/>\n<meta property=\"og:type\" content=\"article\" \/>\n<meta property=\"og:title\" content=\"Kons\u00e8nan fondasyon an - &quot;Fondation Louis et Gizou Lamothe : Construire des Villages Intelligents en Ha\u00efti\" \/>\n<meta property=\"og:description\" content=\"[vc_row full_width=\u00a0\u00bbstretch_row_content_no_spaces\u00a0\u00bb css=\u00a0\u00bb.vc_custom_1483090843603{padding-top: 40px !important;padding-bottom: 40px !important;background-image: url(http:\/\/wp.goigi.biz\/fondationlglwp\/wp-content\/uploads\/2016\/12\/newhome-slider1.jpg?id=204) !important;background-position: center !important;background-repeat: no-repeat !important;background-size: cover !important;}\u00a0\u00bb][vc_column][vc_column_text] KONESANS FOR SOCIAL TRANSF\u00d2MASYON [\/vc_column_text][\/vc_column][\/vc_row][vc_row][vc_column][vc_column_text] KI DIMANSYON SITWAYEN DR LOUIS G. LAMOTHE TE YE? Lavi ak ze\u0300v Dokt\u00e8 Louis G. Lamothe se yon be\u0300l temwayaj sou vale\u0300 fondamantal ki dwe gide sosyete nou an pou l ka vin pi be\u0300l. [&hellip;]\" \/>\n<meta property=\"og:url\" content=\"https:\/\/fondationlgl.org\/en\/konsenan-fondasyon-an-2\/\" \/>\n<meta property=\"og:site_name\" content=\"&quot;Fondation Louis et Gizou Lamothe : Construire des Villages Intelligents en Ha\u00efti\" \/>\n<meta property=\"article:modified_time\" content=\"2017-01-31T10:08:18+00:00\" \/>\n<meta name=\"twitter:card\" content=\"summary_large_image\" \/>\n<meta name=\"twitter:label1\" content=\"Est. reading time\" \/>\n\t<meta name=\"twitter:data1\" content=\"5 minutes\" \/>\n<script type=\"application\/ld+json\" class=\"yoast-schema-graph\">{\"@context\":\"https:\/\/schema.org\",\"@graph\":[{\"@type\":\"WebPage\",\"@id\":\"https:\/\/fondationlgl.org\/konsenan-fondasyon-an-2\/\",\"url\":\"https:\/\/fondationlgl.org\/konsenan-fondasyon-an-2\/\",\"name\":\"Kons\u00e8nan fondasyon an - &quot;Fondation Louis et Gizou Lamothe : Construire des Villages Intelligents en Ha\u00efti\",\"isPartOf\":{\"@id\":\"https:\/\/fondationlgl.org\/#website\"},\"datePublished\":\"2017-01-27T07:42:00+00:00\",\"dateModified\":\"2017-01-31T10:08:18+00:00\",\"breadcrumb\":{\"@id\":\"https:\/\/fondationlgl.org\/konsenan-fondasyon-an-2\/#breadcrumb\"},\"inLanguage\":\"en-US\",\"potentialAction\":[{\"@type\":\"ReadAction\",\"target\":[\"https:\/\/fondationlgl.org\/konsenan-fondasyon-an-2\/\"]}]},{\"@type\":\"BreadcrumbList\",\"@id\":\"https:\/\/fondationlgl.org\/konsenan-fondasyon-an-2\/#breadcrumb\",\"itemListElement\":[{\"@type\":\"ListItem\",\"position\":1,\"name\":\"Home\",\"item\":\"https:\/\/fondationlgl.org\/\"},{\"@type\":\"ListItem\",\"position\":2,\"name\":\"Kons\u00e8nan fondasyon an\"}]},{\"@type\":\"WebSite\",\"@id\":\"https:\/\/fondationlgl.org\/#website\",\"url\":\"https:\/\/fondationlgl.org\/\",\"name\":\"&quot;Fondation Louis et Gizou Lamothe : Construire des Villages Intelligents en Ha\u00efti\",\"description\":\"Renforcer les communaut\u00e9s ha\u00eftiennes \u00e0 travers l&#039;\u00e9ducation, la sant\u00e9, le sport, l&#039;environnement et la culture\",\"potentialAction\":[{\"@type\":\"SearchAction\",\"target\":{\"@type\":\"EntryPoint\",\"urlTemplate\":\"https:\/\/fondationlgl.org\/?s={search_term_string}\"},\"query-input\":{\"@type\":\"PropertyValueSpecification\",\"valueRequired\":true,\"valueName\":\"search_term_string\"}}],\"inLanguage\":\"en-US\"}]}<\/script>\n<!-- \/ Yoast SEO plugin. -->","yoast_head_json":{"title":"Kons\u00e8nan fondasyon an - &quot;Fondation Louis et Gizou Lamothe : Construire des Villages Intelligents en Ha\u00efti","robots":{"index":"index","follow":"follow","max-snippet":"max-snippet:-1","max-image-preview":"max-image-preview:large","max-video-preview":"max-video-preview:-1"},"canonical":"https:\/\/fondationlgl.org\/en\/konsenan-fondasyon-an-2\/","og_locale":"en_US","og_type":"article","og_title":"Kons\u00e8nan fondasyon an - &quot;Fondation Louis et Gizou Lamothe : Construire des Villages Intelligents en Ha\u00efti","og_description":"[vc_row full_width=\u00a0\u00bbstretch_row_content_no_spaces\u00a0\u00bb css=\u00a0\u00bb.vc_custom_1483090843603{padding-top: 40px !important;padding-bottom: 40px !important;background-image: url(http:\/\/wp.goigi.biz\/fondationlglwp\/wp-content\/uploads\/2016\/12\/newhome-slider1.jpg?id=204) !important;background-position: center !important;background-repeat: no-repeat !important;background-size: cover !important;}\u00a0\u00bb][vc_column][vc_column_text] KONESANS FOR SOCIAL TRANSF\u00d2MASYON [\/vc_column_text][\/vc_column][\/vc_row][vc_row][vc_column][vc_column_text] KI DIMANSYON SITWAYEN DR LOUIS G. LAMOTHE TE YE? Lavi ak ze\u0300v Dokt\u00e8 Louis G. Lamothe se yon be\u0300l temwayaj sou vale\u0300 fondamantal ki dwe gide sosyete nou an pou l ka vin pi be\u0300l. [&hellip;]","og_url":"https:\/\/fondationlgl.org\/en\/konsenan-fondasyon-an-2\/","og_site_name":"&quot;Fondation Louis et Gizou Lamothe : Construire des Villages Intelligents en Ha\u00efti","article_modified_time":"2017-01-31T10:08:18+00:00","twitter_card":"summary_large_image","twitter_misc":{"Est. reading time":"5 minutes"},"schema":{"@context":"https:\/\/schema.org","@graph":[{"@type":"WebPage","@id":"https:\/\/fondationlgl.org\/konsenan-fondasyon-an-2\/","url":"https:\/\/fondationlgl.org\/konsenan-fondasyon-an-2\/","name":"Kons\u00e8nan fondasyon an - &quot;Fondation Louis et Gizou Lamothe : Construire des Villages Intelligents en Ha\u00efti","isPartOf":{"@id":"https:\/\/fondationlgl.org\/#website"},"datePublished":"2017-01-27T07:42:00+00:00","dateModified":"2017-01-31T10:08:18+00:00","breadcrumb":{"@id":"https:\/\/fondationlgl.org\/konsenan-fondasyon-an-2\/#breadcrumb"},"inLanguage":"en-US","potentialAction":[{"@type":"ReadAction","target":["https:\/\/fondationlgl.org\/konsenan-fondasyon-an-2\/"]}]},{"@type":"BreadcrumbList","@id":"https:\/\/fondationlgl.org\/konsenan-fondasyon-an-2\/#breadcrumb","itemListElement":[{"@type":"ListItem","position":1,"name":"Home","item":"https:\/\/fondationlgl.org\/"},{"@type":"ListItem","position":2,"name":"Kons\u00e8nan fondasyon an"}]},{"@type":"WebSite","@id":"https:\/\/fondationlgl.org\/#website","url":"https:\/\/fondationlgl.org\/","name":"&quot;Fondation Louis et Gizou Lamothe : Construire des Villages Intelligents en Ha\u00efti","description":"Renforcer les communaut\u00e9s ha\u00eftiennes \u00e0 travers l&#039;\u00e9ducation, la sant\u00e9, le sport, l&#039;environnement et la culture","potentialAction":[{"@type":"SearchAction","target":{"@type":"EntryPoint","urlTemplate":"https:\/\/fondationlgl.org\/?s={search_term_string}"},"query-input":{"@type":"PropertyValueSpecification","valueRequired":true,"valueName":"search_term_string"}}],"inLanguage":"en-US"}]}},"_links":{"self":[{"href":"https:\/\/fondationlgl.org\/en\/wp-json\/wp\/v2\/pages\/513","targetHints":{"allow":["GET"]}}],"collection":[{"href":"https:\/\/fondationlgl.org\/en\/wp-json\/wp\/v2\/pages"}],"about":[{"href":"https:\/\/fondationlgl.org\/en\/wp-json\/wp\/v2\/types\/page"}],"author":[{"embeddable":true,"href":"https:\/\/fondationlgl.org\/en\/wp-json\/wp\/v2\/users\/2"}],"replies":[{"embeddable":true,"href":"https:\/\/fondationlgl.org\/en\/wp-json\/wp\/v2\/comments?post=513"}],"version-history":[{"count":0,"href":"https:\/\/fondationlgl.org\/en\/wp-json\/wp\/v2\/pages\/513\/revisions"}],"wp:attachment":[{"href":"https:\/\/fondationlgl.org\/en\/wp-json\/wp\/v2\/media?parent=513"}],"curies":[{"name":"wp","href":"https:\/\/api.w.org\/{rel}","templated":true}]}}