{"id":459,"date":"2017-01-27T06:15:51","date_gmt":"2017-01-27T06:15:51","guid":{"rendered":"http:\/\/wp.goigi.biz\/fondationlglwp\/?page_id=459"},"modified":"2017-03-03T14:28:45","modified_gmt":"2017-03-03T14:28:45","slug":"lire","status":"publish","type":"page","link":"https:\/\/fondationlgl.org\/en\/lire\/","title":{"rendered":"Lire"},"content":{"rendered":"<p>[vc_row full_width=\u00a0\u00bbstretch_row_content_no_spaces\u00a0\u00bb][vc_column][vc_column_text]<div style=\"display: none;\" class=\"crellyslider-slider crellyslider-slider-full-width crellyslider-slider-read crellyslider-5\" id=\"crellyslider-5\">\n<ul>\n<li\nstyle=\"background-color: transparent;background-image: url('https:\/\/fondationlgl.org\/wp-content\/uploads\/2017\/02\/Education_Haiti_LL.jpg');background-position: center center;background-repeat: no-repeat;background-size: cover;\"\ndata-in=\"fade\"\ndata-ease-in=\"300\"\ndata-out=\"fade\"\ndata-ease-out=\"300\"\ndata-time=\"3000\"\n>\n<\/li>\n<li\nstyle=\"background-color: transparent;background-image: url('https:\/\/fondationlgl.org\/wp-content\/uploads\/2017\/02\/Education_Haiti_LL.jpg');background-position: center center;background-repeat: no-repeat;background-size: cover;\"\ndata-in=\"fade\"\ndata-ease-in=\"300\"\ndata-out=\"fade\"\ndata-ease-out=\"300\"\ndata-time=\"3000\"\n>\n<\/li>\n<li\nstyle=\"background-color: transparent;background-image: url('https:\/\/fondationlgl.org\/wp-content\/uploads\/2017\/02\/Education_Haiti_LL.jpg');background-position: center center;background-repeat: no-repeat;background-size: cover;\"\ndata-in=\"fade\"\ndata-ease-in=\"300\"\ndata-out=\"fade\"\ndata-ease-out=\"300\"\ndata-time=\"3000\"\n>\n<\/li>\n<\/ul>\n<\/div>\n<script type=\"text\/javascript\">\n(function($) {\n$(document).ready(function() {\n$(\"#crellyslider-5\").crellySlider({\nlayout: 'full-width',\nresponsive: 1,\nstartWidth: 1140,\nstartHeight: 450,\nautomaticSlide: 1,\nshowControls: 1,\nshowNavigation: 1,\nenableSwipe: 1,\nshowProgressBar: 1,\npauseOnHover: 1,\nrandomOrder: 0,\nstartFromSlide: 0,\nbeforeStart : function() {},\nbeforeSetResponsive : function() {},\nbeforeSlideStart : function() {},\nbeforePause\t: function() {},\nbeforeResume : function() {},\n});\n});\n})(jQuery);\n<\/script>\n [\/vc_column_text][\/vc_column][\/vc_row]<br \/>\n[vc_row][vc_column][vc_column_text]<\/p>\n<h3 class=\"module-title\" style=\"text-align: center;\">HANDS OF THE PRIME MINISTER<\/h3>\n<p>&nbsp;<\/p>\n<div class=\"module-ct\">\n<div class=\"custom mod-header center-align\">\n<p style=\"text-align: center;\">Un nouveau livre, richement illustr\u00e9 de photographies, met en \u00e9vidence le parcours et les d\u00e9fis v\u00e9cus par Laurent Salvador Lamothe en tant qu\u2019ancien Premier Ministre d&rsquo;Ha\u00efti. Ce livre, qui comprend une pr\u00e9face par Sean Penn, ainsi qu&rsquo;une introduction par le photojournaliste Phillip Holsinger, a \u00e9t\u00e9 publi\u00e9 en quatre langues : l\u2019anglais, le cr\u00e9ole, le fran\u00e7ais et l\u2019espagnol. Les photographies \u00e9mouvantes saisissent la passion et la compassion de Laurent Lamothe pour le peuple ha\u00eftien.<\/p>\n<\/div>\n<\/div>\n<p>[\/vc_column_text][vc_row_inner][vc_column_inner width=\u00a0\u00bb1\/3&Prime;][vc_column_text]<img decoding=\"async\" class=\"aligncenter\" src=\"http:\/\/www.fondationlgl.com\/images\/Laurent_Lamothe_PM_Haiti.jpg\" alt=\"Lamothe in Haiti\" \/>[\/vc_column_text][\/vc_column_inner][vc_column_inner width=\u00a0\u00bb1\/3&Prime;][vc_column_text]<img decoding=\"async\" class=\"aligncenter\" src=\"http:\/\/www.fondationlgl.com\/images\/PM_Laurent_lamothe.jpg\" alt=\"PM Laurent Lamothe\" \/>[\/vc_column_text][\/vc_column_inner][vc_column_inner width=\u00a0\u00bb1\/3&Prime;][vc_column_text]<img decoding=\"async\" class=\"aligncenter\" src=\"http:\/\/www.fondationlgl.com\/images\/Orphans_Haiti.jpg\" alt=\"Orphans in Haiti\" \/>[\/vc_column_text][\/vc_column_inner][\/vc_row_inner][\/vc_column][\/vc_row][vc_row][vc_column][vc_column_text]<\/p>\n<h4 style=\"text-align: center;\">Le livre fait le bilan de deux ans pass\u00e9s en Ha\u00efti \u00e0 observer son d\u00e9veloppement : les \u00e9coles, les stades, les h\u00f4pitaux, les routes, les ponts, les programmes sociaux, les travaux de protection contre les inondations, les nouveaux march\u00e9s municipaux propres et les nombreux visages de la population d&rsquo;Ha\u00efti.<\/h4>\n<p>[\/vc_column_text][\/vc_column][\/vc_row][vc_row][vc_column width=\u00a0\u00bb1\/3&Prime;][vc_column_text]<img decoding=\"async\" class=\"aligncenter\" src=\"http:\/\/www.fondationlgl.com\/images\/Haiti_LL.jpg\" alt=\"Working in Haiti\" \/>[\/vc_column_text][\/vc_column][vc_column width=\u00a0\u00bb1\/3&Prime;][vc_column_text]<img decoding=\"async\" class=\"aligncenter\" src=\"http:\/\/www.fondationlgl.com\/images\/Development_Haiti_Lamothe.png\" alt=\"Developing Haiti after Hurricane Matthew\" \/>[\/vc_column_text][\/vc_column][vc_column width=\u00a0\u00bb1\/3&Prime;][vc_column_text]<img decoding=\"async\" class=\"aligncenter\" src=\"http:\/\/www.fondationlgl.com\/images\/Lamothe_PM_Haiti.jpg\" alt=\"Lamothe in Haiti\" \/>[\/vc_column_text][\/vc_column][\/vc_row][vc_row][vc_column][vc_column_text]<\/p>\n<h2 style=\"text-align: center;\">APPROFONDIR L\u2019\u00c9DUCATION ET LE PROGRAMME DE SCOLARISATION UNIVERSELLE, GRATUITE ET OBLIGATOIRE (PSUGO)<\/h2>\n<p style=\"text-align: center;\">Selon une estimation du minist\u00e8re ha\u00eftien de l&rsquo;\u00e9ducation, 43 992 \u00e9coles ont \u00e9t\u00e9 touch\u00e9es par le tremblement de terre, dont 23% ont \u00e9t\u00e9 soit endommag\u00e9es, soit compl\u00e8tement d\u00e9truites. Lamothe et son gouvernement se sont rendu compte qu\u2019il fallait identifier de nouvelles sources de revenus gr\u00e2ce aux m\u00e9canismes de financement innovant, notamment pour l&rsquo;\u00e9ducation. On a examin\u00e9 toutes les sources de revenus disponibles en Ha\u00efti et on a ensuite rapidement mis en \u0153uvre une micro-contribution sur tous les transferts d&rsquo;argent effectu\u00e9s par les millions ha\u00eftiens vivant \u00e0 l&rsquo;\u00e9tranger (la diaspora) \u00e0 destination du pays. Cette micro-contribution, combin\u00e9e avec celle qui est pr\u00e9lev\u00e9e sur les appels t\u00e9l\u00e9phoniques internationaux entrant dans le pays, a permis de financer le programme \u00e9ducatif gratuit le plus compr\u00e9hensive que le pays ait jamais connu.<\/p>\n<p>[\/vc_column_text][vc_row_inner][vc_column_inner width=\u00a0\u00bb1\/3&Prime;][vc_column_text]<img fetchpriority=\"high\" decoding=\"async\" class=\"alignnone size-large wp-image-555\" src=\"http:\/\/test.fondationlgl.org\/wp-content\/uploads\/2017\/02\/2.jpg\" alt=\"\" width=\"1024\" height=\"681\" \/>[\/vc_column_text][\/vc_column_inner][vc_column_inner width=\u00a0\u00bb1\/3&Prime;][vc_column_text]<img decoding=\"async\" class=\"alignnone size-large wp-image-556\" src=\"http:\/\/test.fondationlgl.org\/wp-content\/uploads\/2017\/02\/1.png\" alt=\"\" width=\"1024\" height=\"680\" \/>[\/vc_column_text][\/vc_column_inner][vc_column_inner width=\u00a0\u00bb1\/3&Prime;][vc_column_text]<img decoding=\"async\" class=\"alignnone size-large wp-image-557\" src=\"http:\/\/test.fondationlgl.org\/wp-content\/uploads\/2017\/02\/3.jpg\" alt=\"\" width=\"1024\" height=\"681\" \/>[\/vc_column_text][\/vc_column_inner][\/vc_row_inner][\/vc_column][\/vc_row][vc_row][vc_column][vc_column_text]<\/p>\n<p style=\"text-align: center;\"><strong>Le Programme de scolarisation universelle, gratuite et obligatoire (PSUGO) est n\u00e9.<\/strong><\/p>\n<p style=\"text-align: center;\">Soixante-douze \u00e9coles ont \u00e9t\u00e9 construites et 1,4 million d&rsquo;enfants ont pu recevoir une \u00e9ducation gratuite et de qualit\u00e9. Dans certains cas, les enfants sans-abri ont \u00e9t\u00e9 log\u00e9s dans des pensionnats et la fr\u00e9quentation scolaire au niveau \u00e9l\u00e9mentaire a augment\u00e9 de 55% \u00e0 90%.<\/p>\n<p>[\/vc_column_text][vc_row_inner][vc_column_inner width=\u00a0\u00bb1\/3&Prime;][vc_column_text]<img loading=\"lazy\" decoding=\"async\" class=\"alignnone size-large wp-image-561\" src=\"http:\/\/test.fondationlgl.org\/wp-content\/uploads\/2017\/02\/4-1024x681.jpg\" alt=\"\" width=\"1024\" height=\"681\" \/>[\/vc_column_text][\/vc_column_inner][vc_column_inner width=\u00a0\u00bb1\/3&Prime;][vc_column_text]<img loading=\"lazy\" decoding=\"async\" class=\"alignnone size-large wp-image-562\" src=\"http:\/\/test.fondationlgl.org\/wp-content\/uploads\/2017\/02\/11-1024x681.jpg\" alt=\"\" width=\"1024\" height=\"681\" \/>[\/vc_column_text][\/vc_column_inner][vc_column_inner width=\u00a0\u00bb1\/3&Prime;][vc_column_text]<img loading=\"lazy\" decoding=\"async\" class=\"alignnone size-large wp-image-563\" src=\"http:\/\/test.fondationlgl.org\/wp-content\/uploads\/2017\/02\/9k-1-1024x681.jpg\" alt=\"\" width=\"1024\" height=\"681\" \/>[\/vc_column_text][\/vc_column_inner][\/vc_row_inner][\/vc_column][\/vc_row][vc_row][vc_column][vc_column_text]Le PSUGO est venu en aide aux \u00e9l\u00e8ves qui soit n\u2019avaient jamais eu l&rsquo;opportunit\u00e9 d&rsquo;aller \u00e0 l&rsquo;\u00e9cole, soit avaient perdu leur \u00e9cole dans le tremblement de terre. \u00c9tant donn\u00e9 que le droit \u00e0 l&rsquo;\u00e9ducation est stipul\u00e9 dans la Constitution d&rsquo;Ha\u00efti, l\u2019id\u00e9e \u00e9tait d&rsquo;offrir une \u00e9ducation \u00e0 tous, mais en particulier aux personnes d\u00e9favoris\u00e9es. Le PSUGO \u00e9tait un moyen d\u2019all\u00e9ger le fardeau des frais de scolarit\u00e9 pesant sur les parents dont le niveau de vie avait \u00e9t\u00e9 r\u00e9duit \u00e0 l&rsquo;extr\u00eame pauvret\u00e9 \u00e0 cause du tremblement de terre. Le repas gratuit offert aux enfants \u00e0 l&rsquo;\u00e9cole \u00e9tait \u00e9galement un moyen d&rsquo;aider les familles et de diminuer la pauvret\u00e9.<\/p>\n<p>&nbsp;<\/p>\n<p>Le programme PSUGO \u00e9tait un rayon d&rsquo;espoir pour les survivants. Le gouvernement a apport\u00e9 son aide \u00e0 la population ha\u00eftienne dans une p\u00e9riode de destruction et de grand besoin, alors qu\u2019elle ne disposait pas des ressources n\u00e9cessaires pour se prendre en charge.[\/vc_column_text][\/vc_column][\/vc_row]<\/p>","protected":false},"excerpt":{"rendered":"<p>[vc_row full_width=\u00a0\u00bbstretch_row_content_no_spaces\u00a0\u00bb][vc_column][vc_column_text] [\/vc_column_text][\/vc_column][\/vc_row] [vc_row][vc_column][vc_column_text] HANDS OF THE PRIME MINISTER &nbsp; Un nouveau livre, richement illustr\u00e9 de photographies, met en \u00e9vidence le parcours et les d\u00e9fis v\u00e9cus par Laurent Salvador Lamothe en tant qu\u2019ancien Premier Ministre d&rsquo;Ha\u00efti. Ce livre, qui comprend une pr\u00e9face par Sean Penn, ainsi qu&rsquo;une introduction par le photojournaliste Phillip Holsinger, a \u00e9t\u00e9 [&hellip;]<\/p>","protected":false},"author":2,"featured_media":0,"parent":0,"menu_order":0,"comment_status":"closed","ping_status":"closed","template":"","meta":{"_acf_changed":false,"footnotes":""},"class_list":["post-459","page","type-page","status-publish","hentry"],"acf":[],"yoast_head":"<!-- This site is optimized with the Yoast SEO plugin v24.7 - https:\/\/yoast.com\/wordpress\/plugins\/seo\/ -->\n<title>Lire - &quot;Fondation Louis et Gizou Lamothe : Construire des Villages Intelligents en Ha\u00efti<\/title>\n<meta name=\"robots\" content=\"index, follow, max-snippet:-1, max-image-preview:large, max-video-preview:-1\" \/>\n<link rel=\"canonical\" href=\"https:\/\/fondationlgl.org\/en\/lire\/\" \/>\n<meta property=\"og:locale\" content=\"en_US\" \/>\n<meta property=\"og:type\" content=\"article\" \/>\n<meta property=\"og:title\" content=\"Lire - &quot;Fondation Louis et Gizou Lamothe : Construire des Villages Intelligents en Ha\u00efti\" \/>\n<meta property=\"og:description\" content=\"[vc_row full_width=\u00a0\u00bbstretch_row_content_no_spaces\u00a0\u00bb][vc_column][vc_column_text] [\/vc_column_text][\/vc_column][\/vc_row] [vc_row][vc_column][vc_column_text] HANDS OF THE PRIME MINISTER &nbsp; Un nouveau livre, richement illustr\u00e9 de photographies, met en \u00e9vidence le parcours et les d\u00e9fis v\u00e9cus par Laurent Salvador Lamothe en tant qu\u2019ancien Premier Ministre d&rsquo;Ha\u00efti. Ce livre, qui comprend une pr\u00e9face par Sean Penn, ainsi qu&rsquo;une introduction par le photojournaliste Phillip Holsinger, a \u00e9t\u00e9 [&hellip;]\" \/>\n<meta property=\"og:url\" content=\"https:\/\/fondationlgl.org\/en\/lire\/\" \/>\n<meta property=\"og:site_name\" content=\"&quot;Fondation Louis et Gizou Lamothe : Construire des Villages Intelligents en Ha\u00efti\" \/>\n<meta property=\"article:modified_time\" content=\"2017-03-03T14:28:45+00:00\" \/>\n<meta property=\"og:image\" content=\"http:\/\/www.fondationlgl.com\/images\/Laurent_Lamothe_PM_Haiti.jpg\" \/>\n<meta name=\"twitter:card\" content=\"summary_large_image\" \/>\n<meta name=\"twitter:label1\" content=\"Est. reading time\" \/>\n\t<meta name=\"twitter:data1\" content=\"4 minutes\" \/>\n<script type=\"application\/ld+json\" class=\"yoast-schema-graph\">{\"@context\":\"https:\/\/schema.org\",\"@graph\":[{\"@type\":\"WebPage\",\"@id\":\"https:\/\/fondationlgl.org\/lire\/\",\"url\":\"https:\/\/fondationlgl.org\/lire\/\",\"name\":\"Lire - &quot;Fondation Louis et Gizou Lamothe : Construire des Villages Intelligents en Ha\u00efti\",\"isPartOf\":{\"@id\":\"https:\/\/fondationlgl.org\/#website\"},\"primaryImageOfPage\":{\"@id\":\"https:\/\/fondationlgl.org\/lire\/#primaryimage\"},\"image\":{\"@id\":\"https:\/\/fondationlgl.org\/lire\/#primaryimage\"},\"thumbnailUrl\":\"http:\/\/www.fondationlgl.com\/images\/Laurent_Lamothe_PM_Haiti.jpg\",\"datePublished\":\"2017-01-27T06:15:51+00:00\",\"dateModified\":\"2017-03-03T14:28:45+00:00\",\"breadcrumb\":{\"@id\":\"https:\/\/fondationlgl.org\/lire\/#breadcrumb\"},\"inLanguage\":\"en-US\",\"potentialAction\":[{\"@type\":\"ReadAction\",\"target\":[\"https:\/\/fondationlgl.org\/lire\/\"]}]},{\"@type\":\"ImageObject\",\"inLanguage\":\"en-US\",\"@id\":\"https:\/\/fondationlgl.org\/lire\/#primaryimage\",\"url\":\"http:\/\/www.fondationlgl.com\/images\/Laurent_Lamothe_PM_Haiti.jpg\",\"contentUrl\":\"http:\/\/www.fondationlgl.com\/images\/Laurent_Lamothe_PM_Haiti.jpg\"},{\"@type\":\"BreadcrumbList\",\"@id\":\"https:\/\/fondationlgl.org\/lire\/#breadcrumb\",\"itemListElement\":[{\"@type\":\"ListItem\",\"position\":1,\"name\":\"Home\",\"item\":\"https:\/\/fondationlgl.org\/\"},{\"@type\":\"ListItem\",\"position\":2,\"name\":\"Lire\"}]},{\"@type\":\"WebSite\",\"@id\":\"https:\/\/fondationlgl.org\/#website\",\"url\":\"https:\/\/fondationlgl.org\/\",\"name\":\"&quot;Fondation Louis et Gizou Lamothe : Construire des Villages Intelligents en Ha\u00efti\",\"description\":\"Renforcer les communaut\u00e9s ha\u00eftiennes \u00e0 travers l&#039;\u00e9ducation, la sant\u00e9, le sport, l&#039;environnement et la culture\",\"potentialAction\":[{\"@type\":\"SearchAction\",\"target\":{\"@type\":\"EntryPoint\",\"urlTemplate\":\"https:\/\/fondationlgl.org\/?s={search_term_string}\"},\"query-input\":{\"@type\":\"PropertyValueSpecification\",\"valueRequired\":true,\"valueName\":\"search_term_string\"}}],\"inLanguage\":\"en-US\"}]}<\/script>\n<!-- \/ Yoast SEO plugin. -->","yoast_head_json":{"title":"Lire - &quot;Fondation Louis et Gizou Lamothe : Construire des Villages Intelligents en Ha\u00efti","robots":{"index":"index","follow":"follow","max-snippet":"max-snippet:-1","max-image-preview":"max-image-preview:large","max-video-preview":"max-video-preview:-1"},"canonical":"https:\/\/fondationlgl.org\/en\/lire\/","og_locale":"en_US","og_type":"article","og_title":"Lire - &quot;Fondation Louis et Gizou Lamothe : Construire des Villages Intelligents en Ha\u00efti","og_description":"[vc_row full_width=\u00a0\u00bbstretch_row_content_no_spaces\u00a0\u00bb][vc_column][vc_column_text] [\/vc_column_text][\/vc_column][\/vc_row] [vc_row][vc_column][vc_column_text] HANDS OF THE PRIME MINISTER &nbsp; Un nouveau livre, richement illustr\u00e9 de photographies, met en \u00e9vidence le parcours et les d\u00e9fis v\u00e9cus par Laurent Salvador Lamothe en tant qu\u2019ancien Premier Ministre d&rsquo;Ha\u00efti. Ce livre, qui comprend une pr\u00e9face par Sean Penn, ainsi qu&rsquo;une introduction par le photojournaliste Phillip Holsinger, a \u00e9t\u00e9 [&hellip;]","og_url":"https:\/\/fondationlgl.org\/en\/lire\/","og_site_name":"&quot;Fondation Louis et Gizou Lamothe : Construire des Villages Intelligents en Ha\u00efti","article_modified_time":"2017-03-03T14:28:45+00:00","og_image":[{"url":"http:\/\/www.fondationlgl.com\/images\/Laurent_Lamothe_PM_Haiti.jpg","type":"","width":"","height":""}],"twitter_card":"summary_large_image","twitter_misc":{"Est. reading time":"4 minutes"},"schema":{"@context":"https:\/\/schema.org","@graph":[{"@type":"WebPage","@id":"https:\/\/fondationlgl.org\/lire\/","url":"https:\/\/fondationlgl.org\/lire\/","name":"Lire - &quot;Fondation Louis et Gizou Lamothe : Construire des Villages Intelligents en Ha\u00efti","isPartOf":{"@id":"https:\/\/fondationlgl.org\/#website"},"primaryImageOfPage":{"@id":"https:\/\/fondationlgl.org\/lire\/#primaryimage"},"image":{"@id":"https:\/\/fondationlgl.org\/lire\/#primaryimage"},"thumbnailUrl":"http:\/\/www.fondationlgl.com\/images\/Laurent_Lamothe_PM_Haiti.jpg","datePublished":"2017-01-27T06:15:51+00:00","dateModified":"2017-03-03T14:28:45+00:00","breadcrumb":{"@id":"https:\/\/fondationlgl.org\/lire\/#breadcrumb"},"inLanguage":"en-US","potentialAction":[{"@type":"ReadAction","target":["https:\/\/fondationlgl.org\/lire\/"]}]},{"@type":"ImageObject","inLanguage":"en-US","@id":"https:\/\/fondationlgl.org\/lire\/#primaryimage","url":"http:\/\/www.fondationlgl.com\/images\/Laurent_Lamothe_PM_Haiti.jpg","contentUrl":"http:\/\/www.fondationlgl.com\/images\/Laurent_Lamothe_PM_Haiti.jpg"},{"@type":"BreadcrumbList","@id":"https:\/\/fondationlgl.org\/lire\/#breadcrumb","itemListElement":[{"@type":"ListItem","position":1,"name":"Home","item":"https:\/\/fondationlgl.org\/"},{"@type":"ListItem","position":2,"name":"Lire"}]},{"@type":"WebSite","@id":"https:\/\/fondationlgl.org\/#website","url":"https:\/\/fondationlgl.org\/","name":"&quot;Fondation Louis et Gizou Lamothe : Construire des Villages Intelligents en Ha\u00efti","description":"Renforcer les communaut\u00e9s ha\u00eftiennes \u00e0 travers l&#039;\u00e9ducation, la sant\u00e9, le sport, l&#039;environnement et la culture","potentialAction":[{"@type":"SearchAction","target":{"@type":"EntryPoint","urlTemplate":"https:\/\/fondationlgl.org\/?s={search_term_string}"},"query-input":{"@type":"PropertyValueSpecification","valueRequired":true,"valueName":"search_term_string"}}],"inLanguage":"en-US"}]}},"_links":{"self":[{"href":"https:\/\/fondationlgl.org\/en\/wp-json\/wp\/v2\/pages\/459","targetHints":{"allow":["GET"]}}],"collection":[{"href":"https:\/\/fondationlgl.org\/en\/wp-json\/wp\/v2\/pages"}],"about":[{"href":"https:\/\/fondationlgl.org\/en\/wp-json\/wp\/v2\/types\/page"}],"author":[{"embeddable":true,"href":"https:\/\/fondationlgl.org\/en\/wp-json\/wp\/v2\/users\/2"}],"replies":[{"embeddable":true,"href":"https:\/\/fondationlgl.org\/en\/wp-json\/wp\/v2\/comments?post=459"}],"version-history":[{"count":0,"href":"https:\/\/fondationlgl.org\/en\/wp-json\/wp\/v2\/pages\/459\/revisions"}],"wp:attachment":[{"href":"https:\/\/fondationlgl.org\/en\/wp-json\/wp\/v2\/media?parent=459"}],"curies":[{"name":"wp","href":"https:\/\/api.w.org\/{rel}","templated":true}]}}