{"id":279,"date":"2017-01-06T09:53:30","date_gmt":"2017-01-06T09:53:30","guid":{"rendered":"http:\/\/wp.goigi.biz\/fondationlglwp\/?page_id=279"},"modified":"2020-09-04T11:41:55","modified_gmt":"2020-09-04T15:41:55","slug":"home","status":"publish","type":"page","link":"https:\/\/fondationlgl.org\/en\/home\/","title":{"rendered":"Home"},"content":{"rendered":"<p>[vc_row full_width=\u00a0\u00bbstretch_row_content_no_spaces\u00a0\u00bb][vc_column][vc_column_text]<div style=\"display: none;\" class=\"crellyslider-slider crellyslider-slider-full-width crellyslider-slider-main_home crellyslider-19\" id=\"crellyslider-19\">\n<ul>\n<li\nstyle=\"background-color: transparent;background-image: url('https:\/\/fondationlgl.org\/wp-content\/uploads\/2020\/05\/flgl-panyol.jpeg');background-position: center center;background-repeat: no-repeat;background-size: cover;\"\ndata-in=\"fade\"\ndata-ease-in=\"300\"\ndata-out=\"fade\"\ndata-ease-out=\"300\"\ndata-time=\"3000\"\n>\n<div\nclass=\"\"\nstyle=\"z-index: 1;\"\ndata-delay=\"0\"\ndata-ease-in=\"300\"\ndata-ease-out=\"300\"\ndata-in=\"fade\"\ndata-out=\"fade\"\ndata-ignore-ease-out=\"0\"\ndata-top=\"491\"\ndata-left=\"403\"\ndata-time=\"all\"\n><div style=\"text-align: center;\"><br \/><br \/><a class=\"\" style=\"display: inline-block; padding: 9px 40px; line-height: 24px; text-transform: uppercase; background: #fa6f1c; color: #ffffff !important; border: 2px solid #fa6f1c; font-size: 13px; font-weight: 600; border-radius: 2px; text-align: center;\" href=\"https:\/\/fondationlgl.org\/en\/donation\/\">Donate<\/a><\/div><\/div>\n<\/li>\n<li\nstyle=\"background-color: transparent;background-image: url('https:\/\/fondationlgl.org\/wp-content\/uploads\/2020\/03\/PIC-6.jpeg');background-position: center center;background-repeat: no-repeat;background-size: cover;\"\ndata-in=\"fade\"\ndata-ease-in=\"300\"\ndata-out=\"fade\"\ndata-ease-out=\"300\"\ndata-time=\"3000\"\n>\n<div\nclass=\"\"\nstyle=\"z-index: 1;\"\ndata-delay=\"0\"\ndata-ease-in=\"300\"\ndata-ease-out=\"300\"\ndata-in=\"fade\"\ndata-out=\"fade\"\ndata-ignore-ease-out=\"0\"\ndata-top=\"375\"\ndata-left=\"0\"\ndata-time=\"all\"\n><div style=\"text-align: center;\"><br \/><br \/><a class=\"\" style=\"display: inline-block; padding: 9px 40px; line-height: 24px; text-transform: uppercase; background: #fa6f1c; color: #ffffff !important; border: 2px solid #fa6f1c; font-size: 13px; font-weight: 600; border-radius: 2px; text-align: center;\" href=\"https:\/\/fondationlgl.org\/en\/donation\/\">Donate<\/a><\/div><\/div>\n<\/li>\n<li\nstyle=\"background-color: transparent;background-image: url('https:\/\/fondationlgl.org\/wp-content\/uploads\/2020\/05\/panyol-kit-covid4.jpeg');background-position: center center;background-repeat: no-repeat;background-size: cover;\"\ndata-in=\"fade\"\ndata-ease-in=\"300\"\ndata-out=\"fade\"\ndata-ease-out=\"300\"\ndata-time=\"3000\"\n>\n<\/li>\n<li\nstyle=\"background-color: transparent;background-image: url('https:\/\/fondationlgl.org\/wp-content\/uploads\/2020\/03\/PIC-3.jpeg');background-position: center center;background-repeat: no-repeat;background-size: cover;\"\ndata-in=\"fade\"\ndata-ease-in=\"300\"\ndata-out=\"fade\"\ndata-ease-out=\"300\"\ndata-time=\"3000\"\n>\n<div\nclass=\"\"\nstyle=\"z-index: 1;\"\ndata-delay=\"0\"\ndata-ease-in=\"300\"\ndata-ease-out=\"300\"\ndata-in=\"fade\"\ndata-out=\"fade\"\ndata-ignore-ease-out=\"0\"\ndata-top=\"478\"\ndata-left=\"658\"\ndata-time=\"all\"\n><div style=\"text-align: center;\"><br \/><br \/> <a class=\"\" style=\"padding: 9px 40px; line-height: 24px; text-transform: uppercase; background: #fa6f1c; color: #ffffff !important; border: 2px solid #fa6f1c; font-size: 13px; font-weight: 600; border-radius: 2px; text-align: center; margin-top: 50px;\" href=\"https:\/\/fondationlgl.org\/en\/donation\/\"> Donate now<\/a><\/div><\/div>\n<\/li>\n<li\nstyle=\"background-color: transparent;background-image: url('https:\/\/fondationlgl.org\/wp-content\/uploads\/2020\/03\/PIC-1.jpeg');background-position: center center;background-repeat: no-repeat;background-size: cover;\"\ndata-in=\"fade\"\ndata-ease-in=\"300\"\ndata-out=\"fade\"\ndata-ease-out=\"300\"\ndata-time=\"3000\"\n>\n<div\nclass=\"\"\nstyle=\"z-index: 1;\"\ndata-delay=\"0\"\ndata-ease-in=\"300\"\ndata-ease-out=\"300\"\ndata-in=\"fade\"\ndata-out=\"fade\"\ndata-ignore-ease-out=\"0\"\ndata-top=\"182\"\ndata-left=\"688\"\ndata-time=\"all\"\n><div style=\"text-align: center;\"><span class=\"slide2\" style=\"display: inline-block; background-color: rgba(255,255,255,0.80); border-radius: 10px; width: 195px;\"> <span class=\"theme_color\" style=\"color: #43799b; font-size: 15px; font-weight: bold; text-transform: uppercase; line-height: 62.4px; letter-spacing: 2px; font-family: Raleway, sans-serif;\"> Help us<\/span><\/span><br \/><br \/> <a class=\"\" style=\"display: inline-block; padding: 9px 40px; line-height: 24px; text-transform: uppercase; background: #fa6f1c; color: #ffffff !important; border: 2px solid #fa6f1c; font-size: 13px; font-weight: 600; border-radius: 2px; text-align: center;\" href=\"https:\/\/fondationlgl.org\/en\/donation\/\">Donate<\/a><\/div><\/div>\n<\/li>\n<\/ul>\n<\/div>\n<script type=\"text\/javascript\">\n(function($) {\n$(document).ready(function() {\n$(\"#crellyslider-19\").crellySlider({\nlayout: 'full-width',\nresponsive: 1,\nstartWidth: 960,\nstartHeight: 600,\nautomaticSlide: 1,\nshowControls: 1,\nshowNavigation: 1,\nenableSwipe: 1,\nshowProgressBar: 1,\npauseOnHover: 1,\nrandomOrder: 0,\nstartFromSlide: 0,\nbeforeStart : function() {},\nbeforeSetResponsive : function() {},\nbeforeSlideStart : function() {},\nbeforePause\t: function() {},\nbeforeResume : function() {},\n});\n});\n})(jQuery);\n<\/script>\n[\/vc_column_text][\/vc_column][\/vc_row][vc_row gap=\u00a0\u00bb30&Prime; css=\u00a0\u00bb.vc_custom_1482840281602{margin-top: 30px !important;padding-top: 30px !important;}\u00a0\u00bb][vc_column][vc_column_text]<\/p>\n<div class=\"sec-title centered\">\n<h3 style=\"text-align: center;\">KNOWLEDGE FOR SOCIAL TRANSFORMATION<\/h3>\n<p>&nbsp;<\/p>\n<h4 style=\"text-align: center;\">Since its establishment in January 2016, the Louis and Ghislaine Lamothe Foundation has actively been on the ground, building relationships with communities to empower the men, women and children who need it most.<\/h4>\n<p>&nbsp;<\/p>\n<div class=\"separator\"><\/div>\n<\/div>\n<p><!--Tabs Box \/ Tabs Style One--><\/p>\n<div class=\"tabs-box tabs-style-one\">\n<p><!--Tab Buttons--><\/p>\n<ul class=\"tab-buttons clearfix\">\n<li class=\"tab-btn active-btn\" data-tab=\"#tab-one\">OUR MISSION<\/li>\n<li class=\"tab-btn\" data-tab=\"#tab-two\">OUR VISION<\/li>\n<li class=\"tab-btn\" data-tab=\"#tab-three\">OUR MESSAGE<\/li>\n<\/ul>\n<p><!--Tabs Content--><\/p>\n<div class=\"tabs-content\">\n<p><!--Tab \/ Active Tab--><\/p>\n<div id=\"tab-one\" class=\"tab active-tab\">\n<div class=\"row clearfix\">\n<p><!--Image Column--><\/p>\n<div class=\"image-column col-md-6 col-sm-6 col-xs-12\">\n<figure class=\"image-box\"><img decoding=\"async\" src=\"https:\/\/fondationlgl.org\/wp-content\/uploads\/2017\/06\/143A3440-780x438.jpg\" alt=\"\" width=\"600px\" \/><\/figure>\n<\/div>\n<p><!--Content Column--><\/p>\n<div class=\"content-column col-md-6 col-sm-6 col-xs-12\">\n<div class=\"inner\">\n<div class=\"strong-text\">T<span style=\"font-weight: 400;\">he mission of the Louis Ghislaine Lamothe Foundation (FLGL) is to fight against poverty and social exclusion in Haiti.\u00a0 Promoting the welfare of thousands across the country, FLGL works directly with the comm<\/span>unities and their leaders, in order to pave the way forward for <strong>educational, social, agricultural<\/strong> and <strong>economic<\/strong> transformations. Dr. Lamothe believed in the empowerment of Haitian people. In keeping with the spirit of his legacy, FLGL can and will continue to make a positive and durable impact in the lives of many more people with your support.<\/div>\n<p>&nbsp;<\/p>\n<p><a class=\"theme-btn btn-style-two\" style=\"margin-top: 20px;\" href=\"https:\/\/fondationlgl.org\/en\/our-mission\/\">READ MORE<\/a><\/p>\n<\/div>\n<\/div>\n<\/div>\n<\/div>\n<p><!--Tab--><\/p>\n<div id=\"tab-two\" class=\"tab\">\n<div class=\"row clearfix\">\n<p><!--Image Column--><\/p>\n<div class=\"image-column col-md-6 col-sm-6 col-xs-12\">\n<figure class=\"image-box\"><img decoding=\"async\" class=\"alignnone size-full wp-image-1952\" src=\"https:\/\/fondationlgl.org\/wp-content\/uploads\/2020\/03\/PIC-2.jpeg\" alt=\"\" width=\"600px\" \/><\/figure>\n<\/div>\n<p><!--Content Column--><\/p>\n<div class=\"content-column col-md-6 col-sm-6 col-xs-12\">\n<div class=\"inner\">\n<div class=\"strong-text\"><span style=\"font-weight: 400;\">FLGL was founded in January of 2016 by the former Prime Minister, Laurent\u00a0 Salvador Lamothe and his brother, Ruben Lamothe, as a tribute to their late father. Dr. Lamothe\u2019s work and influence has permeated the education of many Haitians that now make an impact across the globe. This foundation pales in comparison to his vision of what Haiti should be, so it was and is in the effort of reaching the transformation that this foundation was born.<\/span><\/div>\n<p><a class=\"theme-btn btn-style-two\" style=\"margin-top: 20px;\" href=\"https:\/\/fondationlgl.org\/en\/our-vision\/\">READ MORE<\/a><\/p>\n<\/div>\n<\/div>\n<\/div>\n<\/div>\n<p><!--Tab--><\/p>\n<div id=\"tab-three\" class=\"tab\">\n<div class=\"row clearfix\">\n<p><!--Image Column--><\/p>\n<div class=\"image-column col-md-6 col-sm-6 col-xs-12\">\n<figure class=\"image-box\"><img decoding=\"async\" style=\"width: 600px;\" src=\"https:\/\/fondationlgl.org\/wp-content\/uploads\/2017\/01\/featured-image-11-1.jpg\" alt=\"\" \/><\/figure>\n<\/div>\n<p><!--Content Column--><\/p>\n<div class=\"content-column col-md-6 col-sm-6 col-xs-12\">\n<div class=\"inner\">\n<div class=\"strong-text\">The Louis Ghislaine Lamothe Foundation puts knowledge at the service of social transformation of Haitians.<\/div>\n<p><a class=\"theme-btn btn-style-two\" style=\"margin-top: 20px;\" href=\"https:\/\/fondationlgl.org\/en\/our-message\/\">READ MORE<\/a><\/p>\n<\/div>\n<\/div>\n<\/div>\n<\/div>\n<\/div>\n<\/div>\n<p>[\/vc_column_text][\/vc_column][\/vc_row][vc_row full_width=\u00a0\u00bbstretch_row_content_no_spaces\u00a0\u00bb full_height=\u00a0\u00bbyes\u00a0\u00bb equal_height=\u00a0\u00bbyes\u00a0\u00bb][vc_column][vc_raw_html]JTNDc2VjdGlvbiUyMGNsYXNzJTNEJTIyY2FsbC10by1hY3Rpb24lMjBuZXctb3BlY2l0eSUyMiUyMHN0eWxlJTNEJTIyYmFja2dyb3VuZC1pbWFnZSUzQSUyMHVybCUyOCUyN2h0dHBzJTNBJTJGJTJGZm9uZGF0aW9ubGdsLm9yZyUyRndwLWNvbnRlbnQlMkZ1cGxvYWRzJTJGMjAxNyUyRjAyJTJGSU1HXzA0NTguanBnJTI3JTI5JTNCJTIwbWluLWhlaWdodCUzQSUyMDQ4MHB4JTNCbWFyZ2luLXRvcCUzQTgwcHglM0IlMjIlM0UlMEElM0NkaXYlMjBjbGFzcyUzRCUyMmF1dG8tY29udGFpbmVyJTIyJTNFJTBBJTNDZGl2JTIwY2xhc3MlM0QlMjJjb2wtbGctMTIlMjIlM0UlMEElM0NoMSUyMHN0eWxlJTNEJTIydGV4dC1hbGlnbiUzQSUyMGNlbnRlciUzQiUyMiUzRVRoZSUyMEZvdW5kYXRpb24lMjBpbiUyMGZpZ3VyZXMlM0MlMkZoMSUzRSUwQSUzQyUyRmRpdiUzRSUwQSUzQyUyMS0tU2VjdGlvbiUyMFRpdGxlLS0lM0UlMEElM0NkaXYlMjBjbGFzcyUzRCUyMmNvbC1tZC0zJTIyJTNFJTBBJTNDYSUyMGhyZWYlM0QlMjJodHRwcyUzQSUyRiUyRmZvbmRhdGlvbmxnbC5vcmclMkZlbiUyRmZhcm0tdHJhY2tzJTJGJTIyJTIwc3R5bGUlM0QlMjJjb2xvciUzQSUyM2ZmZmZmZiUzQiUyMiUzRSUzQ2RpdiUyMGNsYXNzJTNEJTIyYW5pbWF0aW9uX3NlYyUyMHJvdXRlJTIyJTNFJTBBJTNDaDElM0UlM0NzcGFuJTIwaWQlM0QlMjJmaXZldGhvdXNhbmRzJTIyJTNFMiUzQyUyRnNwYW4lM0UuNjYlMjBLTSUzQyUyRmgxJTNFJTBBT0YlMjBGQVJNJTIwVFJBQ0tTJTBBJTBBJTNDJTJGZGl2JTNFJTNDJTJGYSUzRSUwQSUzQyUyRmRpdiUzRSUwQSUzQ2RpdiUyMGNsYXNzJTNEJTIyY29sLW1kLTMlMjIlM0UlMEElM0NhJTIwaHJlZiUzRCUyMmh0dHBzJTNBJTJGJTJGZm9uZGF0aW9ubGdsLm9yZyUyRmVuJTJGZmFtZXJzJTJGJTIyJTIwc3R5bGUlM0QlMjJjb2xvciUzQSUyM2ZmZmZmZiUzQiUyMiUzRSUzQ2RpdiUyMGNsYXNzJTNEJTIyYW5pbWF0aW9uX3NlYyUyMHBsYW50ZXVyJTIyJTNFJTBBJTNDaDElMjBpZCUzRCUyMmZvdXJ0aG91c2FuZHMlMjIlM0U1MDAlM0MlMkZoMSUzRSUwQVNVUFBPUlRFRCUyMEZBUk1FUlMlMEElMEElM0MlMkZkaXYlM0UlM0MlMkZhJTNFJTBBJTNDJTJGZGl2JTNFJTBBJTNDZGl2JTIwY2xhc3MlM0QlMjJjb2wtbWQtMyUyMiUzRSUwQSUzQ2ElMjBocmVmJTNEJTIyaHR0cHMlM0ElMkYlMkZmb25kYXRpb25sZ2wub3JnJTJGZW4lMkZmYW1pbGxlcy0yJTIyJTIwc3R5bGUlM0QlMjJjb2xvciUzQSUyM2ZmZmZmZiUzQiUyMiUzRSUzQ2RpdiUyMGNsYXNzJTNEJTIyYW5pbWF0aW9uX3NlYyUyMGZhbWlsbGUlMjIlM0UlMEElM0NoMSUyMGlkJTNEJTIybmludHlmaXZlJTIyJTNFNzMxMiUzQyUyRmgxJTNFJTBBRkFNSUxMRVMlMjBIRUxQRUQlMjBJTiUyMEVNRVJHRU5DWSUyMFNJVFVBVElPTlMlMEElMEElM0MlMkZkaXYlM0UlM0MlMkZhJTNFJTBBJTNDJTJGZGl2JTNFJTBBJTNDZGl2JTIwY2xhc3MlM0QlMjJjb2wtbWQtMyUyMiUzRSUwQSUzQ2ElMjBocmVmJTNEJTIyaHR0cHMlM0ElMkYlMkZmb25kYXRpb25sZ2wub3JnJTJGZW4lMkZsZWFybmVycyUyRiUyMiUyMHN0eWxlJTNEJTIyY29sb3IlM0ElMjNmZmZmZmYlM0IlMjIlM0UlM0NkaXYlMjBjbGFzcyUzRCUyMmFuaW1hdGlvbl9zZWMlMjBlbGV2ZXMlMjIlM0UlMEElM0NoMSUyMGlkJTNEJTIyc2l4dGhvdXNhbmQlMjIlM0U2NDYlM0MlMkZoMSUzRSUwQVNVUFBPUlRFRCUyMExFQVJORVJTJTIwJTBBJTBBJTNDJTJGZGl2JTNFJTNDJTJGYSUzRSUwQSUzQyUyRmRpdiUzRSUwQSUzQ3AlMjBzdHlsZSUzRCUyMnotaW5kZXglM0ElMjAtMSUzQiUyMiUzRSUzQyUyRnAlM0UlMEElMEElM0MlMkZkaXYlM0UlMEElM0MlMkZzZWN0aW9uJTNF[\/vc_raw_html][vc_column_text]<\/p>\n<div class=\"auto-container\">\n<p><!--Section Title--><\/p>\n<div class=\"sec-title centered\">\n<h2>OUR ACTIVITIES<\/h2>\n<div class=\"separator\"><\/div>\n<div class=\"desc-text\"><\/div>\n<\/div>\n<\/div>\n<p>[\/vc_column_text][\/vc_column][\/vc_row][vc_row][vc_column][vc_column_text][causes][\/vc_column_text][vc_column_text css=\u00a0\u00bb.vc_custom_1498660176862{margin-top: 0px !important;padding-top: 0px !important;}\u00a0\u00bb]<\/p>\n<h2 style=\"text-align: center;\"><a style=\"position: relative; padding: 1% 2%; line-height: 24px; text-transform: uppercase; background: #43799b; color: #ffffff !important; border: 2px solid #43799b; font-size: 70%; font-weight: 600; border-radius: 2px;\" href=\"https:\/\/fondationlgl.org\/en\/cause_s\/\">SEE ALL Our activities<\/a><\/h2>\n<p>[\/vc_column_text][\/vc_column][\/vc_row][vc_row][vc_column][\/vc_column][\/vc_row][vc_row full_width=\u00a0\u00bbstretch_row_content_no_spaces\u00a0\u00bb][vc_column][vc_row_inner][vc_column_inner][vc_column_text]<!--Call To Action--><\/p>\n<section class=\"call-to-action\" style=\"background-image: url('https:\/\/fondationlgl.org\/wp-content\/uploads\/2017\/05\/143A1480.jpg');\">\n<div class=\"auto-container\">\n<p><!--Section Title--><\/p>\n<div class=\"sec-title centered\">\n<div class=\"desc-text\">\n<p>We invite you to participate in the wonderful things that FLGL has been doing since 2016!<br \/>\nClick on the youtube link to immerse yourself in the world of FLGL where working together with communities and partners produces a tangible solution.<\/p>\n<\/div>\n<\/div>\n<div class=\"links\"><a class=\"theme-btn btn-style-two\" style=\"background: red; border-color: red; border-radius: 10px;\" href=\"https:\/\/www.youtube.com\/channel\/UCjZocG6vpSMNBPxy9lSlXrw\"><span class=\"fa fa-youtube-play\"> Youtube<\/span><\/a><\/div>\n<\/div>\n<\/section>\n<p>[\/vc_column_text][\/vc_column_inner][\/vc_row_inner][vc_row_inner gap=\u00a0\u00bb35&Prime; css=\u00a0\u00bb.vc_custom_1484210857384{margin-right: 30px !important;margin-left: 30px !important;padding-right: 30px !important;padding-left: 30px !important;}\u00a0\u00bb][vc_column_inner][vc_column_text]<iframe src=\"https:\/\/www.youtube.com\/embed\/DiHLn7C7zQw?rel=0\" width=\"100%\" height=\"480\" frameborder=\"0\" allowfullscreen=\"allowfullscreen\"><\/iframe><\/p>\n<h2 style=\"text-align: center;\">Once upon a time, the Dr. Louis G. Lamothe<\/h2>\n<p>[\/vc_column_text][\/vc_column_inner][\/vc_row_inner][vc_row_inner][vc_column_inner][vc_column_text]<\/p>\n<section class=\"call-to-action new-opecity\" style=\"position: relative; top: 35px; background-image: url('https:\/\/fondationlgl.org\/wp-content\/uploads\/2017\/10\/21992975_1599143553441059_8703168766301226001_o.jpg');\">\n<div class=\"auto-container\">\n<p><!--Section Title--><\/p>\n<div class=\"sec-title centered\">\n<div class=\"desc-text\">\n<h1>\u00ab\u00a0The Foundation is an initiative aiming to continue<\/h1>\n<h1>Dr. Louis G. Lamothe&rsquo;s work in the domains of social responsibility and of the fight for the emergence of an inclusive and united Haitian society.\u201d<\/h1>\n<\/div>\n<\/div>\n<\/div>\n<\/section>\n<p>[\/vc_column_text][\/vc_column_inner][\/vc_row_inner][\/vc_column][\/vc_row]<\/p>","protected":false},"excerpt":{"rendered":"<p>[vc_row full_width=\u00a0\u00bbstretch_row_content_no_spaces\u00a0\u00bb][vc_column][vc_column_text][\/vc_column_text][\/vc_column][\/vc_row][vc_row gap=\u00a0\u00bb30&Prime; css=\u00a0\u00bb.vc_custom_1482840281602{margin-top: 30px !important;padding-top: 30px !important;}\u00a0\u00bb][vc_column][vc_column_text] KNOWLEDGE FOR SOCIAL TRANSFORMATION &nbsp; Since its establishment in January 2016, the Louis and Ghislaine Lamothe Foundation has actively been on the ground, building relationships with communities to empower the men, women and children who need it most. &nbsp; OUR MISSION OUR VISION OUR MESSAGE The mission [&hellip;]<\/p>","protected":false},"author":2,"featured_media":0,"parent":0,"menu_order":0,"comment_status":"closed","ping_status":"closed","template":"","meta":{"_acf_changed":false,"footnotes":""},"class_list":["post-279","page","type-page","status-publish","hentry"],"acf":[],"yoast_head":"<!-- This site is optimized with the Yoast SEO plugin v24.7 - https:\/\/yoast.com\/wordpress\/plugins\/seo\/ -->\n<title>Building smart villages in Haiti | Foundation Louis Lamothe<\/title>\n<meta name=\"description\" content=\"The Dr. Louis G. Lamothe Foundation is currently building smart villages in Haiti, starting in Nan Panyol and Anse du Clerc. Donate to the cause, today!\" \/>\n<meta name=\"robots\" content=\"index, follow, max-snippet:-1, max-image-preview:large, max-video-preview:-1\" \/>\n<link rel=\"canonical\" href=\"https:\/\/fondationlgl.org\/en\/home\/\" \/>\n<meta property=\"og:locale\" content=\"en_US\" \/>\n<meta property=\"og:type\" content=\"article\" \/>\n<meta property=\"og:title\" content=\"Building smart villages in Haiti | Foundation Louis Lamothe\" \/>\n<meta property=\"og:description\" content=\"The Dr. Louis G. Lamothe Foundation is currently building smart villages in Haiti, starting in Nan Panyol and Anse du Clerc. Donate to the cause, today!\" \/>\n<meta property=\"og:url\" content=\"https:\/\/fondationlgl.org\/en\/home\/\" \/>\n<meta property=\"og:site_name\" content=\"&quot;Fondation Louis et Gizou Lamothe : Construire des Villages Intelligents en Ha\u00efti\" \/>\n<meta property=\"article:modified_time\" content=\"2020-09-04T15:41:55+00:00\" \/>\n<meta property=\"og:image\" content=\"https:\/\/fondationlgl.org\/wp-content\/uploads\/2017\/06\/143A3440-780x438.jpg\" \/>\n<meta name=\"twitter:card\" content=\"summary_large_image\" \/>\n<meta name=\"twitter:label1\" content=\"Est. reading time\" \/>\n\t<meta name=\"twitter:data1\" content=\"4 minutes\" \/>\n<script type=\"application\/ld+json\" class=\"yoast-schema-graph\">{\"@context\":\"https:\/\/schema.org\",\"@graph\":[{\"@type\":\"WebPage\",\"@id\":\"https:\/\/fondationlgl.org\/home\/\",\"url\":\"https:\/\/fondationlgl.org\/home\/\",\"name\":\"Building smart villages in Haiti | Foundation Louis Lamothe\",\"isPartOf\":{\"@id\":\"https:\/\/fondationlgl.org\/#website\"},\"primaryImageOfPage\":{\"@id\":\"https:\/\/fondationlgl.org\/home\/#primaryimage\"},\"image\":{\"@id\":\"https:\/\/fondationlgl.org\/home\/#primaryimage\"},\"thumbnailUrl\":\"https:\/\/fondationlgl.org\/wp-content\/uploads\/2017\/06\/143A3440-780x438.jpg\",\"datePublished\":\"2017-01-06T09:53:30+00:00\",\"dateModified\":\"2020-09-04T15:41:55+00:00\",\"description\":\"The Dr. Louis G. Lamothe Foundation is currently building smart villages in Haiti, starting in Nan Panyol and Anse du Clerc. Donate to the cause, today!\",\"breadcrumb\":{\"@id\":\"https:\/\/fondationlgl.org\/home\/#breadcrumb\"},\"inLanguage\":\"en-US\",\"potentialAction\":[{\"@type\":\"ReadAction\",\"target\":[\"https:\/\/fondationlgl.org\/home\/\"]}]},{\"@type\":\"ImageObject\",\"inLanguage\":\"en-US\",\"@id\":\"https:\/\/fondationlgl.org\/home\/#primaryimage\",\"url\":\"https:\/\/fondationlgl.org\/wp-content\/uploads\/2017\/06\/143A3440-780x438.jpg\",\"contentUrl\":\"https:\/\/fondationlgl.org\/wp-content\/uploads\/2017\/06\/143A3440-780x438.jpg\"},{\"@type\":\"BreadcrumbList\",\"@id\":\"https:\/\/fondationlgl.org\/home\/#breadcrumb\",\"itemListElement\":[{\"@type\":\"ListItem\",\"position\":1,\"name\":\"Home\",\"item\":\"https:\/\/fondationlgl.org\/\"},{\"@type\":\"ListItem\",\"position\":2,\"name\":\"Home\"}]},{\"@type\":\"WebSite\",\"@id\":\"https:\/\/fondationlgl.org\/#website\",\"url\":\"https:\/\/fondationlgl.org\/\",\"name\":\"&quot;Fondation Louis et Gizou Lamothe : Construire des Villages Intelligents en Ha\u00efti\",\"description\":\"Renforcer les communaut\u00e9s ha\u00eftiennes \u00e0 travers l&#039;\u00e9ducation, la sant\u00e9, le sport, l&#039;environnement et la culture\",\"potentialAction\":[{\"@type\":\"SearchAction\",\"target\":{\"@type\":\"EntryPoint\",\"urlTemplate\":\"https:\/\/fondationlgl.org\/?s={search_term_string}\"},\"query-input\":{\"@type\":\"PropertyValueSpecification\",\"valueRequired\":true,\"valueName\":\"search_term_string\"}}],\"inLanguage\":\"en-US\"}]}<\/script>\n<!-- \/ Yoast SEO plugin. -->","yoast_head_json":{"title":"Building smart villages in Haiti | Foundation Louis Lamothe","description":"The Dr. Louis G. Lamothe Foundation is currently building smart villages in Haiti, starting in Nan Panyol and Anse du Clerc. Donate to the cause, today!","robots":{"index":"index","follow":"follow","max-snippet":"max-snippet:-1","max-image-preview":"max-image-preview:large","max-video-preview":"max-video-preview:-1"},"canonical":"https:\/\/fondationlgl.org\/en\/home\/","og_locale":"en_US","og_type":"article","og_title":"Building smart villages in Haiti | Foundation Louis Lamothe","og_description":"The Dr. Louis G. Lamothe Foundation is currently building smart villages in Haiti, starting in Nan Panyol and Anse du Clerc. Donate to the cause, today!","og_url":"https:\/\/fondationlgl.org\/en\/home\/","og_site_name":"&quot;Fondation Louis et Gizou Lamothe : Construire des Villages Intelligents en Ha\u00efti","article_modified_time":"2020-09-04T15:41:55+00:00","og_image":[{"url":"https:\/\/fondationlgl.org\/wp-content\/uploads\/2017\/06\/143A3440-780x438.jpg","type":"","width":"","height":""}],"twitter_card":"summary_large_image","twitter_misc":{"Est. reading time":"4 minutes"},"schema":{"@context":"https:\/\/schema.org","@graph":[{"@type":"WebPage","@id":"https:\/\/fondationlgl.org\/home\/","url":"https:\/\/fondationlgl.org\/home\/","name":"Building smart villages in Haiti | Foundation Louis Lamothe","isPartOf":{"@id":"https:\/\/fondationlgl.org\/#website"},"primaryImageOfPage":{"@id":"https:\/\/fondationlgl.org\/home\/#primaryimage"},"image":{"@id":"https:\/\/fondationlgl.org\/home\/#primaryimage"},"thumbnailUrl":"https:\/\/fondationlgl.org\/wp-content\/uploads\/2017\/06\/143A3440-780x438.jpg","datePublished":"2017-01-06T09:53:30+00:00","dateModified":"2020-09-04T15:41:55+00:00","description":"The Dr. Louis G. Lamothe Foundation is currently building smart villages in Haiti, starting in Nan Panyol and Anse du Clerc. Donate to the cause, today!","breadcrumb":{"@id":"https:\/\/fondationlgl.org\/home\/#breadcrumb"},"inLanguage":"en-US","potentialAction":[{"@type":"ReadAction","target":["https:\/\/fondationlgl.org\/home\/"]}]},{"@type":"ImageObject","inLanguage":"en-US","@id":"https:\/\/fondationlgl.org\/home\/#primaryimage","url":"https:\/\/fondationlgl.org\/wp-content\/uploads\/2017\/06\/143A3440-780x438.jpg","contentUrl":"https:\/\/fondationlgl.org\/wp-content\/uploads\/2017\/06\/143A3440-780x438.jpg"},{"@type":"BreadcrumbList","@id":"https:\/\/fondationlgl.org\/home\/#breadcrumb","itemListElement":[{"@type":"ListItem","position":1,"name":"Home","item":"https:\/\/fondationlgl.org\/"},{"@type":"ListItem","position":2,"name":"Home"}]},{"@type":"WebSite","@id":"https:\/\/fondationlgl.org\/#website","url":"https:\/\/fondationlgl.org\/","name":"&quot;Fondation Louis et Gizou Lamothe : Construire des Villages Intelligents en Ha\u00efti","description":"Renforcer les communaut\u00e9s ha\u00eftiennes \u00e0 travers l&#039;\u00e9ducation, la sant\u00e9, le sport, l&#039;environnement et la culture","potentialAction":[{"@type":"SearchAction","target":{"@type":"EntryPoint","urlTemplate":"https:\/\/fondationlgl.org\/?s={search_term_string}"},"query-input":{"@type":"PropertyValueSpecification","valueRequired":true,"valueName":"search_term_string"}}],"inLanguage":"en-US"}]}},"_links":{"self":[{"href":"https:\/\/fondationlgl.org\/en\/wp-json\/wp\/v2\/pages\/279","targetHints":{"allow":["GET"]}}],"collection":[{"href":"https:\/\/fondationlgl.org\/en\/wp-json\/wp\/v2\/pages"}],"about":[{"href":"https:\/\/fondationlgl.org\/en\/wp-json\/wp\/v2\/types\/page"}],"author":[{"embeddable":true,"href":"https:\/\/fondationlgl.org\/en\/wp-json\/wp\/v2\/users\/2"}],"replies":[{"embeddable":true,"href":"https:\/\/fondationlgl.org\/en\/wp-json\/wp\/v2\/comments?post=279"}],"version-history":[{"count":0,"href":"https:\/\/fondationlgl.org\/en\/wp-json\/wp\/v2\/pages\/279\/revisions"}],"wp:attachment":[{"href":"https:\/\/fondationlgl.org\/en\/wp-json\/wp\/v2\/media?parent=279"}],"curies":[{"name":"wp","href":"https:\/\/api.w.org\/{rel}","templated":true}]}}