{"id":2632,"date":"2017-08-03T14:18:04","date_gmt":"2017-08-03T14:18:04","guid":{"rendered":"https:\/\/fondationlgl.org\/?page_id=2632"},"modified":"2017-08-03T15:00:41","modified_gmt":"2017-08-03T15:00:41","slug":"appui-economique","status":"publish","type":"page","link":"https:\/\/fondationlgl.org\/en\/appui-economique\/","title":{"rendered":"appui economique"},"content":{"rendered":"<p>[vc_row][vc_column][vc_column_text]<\/p>\n<h2 style=\"text-align: center;\">APPUI ECOMOMIQUE<\/h2>\n<p>[\/vc_column_text][\/vc_column][\/vc_row][vc_row][vc_column][vc_raw_html]JTNDc3R5bGUlM0UlMEElMjNnYWxlcmllJTIwdWwlMjBsaSUyMGElMjBzdHJvbmclMjAlN0IlMEElMjAlMjAlMjAlMjBwb3NpdGlvbiUzQSUyMGFic29sdXRlJTNCJTBBJTIwJTIwJTIwJTIwYm90dG9tJTNBJTIwLTMwcHglM0IlMEElMjAlMjAlMjAlMjBvcGFjaXR5JTNBJTIwMCUzQiUwQSU3RCUwQSUwQSUyM2dhbGVyaWUlMjB1bCUyMGxpJTdCJTBBJTIwJTIwJTIwJTIwcG9zaXRpb24lM0FyZWxhdGl2ZSUzQiUwQSUwOXdpZHRoJTNBMzIwcHglM0IlMEElMjAlMjAlMjAlMjBtYXJnaW4lM0ElMjBhdXRvJTNCJTBBJTIwJTA5cGFkZGluZyUzQTIwcHglM0IlMEElMDlsaXN0LXN0eWxlJTNBbm9uZSUzQiUwQSUyMGZsb2F0JTNBbGVmdCUzQiUwQSU3RCUwQSUyM2dhbGVyaWUlMjB1bCUyMCU3QiUwQXdpZHRoJTNBNjUwcHglM0IlMEFtYXJnaW4lM0FhdXRvJTNCJTBBJTBBJTdEJTBBJTBBJTJGJTJBcGVybWV0JTIwZGUlMjBjciVDMyVBOWVyJTIwZGV1eCUyMGxpZ25lcyUyQSUyRiUwQSUyMCUyM2dhbGVyaWUlMjB1bCUyMGxpJTNBbnRoLWNoaWxkJTI4NG4lMjklN0JjbGVhciUzQWxlZnQlM0IlN0QlMjAlMEElMEElMjNnYWxlcmllJTIwdWwlMjBsaSUyMGElN0IlMEElMjAlMjAlMjAlMjAlMjBkaXNwbGF5JTNBYmxvY2slM0JvdmVyZmxvdyUzQWhpZGRlbiUzQiUwQSUyMCUyMCUyMCUyMCUyMHdpZHRoJTNBMzAwcHglM0JoZWlnaHQlM0EyMDBweCUzQiUwQSUyMCUyMCUyMCUyMCUyMG1hcmdpbi10b3AlM0EwcHglM0JtYXJnaW4tbGVmdCUzQTBweCUzQiUwQSUwQSUyMCUyMCUyMCUyMCUyMGJvcmRlci10b3AlM0E1cHglMjBzb2xpZCUyMHJnYmElMjgwJTJDMCUyQzAlMkMwLjI1JTI5JTNCJTBBJTIwYm9yZGVyLWxlZnQlM0E1cHglMjBzb2xpZCUyMHJnYmElMjgwJTJDMCUyQzAlMkMwLjI1JTI5JTNCJTBBJTIwJTIwJTIwJTIwJTIwdHJhbnNpdGlvbi1wcm9wZXJ0eSUzQXdpZHRoJTJDaGVpZ2h0JTJDbWFyZ2luJTJDei1pbmRleCUyQ2JvcmRlciUzQiUwQSUyMCUyMCUyMCUyMCUyMHRyYW5zaXRpb24tZHVyYXRpb24lM0EwLjRzJTNCJTBBJTdEJTBBJTBBJTIzZ2FsZXJpZSUyMHVsJTIwbGklMjBhJTNBaG92ZXIlN0IlMEElMjAlMjAlMjAlMjAlMjBwb3NpdGlvbiUzQWFic29sdXRlJTNCJTBBJTIwJTIwJTIwJTIwJTIwd2lkdGglM0EzMDBweCUzQmhlaWdodCUzQTIwMHB4JTNCJTBBJTIwJTIwJTIwJTIwJTIwbWFyZ2luLXRvcCUzQS00MHB4JTNCbWFyZ2luLWxlZnQlM0EtMzZweCUzQiUwQSUyMCUyMCUyMCUyMCUyMHotaW5kZXglM0ExMDAlM0IlMEElMjAlMjAlMjAlMjAlMjBib3JkZXIlM0E2cHglMjBzb2xpZCUyMHJnYmElMjgwJTJDMCUyQzAlMkMwLjclMjklM0IlMEElN0QlMEElMjAlMjAlMjAlMjAlMjAlMjAlMjAlMjAlMjAlMjAlMEElMjNnYWxlcmllJTIwdWwlMjBsaSUyMGElMjBpbWclN0IlMEElMjAlMjAlMjAlMjAlMjBwb3NpdGlvbiUzQWFic29sdXRlJTNCJTBBJTIwJTIwJTIwJTIwJTIwd2lkdGglM0EzMDBweCUzQnotaW5kZXglM0EyMCUzQiUwQSUyMCUyMCUyMCUyMCUyMHRyYW5zaXRpb24tcHJvcGVydHklM0F3aWR0aCUyQ2hlaWdodCUyQ3otaW5kZXglM0IlMEElMjAlMjAlMjAlMjAlMjB0cmFuc2l0aW9uLWR1cmF0aW9uJTNBMC40cyUzQiUwQSU3RCUwQSUyMCUyMCUyMCUyMCUyM2dhbGVyaWUlMjB1bCUyMGxpJTIwYSUzQWhvdmVyJTIwaW1nJTdCJTBBJTIwJTIwJTIwJTIwJTIwd2lkdGglM0EzMDBweCUzQmhlaWdodCUzQTIwMHB4JTNCJTBBJTIwJTIwJTIwJTIwJTIwei1pbmRleCUzQTEwMCUzQiUwQSU3RCUyMCUyMCUyMCUyMCUyMCUyMCUwQSUwQSUyM2dhbGVyaWUlMjB1bCUyMGxpJTIwYSUzQWhvdmVyJTIwc3Ryb25nJTIwJTdCJTBBJTIwJTIwJTIwJTIwb3BhY2l0eSUzQSUyMDElM0IlMEElMjAlMjAlMjAlMjBib3R0b20lM0ElMjAwcHglM0IlMEElMjAlMjAlMjAlMjAtd2Via2l0LXRyYW5zaXRpb24lM0ElMjBib3R0b20lMjAwLjNzJTIwZWFzZSUyMDAuNHMlM0IlMEElMjAlMjAlMjAlMjAtbW96LXRyYW5zaXRpb24lM0ElMjBib3R0b20lMjAwLjNzJTIwZWFzZSUyMDAuNHMlM0IlMEElMjAlMjAlMjAlMjAtby10cmFuc2l0aW9uJTNBJTIwYm90dG9tJTIwMC4zcyUyMGVhc2UlMjAwLjRzJTNCJTBBJTIwJTIwJTIwJTIwdHJhbnNpdGlvbiUzQSUyMGJvdHRvbSUyMDAuM3MlMjBlYXNlJTIwMC40cyUzQiUwQSUyMCUyMCUyMCUyMGxlZnQlM0ElMjAwcHglM0IlMEElMjAlMjAlMjAlMjB3aWR0aCUzQSUyMDM1MHB4JTNCJTBBJTIwJTIwJTIwJTIwaGVpZ2h0JTNBJTIwMzdweCUzQiUwQSUyMCUyMCUyMCUyMHBhZGRpbmclM0ElMjA1cHglM0IlMEElMjAlMjAlMjAlMjBiYWNrZ3JvdW5kJTNBJTIwcmdiYSUyODAlMkMwJTJDMCUyQzAuOCUyOSUzQiUwQSUyMCUyMCUyMCUyMG1hcmdpbi10b3AlM0ElMjAtMzBweCUzQiUwQSUyMCUyMCUyMCUyMHotaW5kZXglM0ElMjAxNTAlM0IlMEElN0QlMEElM0MlMkZzdHlsZSUzRSUwQSUzQ2RpdiUyMGlkJTNEJTIyZ2FsZXJpZSUyMiUzRSUwQSUzQ3VsJTNFJTBBJTIwJTIwJTIwJTIwJTIwJTBBJTIwJTIwJTIwJTIwJTIwJTNDbGklM0UlMEElMjAlMjAlMjAlMjAlMjAlMjAlMjAlMjAlMjAlM0NhJTIwaHJlZiUzRCUyMiUyMyUyMiUzRSUwQSUyMCUyMCUyMCUyMCUyMCUyMCUyMCUyMCUyMCUyMCUzQ2ltZyUyMHNyYyUzRCUyMmh0dHBzJTNBJTJGJTJGZm9uZGF0aW9ubGdsLm9yZyUyRndwLWNvbnRlbnQlMkZ1cGxvYWRzJTJGMjAxNyUyRjA2JTJGMTQzQTkzMjguanBnJTIyJTIwYWx0JTNEJTIyJTIyJTIwd2lkdGglM0QlMjIxMDI0JTIyJTIwaGVpZ2h0JTNEJTIyNjgyJTIyJTIwY2xhc3MlM0QlMjJhbGlnbm5vbmUlMjBzaXplLWZ1bGwlMjB3cC1pbWFnZS0xMjUxJTIyJTIwJTJGJTNFJTBBJTIwJTIwJTIwJTIwJTIwJTIwJTIwJTIwJTIwJTIwJTNDc3Ryb25nJTNFUElTVEUlMjBBR1JJQ09MRSUzQyUyRnN0cm9uZyUzRSUwQSUyMCUyMCUyMCUyMCUyMCUyMCUyMCUyMCUyMCUyMCUzQyUyRmElM0UlMEElMjAlMjAlMjAlMjAlMjAlM0MlMkZsaSUzRSUwQSUzQ2xpJTNFJTBBJTIwJTIwJTIwJTIwJTIwJTIwJTIwJTIwJTIwJTNDYSUyMGhyZWYlM0QlMjIlMjMlMjIlM0UlMEElMjAlMjAlMjAlMjAlMjAlMjAlMjAlMjAlMjAlMjAlM0NpbWclMjBzcmMlM0QlMjJodHRwcyUzQSUyRiUyRmZvbmRhdGlvbmxnbC5vcmclMkZ3cC1jb250ZW50JTJGdXBsb2FkcyUyRjIwMTclMkYwNyUyRjE0M0E5ODgyLmpwZyUyMiUyMGFsdCUzRCUyMiUyMiUyMHdpZHRoJTNEJTIyMTAyNCUyMiUyMGhlaWdodCUzRCUyMjY4MiUyMiUyMGNsYXNzJTNEJTIyYWxpZ25ub25lJTIwc2l6ZS1mdWxsJTIwd3AtaW1hZ2UtMTI1MSUyMiUyMCUyRiUzRSUwQSUyMCUyMCUyMCUyMCUyMCUyMCUyMCUyMCUyMCUyMCUzQ3N0cm9uZyUzRVBMQU5URVVSUyUzQyUyRnN0cm9uZyUzRSUwQSUyMCUyMCUyMCUyMCUyMCUyMCUyMCUyMCUyMCUyMCUzQyUyRmElM0UlMEElMjAlMjAlMjAlMjAlMjAlM0MlMkZsaSUzRSUwQSUzQyUyRnVsJTNFJTBBJTNDJTJGZGl2JTNFJTBB[\/vc_raw_html][\/vc_column][\/vc_row][vc_row][vc_column][\/vc_column][\/vc_row][vc_row][vc_column][vc_column_text][\/vc_column_text][\/vc_column][\/vc_row][vc_row][vc_column][vc_raw_html]JTNDYnIlMjAlMkYlM0UlMEElM0NiciUyMCUyRiUzRSUwQSUzQ2JyJTIwJTJGJTNF[\/vc_raw_html][\/vc_column][\/vc_row]<\/p>","protected":false},"excerpt":{"rendered":"<p>[vc_row][vc_column][vc_column_text] APPUI ECOMOMIQUE [\/vc_column_text][\/vc_column][\/vc_row][vc_row][vc_column][vc_raw_html]JTNDc3R5bGUlM0UlMEElMjNnYWxlcmllJTIwdWwlMjBsaSUyMGElMjBzdHJvbmclMjAlN0IlMEElMjAlMjAlMjAlMjBwb3NpdGlvbiUzQSUyMGFic29sdXRlJTNCJTBBJTIwJTIwJTIwJTIwYm90dG9tJTNBJTIwLTMwcHglM0IlMEElMjAlMjAlMjAlMjBvcGFjaXR5JTNBJTIwMCUzQiUwQSU3RCUwQSUwQSUyM2dhbGVyaWUlMjB1bCUyMGxpJTdCJTBBJTIwJTIwJTIwJTIwcG9zaXRpb24lM0FyZWxhdGl2ZSUzQiUwQSUwOXdpZHRoJTNBMzIwcHglM0IlMEElMjAlMjAlMjAlMjBtYXJnaW4lM0ElMjBhdXRvJTNCJTBBJTIwJTA5cGFkZGluZyUzQTIwcHglM0IlMEElMDlsaXN0LXN0eWxlJTNBbm9uZSUzQiUwQSUyMGZsb2F0JTNBbGVmdCUzQiUwQSU3RCUwQSUyM2dhbGVyaWUlMjB1bCUyMCU3QiUwQXdpZHRoJTNBNjUwcHglM0IlMEFtYXJnaW4lM0FhdXRvJTNCJTBBJTBBJTdEJTBBJTBBJTJGJTJBcGVybWV0JTIwZGUlMjBjciVDMyVBOWVyJTIwZGV1eCUyMGxpZ25lcyUyQSUyRiUwQSUyMCUyM2dhbGVyaWUlMjB1bCUyMGxpJTNBbnRoLWNoaWxkJTI4NG4lMjklN0JjbGVhciUzQWxlZnQlM0IlN0QlMjAlMEElMEElMjNnYWxlcmllJTIwdWwlMjBsaSUyMGElN0IlMEElMjAlMjAlMjAlMjAlMjBkaXNwbGF5JTNBYmxvY2slM0JvdmVyZmxvdyUzQWhpZGRlbiUzQiUwQSUyMCUyMCUyMCUyMCUyMHdpZHRoJTNBMzAwcHglM0JoZWlnaHQlM0EyMDBweCUzQiUwQSUyMCUyMCUyMCUyMCUyMG1hcmdpbi10b3AlM0EwcHglM0JtYXJnaW4tbGVmdCUzQTBweCUzQiUwQSUwQSUyMCUyMCUyMCUyMCUyMGJvcmRlci10b3AlM0E1cHglMjBzb2xpZCUyMHJnYmElMjgwJTJDMCUyQzAlMkMwLjI1JTI5JTNCJTBBJTIwYm9yZGVyLWxlZnQlM0E1cHglMjBzb2xpZCUyMHJnYmElMjgwJTJDMCUyQzAlMkMwLjI1JTI5JTNCJTBBJTIwJTIwJTIwJTIwJTIwdHJhbnNpdGlvbi1wcm9wZXJ0eSUzQXdpZHRoJTJDaGVpZ2h0JTJDbWFyZ2luJTJDei1pbmRleCUyQ2JvcmRlciUzQiUwQSUyMCUyMCUyMCUyMCUyMHRyYW5zaXRpb24tZHVyYXRpb24lM0EwLjRzJTNCJTBBJTdEJTBBJTBBJTIzZ2FsZXJpZSUyMHVsJTIwbGklMjBhJTNBaG92ZXIlN0IlMEElMjAlMjAlMjAlMjAlMjBwb3NpdGlvbiUzQWFic29sdXRlJTNCJTBBJTIwJTIwJTIwJTIwJTIwd2lkdGglM0EzMDBweCUzQmhlaWdodCUzQTIwMHB4JTNCJTBBJTIwJTIwJTIwJTIwJTIwbWFyZ2luLXRvcCUzQS00MHB4JTNCbWFyZ2luLWxlZnQlM0EtMzZweCUzQiUwQSUyMCUyMCUyMCUyMCUyMHotaW5kZXglM0ExMDAlM0IlMEElMjAlMjAlMjAlMjAlMjBib3JkZXIlM0E2cHglMjBzb2xpZCUyMHJnYmElMjgwJTJDMCUyQzAlMkMwLjclMjklM0IlMEElN0QlMEElMjAlMjAlMjAlMjAlMjAlMjAlMjAlMjAlMjAlMjAlMEElMjNnYWxlcmllJTIwdWwlMjBsaSUyMGElMjBpbWclN0IlMEElMjAlMjAlMjAlMjAlMjBwb3NpdGlvbiUzQWFic29sdXRlJTNCJTBBJTIwJTIwJTIwJTIwJTIwd2lkdGglM0EzMDBweCUzQnotaW5kZXglM0EyMCUzQiUwQSUyMCUyMCUyMCUyMCUyMHRyYW5zaXRpb24tcHJvcGVydHklM0F3aWR0aCUyQ2hlaWdodCUyQ3otaW5kZXglM0IlMEElMjAlMjAlMjAlMjAlMjB0cmFuc2l0aW9uLWR1cmF0aW9uJTNBMC40cyUzQiUwQSU3RCUwQSUyMCUyMCUyMCUyMCUyM2dhbGVyaWUlMjB1bCUyMGxpJTIwYSUzQWhvdmVyJTIwaW1nJTdCJTBBJTIwJTIwJTIwJTIwJTIwd2lkdGglM0EzMDBweCUzQmhlaWdodCUzQTIwMHB4JTNCJTBBJTIwJTIwJTIwJTIwJTIwei1pbmRleCUzQTEwMCUzQiUwQSU3RCUyMCUyMCUyMCUyMCUyMCUyMCUwQSUwQSUyM2dhbGVyaWUlMjB1bCUyMGxpJTIwYSUzQWhvdmVyJTIwc3Ryb25nJTIwJTdCJTBBJTIwJTIwJTIwJTIwb3BhY2l0eSUzQSUyMDElM0IlMEElMjAlMjAlMjAlMjBib3R0b20lM0ElMjAwcHglM0IlMEElMjAlMjAlMjAlMjAtd2Via2l0LXRyYW5zaXRpb24lM0ElMjBib3R0b20lMjAwLjNzJTIwZWFzZSUyMDAuNHMlM0IlMEElMjAlMjAlMjAlMjAtbW96LXRyYW5zaXRpb24lM0ElMjBib3R0b20lMjAwLjNzJTIwZWFzZSUyMDAuNHMlM0IlMEElMjAlMjAlMjAlMjAtby10cmFuc2l0aW9uJTNBJTIwYm90dG9tJTIwMC4zcyUyMGVhc2UlMjAwLjRzJTNCJTBBJTIwJTIwJTIwJTIwdHJhbnNpdGlvbiUzQSUyMGJvdHRvbSUyMDAuM3MlMjBlYXNlJTIwMC40cyUzQiUwQSUyMCUyMCUyMCUyMGxlZnQlM0ElMjAwcHglM0IlMEElMjAlMjAlMjAlMjB3aWR0aCUzQSUyMDM1MHB4JTNCJTBBJTIwJTIwJTIwJTIwaGVpZ2h0JTNBJTIwMzdweCUzQiUwQSUyMCUyMCUyMCUyMHBhZGRpbmclM0ElMjA1cHglM0IlMEElMjAlMjAlMjAlMjBiYWNrZ3JvdW5kJTNBJTIwcmdiYSUyODAlMkMwJTJDMCUyQzAuOCUyOSUzQiUwQSUyMCUyMCUyMCUyMG1hcmdpbi10b3AlM0ElMjAtMzBweCUzQiUwQSUyMCUyMCUyMCUyMHotaW5kZXglM0ElMjAxNTAlM0IlMEElN0QlMEElM0MlMkZzdHlsZSUzRSUwQSUzQ2RpdiUyMGlkJTNEJTIyZ2FsZXJpZSUyMiUzRSUwQSUzQ3VsJTNFJTBBJTIwJTIwJTIwJTIwJTIwJTBBJTIwJTIwJTIwJTIwJTIwJTNDbGklM0UlMEElMjAlMjAlMjAlMjAlMjAlMjAlMjAlMjAlMjAlM0NhJTIwaHJlZiUzRCUyMiUyMyUyMiUzRSUwQSUyMCUyMCUyMCUyMCUyMCUyMCUyMCUyMCUyMCUyMCUzQ2ltZyUyMHNyYyUzRCUyMmh0dHBzJTNBJTJGJTJGZm9uZGF0aW9ubGdsLm9yZyUyRndwLWNvbnRlbnQlMkZ1cGxvYWRzJTJGMjAxNyUyRjA2JTJGMTQzQTkzMjguanBnJTIyJTIwYWx0JTNEJTIyJTIyJTIwd2lkdGglM0QlMjIxMDI0JTIyJTIwaGVpZ2h0JTNEJTIyNjgyJTIyJTIwY2xhc3MlM0QlMjJhbGlnbm5vbmUlMjBzaXplLWZ1bGwlMjB3cC1pbWFnZS0xMjUxJTIyJTIwJTJGJTNFJTBBJTIwJTIwJTIwJTIwJTIwJTIwJTIwJTIwJTIwJTIwJTNDc3Ryb25nJTNFUElTVEUlMjBBR1JJQ09MRSUzQyUyRnN0cm9uZyUzRSUwQSUyMCUyMCUyMCUyMCUyMCUyMCUyMCUyMCUyMCUyMCUzQyUyRmElM0UlMEElMjAlMjAlMjAlMjAlMjAlM0MlMkZsaSUzRSUwQSUzQ2xpJTNFJTBBJTIwJTIwJTIwJTIwJTIwJTIwJTIwJTIwJTIwJTNDYSUyMGhyZWYlM0QlMjIlMjMlMjIlM0UlMEElMjAlMjAlMjAlMjAlMjAlMjAlMjAlMjAlMjAlMjAlM0NpbWclMjBzcmMlM0QlMjJodHRwcyUzQSUyRiUyRmZvbmRhdGlvbmxnbC5vcmclMkZ3cC1jb250ZW50JTJGdXBsb2FkcyUyRjIwMTclMkYwNyUyRjE0M0E5ODgyLmpwZyUyMiUyMGFsdCUzRCUyMiUyMiUyMHdpZHRoJTNEJTIyMTAyNCUyMiUyMGhlaWdodCUzRCUyMjY4MiUyMiUyMGNsYXNzJTNEJTIyYWxpZ25ub25lJTIwc2l6ZS1mdWxsJTIwd3AtaW1hZ2UtMTI1MSUyMiUyMCUyRiUzRSUwQSUyMCUyMCUyMCUyMCUyMCUyMCUyMCUyMCUyMCUyMCUzQ3N0cm9uZyUzRVBMQU5URVVSUyUzQyUyRnN0cm9uZyUzRSUwQSUyMCUyMCUyMCUyMCUyMCUyMCUyMCUyMCUyMCUyMCUzQyUyRmElM0UlMEElMjAlMjAlMjAlMjAlMjAlM0MlMkZsaSUzRSUwQSUzQyUyRnVsJTNFJTBBJTNDJTJGZGl2JTNFJTBB[\/vc_raw_html][\/vc_column][\/vc_row][vc_row][vc_column][\/vc_column][\/vc_row][vc_row][vc_column][vc_column_text][\/vc_column_text][\/vc_column][\/vc_row][vc_row][vc_column][vc_raw_html]JTNDYnIlMjAlMkYlM0UlMEElM0NiciUyMCUyRiUzRSUwQSUzQ2JyJTIwJTJGJTNF[\/vc_raw_html][\/vc_column][\/vc_row]<\/p>","protected":false},"author":2,"featured_media":0,"parent":0,"menu_order":0,"comment_status":"closed","ping_status":"closed","template":"","meta":{"_acf_changed":false,"footnotes":""},"class_list":["post-2632","page","type-page","status-publish","hentry"],"acf":[],"yoast_head":"<!-- This site is optimized with the Yoast SEO plugin v24.7 - https:\/\/yoast.com\/wordpress\/plugins\/seo\/ -->\n<title>appui economique - &quot;Fondation Louis et Gizou Lamothe : Construire des Villages Intelligents en Ha\u00efti<\/title>\n<meta name=\"robots\" content=\"index, follow, max-snippet:-1, max-image-preview:large, max-video-preview:-1\" \/>\n<link rel=\"canonical\" href=\"https:\/\/fondationlgl.org\/en\/appui-economique\/\" \/>\n<meta property=\"og:locale\" content=\"en_US\" \/>\n<meta property=\"og:type\" content=\"article\" \/>\n<meta property=\"og:title\" content=\"appui economique - &quot;Fondation Louis et Gizou Lamothe : Construire des Villages Intelligents en Ha\u00efti\" \/>\n<meta property=\"og:description\" content=\"[vc_row][vc_column][vc_column_text] APPUI ECOMOMIQUE [\/vc_column_text][\/vc_column][\/vc_row][vc_row][vc_column][vc_raw_html]JTNDc3R5bGUlM0UlMEElMjNnYWxlcmllJTIwdWwlMjBsaSUyMGElMjBzdHJvbmclMjAlN0IlMEElMjAlMjAlMjAlMjBwb3NpdGlvbiUzQSUyMGFic29sdXRlJTNCJTBBJTIwJTIwJTIwJTIwYm90dG9tJTNBJTIwLTMwcHglM0IlMEElMjAlMjAlMjAlMjBvcGFjaXR5JTNBJTIwMCUzQiUwQSU3RCUwQSUwQSUyM2dhbGVyaWUlMjB1bCUyMGxpJTdCJTBBJTIwJTIwJTIwJTIwcG9zaXRpb24lM0FyZWxhdGl2ZSUzQiUwQSUwOXdpZHRoJTNBMzIwcHglM0IlMEElMjAlMjAlMjAlMjBtYXJnaW4lM0ElMjBhdXRvJTNCJTBBJTIwJTA5cGFkZGluZyUzQTIwcHglM0IlMEElMDlsaXN0LXN0eWxlJTNBbm9uZSUzQiUwQSUyMGZsb2F0JTNBbGVmdCUzQiUwQSU3RCUwQSUyM2dhbGVyaWUlMjB1bCUyMCU3QiUwQXdpZHRoJTNBNjUwcHglM0IlMEFtYXJnaW4lM0FhdXRvJTNCJTBBJTBBJTdEJTBBJTBBJTJGJTJBcGVybWV0JTIwZGUlMjBjciVDMyVBOWVyJTIwZGV1eCUyMGxpZ25lcyUyQSUyRiUwQSUyMCUyM2dhbGVyaWUlMjB1bCUyMGxpJTNBbnRoLWNoaWxkJTI4NG4lMjklN0JjbGVhciUzQWxlZnQlM0IlN0QlMjAlMEElMEElMjNnYWxlcmllJTIwdWwlMjBsaSUyMGElN0IlMEElMjAlMjAlMjAlMjAlMjBkaXNwbGF5JTNBYmxvY2slM0JvdmVyZmxvdyUzQWhpZGRlbiUzQiUwQSUyMCUyMCUyMCUyMCUyMHdpZHRoJTNBMzAwcHglM0JoZWlnaHQlM0EyMDBweCUzQiUwQSUyMCUyMCUyMCUyMCUyMG1hcmdpbi10b3AlM0EwcHglM0JtYXJnaW4tbGVmdCUzQTBweCUzQiUwQSUwQSUyMCUyMCUyMCUyMCUyMGJvcmRlci10b3AlM0E1cHglMjBzb2xpZCUyMHJnYmElMjgwJTJDMCUyQzAlMkMwLjI1JTI5JTNCJTBBJTIwYm9yZGVyLWxlZnQlM0E1cHglMjBzb2xpZCUyMHJnYmElMjgwJTJDMCUyQzAlMkMwLjI1JTI5JTNCJTBBJTIwJTIwJTIwJTIwJTIwdHJhbnNpdGlvbi1wcm9wZXJ0eSUzQXdpZHRoJTJDaGVpZ2h0JTJDbWFyZ2luJTJDei1pbmRleCUyQ2JvcmRlciUzQiUwQSUyMCUyMCUyMCUyMCUyMHRyYW5zaXRpb24tZHVyYXRpb24lM0EwLjRzJTNCJTBBJTdEJTBBJTBBJTIzZ2FsZXJpZSUyMHVsJTIwbGklMjBhJTNBaG92ZXIlN0IlMEElMjAlMjAlMjAlMjAlMjBwb3NpdGlvbiUzQWFic29sdXRlJTNCJTBBJTIwJTIwJTIwJTIwJTIwd2lkdGglM0EzMDBweCUzQmhlaWdodCUzQTIwMHB4JTNCJTBBJTIwJTIwJTIwJTIwJTIwbWFyZ2luLXRvcCUzQS00MHB4JTNCbWFyZ2luLWxlZnQlM0EtMzZweCUzQiUwQSUyMCUyMCUyMCUyMCUyMHotaW5kZXglM0ExMDAlM0IlMEElMjAlMjAlMjAlMjAlMjBib3JkZXIlM0E2cHglMjBzb2xpZCUyMHJnYmElMjgwJTJDMCUyQzAlMkMwLjclMjklM0IlMEElN0QlMEElMjAlMjAlMjAlMjAlMjAlMjAlMjAlMjAlMjAlMjAlMEElMjNnYWxlcmllJTIwdWwlMjBsaSUyMGElMjBpbWclN0IlMEElMjAlMjAlMjAlMjAlMjBwb3NpdGlvbiUzQWFic29sdXRlJTNCJTBBJTIwJTIwJTIwJTIwJTIwd2lkdGglM0EzMDBweCUzQnotaW5kZXglM0EyMCUzQiUwQSUyMCUyMCUyMCUyMCUyMHRyYW5zaXRpb24tcHJvcGVydHklM0F3aWR0aCUyQ2hlaWdodCUyQ3otaW5kZXglM0IlMEElMjAlMjAlMjAlMjAlMjB0cmFuc2l0aW9uLWR1cmF0aW9uJTNBMC40cyUzQiUwQSU3RCUwQSUyMCUyMCUyMCUyMCUyM2dhbGVyaWUlMjB1bCUyMGxpJTIwYSUzQWhvdmVyJTIwaW1nJTdCJTBBJTIwJTIwJTIwJTIwJTIwd2lkdGglM0EzMDBweCUzQmhlaWdodCUzQTIwMHB4JTNCJTBBJTIwJTIwJTIwJTIwJTIwei1pbmRleCUzQTEwMCUzQiUwQSU3RCUyMCUyMCUyMCUyMCUyMCUyMCUwQSUwQSUyM2dhbGVyaWUlMjB1bCUyMGxpJTIwYSUzQWhvdmVyJTIwc3Ryb25nJTIwJTdCJTBBJTIwJTIwJTIwJTIwb3BhY2l0eSUzQSUyMDElM0IlMEElMjAlMjAlMjAlMjBib3R0b20lM0ElMjAwcHglM0IlMEElMjAlMjAlMjAlMjAtd2Via2l0LXRyYW5zaXRpb24lM0ElMjBib3R0b20lMjAwLjNzJTIwZWFzZSUyMDAuNHMlM0IlMEElMjAlMjAlMjAlMjAtbW96LXRyYW5zaXRpb24lM0ElMjBib3R0b20lMjAwLjNzJTIwZWFzZSUyMDAuNHMlM0IlMEElMjAlMjAlMjAlMjAtby10cmFuc2l0aW9uJTNBJTIwYm90dG9tJTIwMC4zcyUyMGVhc2UlMjAwLjRzJTNCJTBBJTIwJTIwJTIwJTIwdHJhbnNpdGlvbiUzQSUyMGJvdHRvbSUyMDAuM3MlMjBlYXNlJTIwMC40cyUzQiUwQSUyMCUyMCUyMCUyMGxlZnQlM0ElMjAwcHglM0IlMEElMjAlMjAlMjAlMjB3aWR0aCUzQSUyMDM1MHB4JTNCJTBBJTIwJTIwJTIwJTIwaGVpZ2h0JTNBJTIwMzdweCUzQiUwQSUyMCUyMCUyMCUyMHBhZGRpbmclM0ElMjA1cHglM0IlMEElMjAlMjAlMjAlMjBiYWNrZ3JvdW5kJTNBJTIwcmdiYSUyODAlMkMwJTJDMCUyQzAuOCUyOSUzQiUwQSUyMCUyMCUyMCUyMG1hcmdpbi10b3AlM0ElMjAtMzBweCUzQiUwQSUyMCUyMCUyMCUyMHotaW5kZXglM0ElMjAxNTAlM0IlMEElN0QlMEElM0MlMkZzdHlsZSUzRSUwQSUzQ2RpdiUyMGlkJTNEJTIyZ2FsZXJpZSUyMiUzRSUwQSUzQ3VsJTNFJTBBJTIwJTIwJTIwJTIwJTIwJTBBJTIwJTIwJTIwJTIwJTIwJTNDbGklM0UlMEElMjAlMjAlMjAlMjAlMjAlMjAlMjAlMjAlMjAlM0NhJTIwaHJlZiUzRCUyMiUyMyUyMiUzRSUwQSUyMCUyMCUyMCUyMCUyMCUyMCUyMCUyMCUyMCUyMCUzQ2ltZyUyMHNyYyUzRCUyMmh0dHBzJTNBJTJGJTJGZm9uZGF0aW9ubGdsLm9yZyUyRndwLWNvbnRlbnQlMkZ1cGxvYWRzJTJGMjAxNyUyRjA2JTJGMTQzQTkzMjguanBnJTIyJTIwYWx0JTNEJTIyJTIyJTIwd2lkdGglM0QlMjIxMDI0JTIyJTIwaGVpZ2h0JTNEJTIyNjgyJTIyJTIwY2xhc3MlM0QlMjJhbGlnbm5vbmUlMjBzaXplLWZ1bGwlMjB3cC1pbWFnZS0xMjUxJTIyJTIwJTJGJTNFJTBBJTIwJTIwJTIwJTIwJTIwJTIwJTIwJTIwJTIwJTIwJTNDc3Ryb25nJTNFUElTVEUlMjBBR1JJQ09MRSUzQyUyRnN0cm9uZyUzRSUwQSUyMCUyMCUyMCUyMCUyMCUyMCUyMCUyMCUyMCUyMCUzQyUyRmElM0UlMEElMjAlMjAlMjAlMjAlMjAlM0MlMkZsaSUzRSUwQSUzQ2xpJTNFJTBBJTIwJTIwJTIwJTIwJTIwJTIwJTIwJTIwJTIwJTNDYSUyMGhyZWYlM0QlMjIlMjMlMjIlM0UlMEElMjAlMjAlMjAlMjAlMjAlMjAlMjAlMjAlMjAlMjAlM0NpbWclMjBzcmMlM0QlMjJodHRwcyUzQSUyRiUyRmZvbmRhdGlvbmxnbC5vcmclMkZ3cC1jb250ZW50JTJGdXBsb2FkcyUyRjIwMTclMkYwNyUyRjE0M0E5ODgyLmpwZyUyMiUyMGFsdCUzRCUyMiUyMiUyMHdpZHRoJTNEJTIyMTAyNCUyMiUyMGhlaWdodCUzRCUyMjY4MiUyMiUyMGNsYXNzJTNEJTIyYWxpZ25ub25lJTIwc2l6ZS1mdWxsJTIwd3AtaW1hZ2UtMTI1MSUyMiUyMCUyRiUzRSUwQSUyMCUyMCUyMCUyMCUyMCUyMCUyMCUyMCUyMCUyMCUzQ3N0cm9uZyUzRVBMQU5URVVSUyUzQyUyRnN0cm9uZyUzRSUwQSUyMCUyMCUyMCUyMCUyMCUyMCUyMCUyMCUyMCUyMCUzQyUyRmElM0UlMEElMjAlMjAlMjAlMjAlMjAlM0MlMkZsaSUzRSUwQSUzQyUyRnVsJTNFJTBBJTNDJTJGZGl2JTNFJTBB[\/vc_raw_html][\/vc_column][\/vc_row][vc_row][vc_column][\/vc_column][\/vc_row][vc_row][vc_column][vc_column_text][\/vc_column_text][\/vc_column][\/vc_row][vc_row][vc_column][vc_raw_html]JTNDYnIlMjAlMkYlM0UlMEElM0NiciUyMCUyRiUzRSUwQSUzQ2JyJTIwJTJGJTNF[\/vc_raw_html][\/vc_column][\/vc_row]\" \/>\n<meta property=\"og:url\" content=\"https:\/\/fondationlgl.org\/en\/appui-economique\/\" \/>\n<meta property=\"og:site_name\" content=\"&quot;Fondation Louis et Gizou Lamothe : Construire des Villages Intelligents en Ha\u00efti\" \/>\n<meta property=\"article:modified_time\" content=\"2017-08-03T15:00:41+00:00\" \/>\n<meta name=\"twitter:card\" content=\"summary_large_image\" \/>\n<meta name=\"twitter:label1\" content=\"Est. reading time\" \/>\n\t<meta name=\"twitter:data1\" content=\"2 minutes\" \/>\n<script type=\"application\/ld+json\" class=\"yoast-schema-graph\">{\"@context\":\"https:\/\/schema.org\",\"@graph\":[{\"@type\":\"WebPage\",\"@id\":\"https:\/\/fondationlgl.org\/appui-economique\/\",\"url\":\"https:\/\/fondationlgl.org\/appui-economique\/\",\"name\":\"appui economique - &quot;Fondation Louis et Gizou Lamothe : Construire des Villages Intelligents en Ha\u00efti\",\"isPartOf\":{\"@id\":\"https:\/\/fondationlgl.org\/#website\"},\"datePublished\":\"2017-08-03T14:18:04+00:00\",\"dateModified\":\"2017-08-03T15:00:41+00:00\",\"breadcrumb\":{\"@id\":\"https:\/\/fondationlgl.org\/appui-economique\/#breadcrumb\"},\"inLanguage\":\"en-US\",\"potentialAction\":[{\"@type\":\"ReadAction\",\"target\":[\"https:\/\/fondationlgl.org\/appui-economique\/\"]}]},{\"@type\":\"BreadcrumbList\",\"@id\":\"https:\/\/fondationlgl.org\/appui-economique\/#breadcrumb\",\"itemListElement\":[{\"@type\":\"ListItem\",\"position\":1,\"name\":\"Home\",\"item\":\"https:\/\/fondationlgl.org\/\"},{\"@type\":\"ListItem\",\"position\":2,\"name\":\"appui economique\"}]},{\"@type\":\"WebSite\",\"@id\":\"https:\/\/fondationlgl.org\/#website\",\"url\":\"https:\/\/fondationlgl.org\/\",\"name\":\"&quot;Fondation Louis et Gizou Lamothe : Construire des Villages Intelligents en Ha\u00efti\",\"description\":\"Renforcer les communaut\u00e9s ha\u00eftiennes \u00e0 travers l&#039;\u00e9ducation, la sant\u00e9, le sport, l&#039;environnement et la culture\",\"potentialAction\":[{\"@type\":\"SearchAction\",\"target\":{\"@type\":\"EntryPoint\",\"urlTemplate\":\"https:\/\/fondationlgl.org\/?s={search_term_string}\"},\"query-input\":{\"@type\":\"PropertyValueSpecification\",\"valueRequired\":true,\"valueName\":\"search_term_string\"}}],\"inLanguage\":\"en-US\"}]}<\/script>\n<!-- \/ Yoast SEO plugin. -->","yoast_head_json":{"title":"appui economique - &quot;Fondation Louis et Gizou Lamothe : Construire des Villages Intelligents en Ha\u00efti","robots":{"index":"index","follow":"follow","max-snippet":"max-snippet:-1","max-image-preview":"max-image-preview:large","max-video-preview":"max-video-preview:-1"},"canonical":"https:\/\/fondationlgl.org\/en\/appui-economique\/","og_locale":"en_US","og_type":"article","og_title":"appui economique - &quot;Fondation Louis et Gizou Lamothe : Construire des Villages Intelligents en Ha\u00efti","og_description":"[vc_row][vc_column][vc_column_text] APPUI ECOMOMIQUE [\/vc_column_text][\/vc_column][\/vc_row][vc_row][vc_column][vc_raw_html]JTNDc3R5bGUlM0UlMEElMjNnYWxlcmllJTIwdWwlMjBsaSUyMGElMjBzdHJvbmclMjAlN0IlMEElMjAlMjAlMjAlMjBwb3NpdGlvbiUzQSUyMGFic29sdXRlJTNCJTBBJTIwJTIwJTIwJTIwYm90dG9tJTNBJTIwLTMwcHglM0IlMEElMjAlMjAlMjAlMjBvcGFjaXR5JTNBJTIwMCUzQiUwQSU3RCUwQSUwQSUyM2dhbGVyaWUlMjB1bCUyMGxpJTdCJTBBJTIwJTIwJTIwJTIwcG9zaXRpb24lM0FyZWxhdGl2ZSUzQiUwQSUwOXdpZHRoJTNBMzIwcHglM0IlMEElMjAlMjAlMjAlMjBtYXJnaW4lM0ElMjBhdXRvJTNCJTBBJTIwJTA5cGFkZGluZyUzQTIwcHglM0IlMEElMDlsaXN0LXN0eWxlJTNBbm9uZSUzQiUwQSUyMGZsb2F0JTNBbGVmdCUzQiUwQSU3RCUwQSUyM2dhbGVyaWUlMjB1bCUyMCU3QiUwQXdpZHRoJTNBNjUwcHglM0IlMEFtYXJnaW4lM0FhdXRvJTNCJTBBJTBBJTdEJTBBJTBBJTJGJTJBcGVybWV0JTIwZGUlMjBjciVDMyVBOWVyJTIwZGV1eCUyMGxpZ25lcyUyQSUyRiUwQSUyMCUyM2dhbGVyaWUlMjB1bCUyMGxpJTNBbnRoLWNoaWxkJTI4NG4lMjklN0JjbGVhciUzQWxlZnQlM0IlN0QlMjAlMEElMEElMjNnYWxlcmllJTIwdWwlMjBsaSUyMGElN0IlMEElMjAlMjAlMjAlMjAlMjBkaXNwbGF5JTNBYmxvY2slM0JvdmVyZmxvdyUzQWhpZGRlbiUzQiUwQSUyMCUyMCUyMCUyMCUyMHdpZHRoJTNBMzAwcHglM0JoZWlnaHQlM0EyMDBweCUzQiUwQSUyMCUyMCUyMCUyMCUyMG1hcmdpbi10b3AlM0EwcHglM0JtYXJnaW4tbGVmdCUzQTBweCUzQiUwQSUwQSUyMCUyMCUyMCUyMCUyMGJvcmRlci10b3AlM0E1cHglMjBzb2xpZCUyMHJnYmElMjgwJTJDMCUyQzAlMkMwLjI1JTI5JTNCJTBBJTIwYm9yZGVyLWxlZnQlM0E1cHglMjBzb2xpZCUyMHJnYmElMjgwJTJDMCUyQzAlMkMwLjI1JTI5JTNCJTBBJTIwJTIwJTIwJTIwJTIwdHJhbnNpdGlvbi1wcm9wZXJ0eSUzQXdpZHRoJTJDaGVpZ2h0JTJDbWFyZ2luJTJDei1pbmRleCUyQ2JvcmRlciUzQiUwQSUyMCUyMCUyMCUyMCUyMHRyYW5zaXRpb24tZHVyYXRpb24lM0EwLjRzJTNCJTBBJTdEJTBBJTBBJTIzZ2FsZXJpZSUyMHVsJTIwbGklMjBhJTNBaG92ZXIlN0IlMEElMjAlMjAlMjAlMjAlMjBwb3NpdGlvbiUzQWFic29sdXRlJTNCJTBBJTIwJTIwJTIwJTIwJTIwd2lkdGglM0EzMDBweCUzQmhlaWdodCUzQTIwMHB4JTNCJTBBJTIwJTIwJTIwJTIwJTIwbWFyZ2luLXRvcCUzQS00MHB4JTNCbWFyZ2luLWxlZnQlM0EtMzZweCUzQiUwQSUyMCUyMCUyMCUyMCUyMHotaW5kZXglM0ExMDAlM0IlMEElMjAlMjAlMjAlMjAlMjBib3JkZXIlM0E2cHglMjBzb2xpZCUyMHJnYmElMjgwJTJDMCUyQzAlMkMwLjclMjklM0IlMEElN0QlMEElMjAlMjAlMjAlMjAlMjAlMjAlMjAlMjAlMjAlMjAlMEElMjNnYWxlcmllJTIwdWwlMjBsaSUyMGElMjBpbWclN0IlMEElMjAlMjAlMjAlMjAlMjBwb3NpdGlvbiUzQWFic29sdXRlJTNCJTBBJTIwJTIwJTIwJTIwJTIwd2lkdGglM0EzMDBweCUzQnotaW5kZXglM0EyMCUzQiUwQSUyMCUyMCUyMCUyMCUyMHRyYW5zaXRpb24tcHJvcGVydHklM0F3aWR0aCUyQ2hlaWdodCUyQ3otaW5kZXglM0IlMEElMjAlMjAlMjAlMjAlMjB0cmFuc2l0aW9uLWR1cmF0aW9uJTNBMC40cyUzQiUwQSU3RCUwQSUyMCUyMCUyMCUyMCUyM2dhbGVyaWUlMjB1bCUyMGxpJTIwYSUzQWhvdmVyJTIwaW1nJTdCJTBBJTIwJTIwJTIwJTIwJTIwd2lkdGglM0EzMDBweCUzQmhlaWdodCUzQTIwMHB4JTNCJTBBJTIwJTIwJTIwJTIwJTIwei1pbmRleCUzQTEwMCUzQiUwQSU3RCUyMCUyMCUyMCUyMCUyMCUyMCUwQSUwQSUyM2dhbGVyaWUlMjB1bCUyMGxpJTIwYSUzQWhvdmVyJTIwc3Ryb25nJTIwJTdCJTBBJTIwJTIwJTIwJTIwb3BhY2l0eSUzQSUyMDElM0IlMEElMjAlMjAlMjAlMjBib3R0b20lM0ElMjAwcHglM0IlMEElMjAlMjAlMjAlMjAtd2Via2l0LXRyYW5zaXRpb24lM0ElMjBib3R0b20lMjAwLjNzJTIwZWFzZSUyMDAuNHMlM0IlMEElMjAlMjAlMjAlMjAtbW96LXRyYW5zaXRpb24lM0ElMjBib3R0b20lMjAwLjNzJTIwZWFzZSUyMDAuNHMlM0IlMEElMjAlMjAlMjAlMjAtby10cmFuc2l0aW9uJTNBJTIwYm90dG9tJTIwMC4zcyUyMGVhc2UlMjAwLjRzJTNCJTBBJTIwJTIwJTIwJTIwdHJhbnNpdGlvbiUzQSUyMGJvdHRvbSUyMDAuM3MlMjBlYXNlJTIwMC40cyUzQiUwQSUyMCUyMCUyMCUyMGxlZnQlM0ElMjAwcHglM0IlMEElMjAlMjAlMjAlMjB3aWR0aCUzQSUyMDM1MHB4JTNCJTBBJTIwJTIwJTIwJTIwaGVpZ2h0JTNBJTIwMzdweCUzQiUwQSUyMCUyMCUyMCUyMHBhZGRpbmclM0ElMjA1cHglM0IlMEElMjAlMjAlMjAlMjBiYWNrZ3JvdW5kJTNBJTIwcmdiYSUyODAlMkMwJTJDMCUyQzAuOCUyOSUzQiUwQSUyMCUyMCUyMCUyMG1hcmdpbi10b3AlM0ElMjAtMzBweCUzQiUwQSUyMCUyMCUyMCUyMHotaW5kZXglM0ElMjAxNTAlM0IlMEElN0QlMEElM0MlMkZzdHlsZSUzRSUwQSUzQ2RpdiUyMGlkJTNEJTIyZ2FsZXJpZSUyMiUzRSUwQSUzQ3VsJTNFJTBBJTIwJTIwJTIwJTIwJTIwJTBBJTIwJTIwJTIwJTIwJTIwJTNDbGklM0UlMEElMjAlMjAlMjAlMjAlMjAlMjAlMjAlMjAlMjAlM0NhJTIwaHJlZiUzRCUyMiUyMyUyMiUzRSUwQSUyMCUyMCUyMCUyMCUyMCUyMCUyMCUyMCUyMCUyMCUzQ2ltZyUyMHNyYyUzRCUyMmh0dHBzJTNBJTJGJTJGZm9uZGF0aW9ubGdsLm9yZyUyRndwLWNvbnRlbnQlMkZ1cGxvYWRzJTJGMjAxNyUyRjA2JTJGMTQzQTkzMjguanBnJTIyJTIwYWx0JTNEJTIyJTIyJTIwd2lkdGglM0QlMjIxMDI0JTIyJTIwaGVpZ2h0JTNEJTIyNjgyJTIyJTIwY2xhc3MlM0QlMjJhbGlnbm5vbmUlMjBzaXplLWZ1bGwlMjB3cC1pbWFnZS0xMjUxJTIyJTIwJTJGJTNFJTBBJTIwJTIwJTIwJTIwJTIwJTIwJTIwJTIwJTIwJTIwJTNDc3Ryb25nJTNFUElTVEUlMjBBR1JJQ09MRSUzQyUyRnN0cm9uZyUzRSUwQSUyMCUyMCUyMCUyMCUyMCUyMCUyMCUyMCUyMCUyMCUzQyUyRmElM0UlMEElMjAlMjAlMjAlMjAlMjAlM0MlMkZsaSUzRSUwQSUzQ2xpJTNFJTBBJTIwJTIwJTIwJTIwJTIwJTIwJTIwJTIwJTIwJTNDYSUyMGhyZWYlM0QlMjIlMjMlMjIlM0UlMEElMjAlMjAlMjAlMjAlMjAlMjAlMjAlMjAlMjAlMjAlM0NpbWclMjBzcmMlM0QlMjJodHRwcyUzQSUyRiUyRmZvbmRhdGlvbmxnbC5vcmclMkZ3cC1jb250ZW50JTJGdXBsb2FkcyUyRjIwMTclMkYwNyUyRjE0M0E5ODgyLmpwZyUyMiUyMGFsdCUzRCUyMiUyMiUyMHdpZHRoJTNEJTIyMTAyNCUyMiUyMGhlaWdodCUzRCUyMjY4MiUyMiUyMGNsYXNzJTNEJTIyYWxpZ25ub25lJTIwc2l6ZS1mdWxsJTIwd3AtaW1hZ2UtMTI1MSUyMiUyMCUyRiUzRSUwQSUyMCUyMCUyMCUyMCUyMCUyMCUyMCUyMCUyMCUyMCUzQ3N0cm9uZyUzRVBMQU5URVVSUyUzQyUyRnN0cm9uZyUzRSUwQSUyMCUyMCUyMCUyMCUyMCUyMCUyMCUyMCUyMCUyMCUzQyUyRmElM0UlMEElMjAlMjAlMjAlMjAlMjAlM0MlMkZsaSUzRSUwQSUzQyUyRnVsJTNFJTBBJTNDJTJGZGl2JTNFJTBB[\/vc_raw_html][\/vc_column][\/vc_row][vc_row][vc_column][\/vc_column][\/vc_row][vc_row][vc_column][vc_column_text][\/vc_column_text][\/vc_column][\/vc_row][vc_row][vc_column][vc_raw_html]JTNDYnIlMjAlMkYlM0UlMEElM0NiciUyMCUyRiUzRSUwQSUzQ2JyJTIwJTJGJTNF[\/vc_raw_html][\/vc_column][\/vc_row]","og_url":"https:\/\/fondationlgl.org\/en\/appui-economique\/","og_site_name":"&quot;Fondation Louis et Gizou Lamothe : Construire des Villages Intelligents en Ha\u00efti","article_modified_time":"2017-08-03T15:00:41+00:00","twitter_card":"summary_large_image","twitter_misc":{"Est. reading time":"2 minutes"},"schema":{"@context":"https:\/\/schema.org","@graph":[{"@type":"WebPage","@id":"https:\/\/fondationlgl.org\/appui-economique\/","url":"https:\/\/fondationlgl.org\/appui-economique\/","name":"appui economique - &quot;Fondation Louis et Gizou Lamothe : Construire des Villages Intelligents en Ha\u00efti","isPartOf":{"@id":"https:\/\/fondationlgl.org\/#website"},"datePublished":"2017-08-03T14:18:04+00:00","dateModified":"2017-08-03T15:00:41+00:00","breadcrumb":{"@id":"https:\/\/fondationlgl.org\/appui-economique\/#breadcrumb"},"inLanguage":"en-US","potentialAction":[{"@type":"ReadAction","target":["https:\/\/fondationlgl.org\/appui-economique\/"]}]},{"@type":"BreadcrumbList","@id":"https:\/\/fondationlgl.org\/appui-economique\/#breadcrumb","itemListElement":[{"@type":"ListItem","position":1,"name":"Home","item":"https:\/\/fondationlgl.org\/"},{"@type":"ListItem","position":2,"name":"appui economique"}]},{"@type":"WebSite","@id":"https:\/\/fondationlgl.org\/#website","url":"https:\/\/fondationlgl.org\/","name":"&quot;Fondation Louis et Gizou Lamothe : Construire des Villages Intelligents en Ha\u00efti","description":"Renforcer les communaut\u00e9s ha\u00eftiennes \u00e0 travers l&#039;\u00e9ducation, la sant\u00e9, le sport, l&#039;environnement et la culture","potentialAction":[{"@type":"SearchAction","target":{"@type":"EntryPoint","urlTemplate":"https:\/\/fondationlgl.org\/?s={search_term_string}"},"query-input":{"@type":"PropertyValueSpecification","valueRequired":true,"valueName":"search_term_string"}}],"inLanguage":"en-US"}]}},"_links":{"self":[{"href":"https:\/\/fondationlgl.org\/en\/wp-json\/wp\/v2\/pages\/2632","targetHints":{"allow":["GET"]}}],"collection":[{"href":"https:\/\/fondationlgl.org\/en\/wp-json\/wp\/v2\/pages"}],"about":[{"href":"https:\/\/fondationlgl.org\/en\/wp-json\/wp\/v2\/types\/page"}],"author":[{"embeddable":true,"href":"https:\/\/fondationlgl.org\/en\/wp-json\/wp\/v2\/users\/2"}],"replies":[{"embeddable":true,"href":"https:\/\/fondationlgl.org\/en\/wp-json\/wp\/v2\/comments?post=2632"}],"version-history":[{"count":0,"href":"https:\/\/fondationlgl.org\/en\/wp-json\/wp\/v2\/pages\/2632\/revisions"}],"wp:attachment":[{"href":"https:\/\/fondationlgl.org\/en\/wp-json\/wp\/v2\/media?parent=2632"}],"curies":[{"name":"wp","href":"https:\/\/api.w.org\/{rel}","templated":true}]}}