{"id":2351,"date":"2017-06-29T17:33:04","date_gmt":"2017-06-29T17:33:04","guid":{"rendered":"http:\/\/test.fondationlgl.org\/?page_id=2351"},"modified":"2017-07-14T17:23:40","modified_gmt":"2017-07-14T17:23:40","slug":"farm-tracks","status":"publish","type":"page","link":"https:\/\/fondationlgl.org\/en\/farm-tracks\/","title":{"rendered":"farm tracks"},"content":{"rendered":"<p>[vc_row][vc_column][\/vc_column][vc_column][vc_row_inner][vc_column_inner][vc_column_text][\/vc_column_text][\/vc_column_inner][\/vc_row_inner][\/vc_column][\/vc_row][vc_row][vc_column][vc_column_text css_animation=\u00a0\u00bbappear\u00a0\u00bb]<\/p>\n<h2 style=\"text-align: center;\">Construction of a 2.66km farm track in Panyol<\/h2>\n<p>[\/vc_column_text][\/vc_column][\/vc_row][vc_row][vc_column][vc_raw_html]JTNDZGl2JTIwc3R5bGUlM0QlMjJ3aWR0aCUzQTEwMCUyNSUzQm1hcmdpbi10b3AlM0EtMzVweCUzQiUyMiUzRSUzQ2ElMjBocmVmJTNEJTIyJTIyJTIwc3R5bGUlM0QlMjIlMjIlM0UlM0NpbWclMjBzcmMlM0QlMjJodHRwcyUzQSUyRiUyRmZvbmRhdGlvbmxnbC5vcmclMkZ3cC1jb250ZW50JTJGdGhlbWVzJTJGZmFuZGF0aW9ubGdud3AlMkZpbWFnZXMlMkZnYWxlcmllMi5wbmclMjJhbHQlM0QlMjJnYWxlcmllJTIyJTIwdGl0bGUlM0QlMjJWb2lyJTIwbm9zJTIwZ2FsZXJpZXMlMjIlMjB3aWR0aCUzRCUyMjMlMjUlMjIlMjBzdHlsZSUzRCUyMmZsb2F0JTNBcmlnaHQlMjIlM0UlM0MlMkZhJTNFJTNDJTJGZGl2JTNF[\/vc_raw_html][vc_masonry_media_grid element_width=\u00a0\u00bb2&Prime; grid_id=\u00a0\u00bbvc_gid:1500053030105-fdc348f6-f192-10&Prime; include=\u00a0\u00bb2526,2524,2538,2536,2539,2525&Prime;][\/vc_column][\/vc_row][vc_row][vc_column][vc_raw_html]JTNDZGl2JTIwc3R5bGUlM0QlMjJ3aWR0aCUzQTgwJTI1JTNCdGV4dC1hbGlnbiUzQWp1c3RpZnklM0JtYXJnaW4lM0FhdXRvJTNCZm9udC1zaXplJTNBMjBweCUzQiUyMiUzRSUwQSUwQSUzQ3AlM0UlM0NwJTNFJTNDc3BhbiUyMHN0eWxlJTNEJTIyZm9udC13ZWlnaHQlM0Fib2xkJTNCZm9udC1zaXplJTNBMjVweCUzQiUyMiUzRVQlM0MlMkZzcGFuJTNFaGUlMjBEciUyMExvdWlzJTIwRy4lMjBMYW1vdGhlJTIwRm91bmRhdGlvbiUyMGhhcyUyMGJ1aWx0JTJDJTIwd2l0aCUyMHRoZSUyMGZpbmFuY2lhbCUyMHN1cHBvcnQlMjBvZiUyMCUyMCUzQ2ElMjBocmVmJTNEJTIyaHR0cCUzQSUyRiUyRnd3dy5kaWdpY2VsZm91bmRhdGlvbi5vcmclMkZkaWdpY2VsZm91bmRhdGlvbi1vcmclMkZoYWl0aSUyRmZyJTJGYWNjdWVpbC5odG1sJTIyJTIwb25jbGljayUzRCUyMndpbmRvdy5vcGVuJTI4dGhpcy5ocmVmJTI5JTNCJTIwcmV0dXJuJTIwZmFsc2UlM0IlMjIlMjBzdHlsZSUzRCUyMnRleHQtZGVjb3JhdGlvbiUzQXVuZGVybGluZSUzQiUyMiUzRXRoZSUyMERpZ2ljZWwlMjBGb3VuZGF0aW9uJTNDJTJGYSUzRSUyQyUyMGElMjAyLjY2JTIwa20lMjBmYXJtJTIwdHJhY2slMjBzdGFydGluZyUyMGZyb20lMjB0aGUlMjBGdXJjeSUyMHJvYWQlMjBpbiUyMFBhbnlvbCUyQyUyMGElMjB2aWxsYWdlJTIwbG9jYXRlZCUyMGluJTIwS2Vuc2NvZmYlMjdzJTIwM3JkJTIwY29tbXVuYWwlMjBzZWN0aW9uJTJDJTIwU291ciVDMyVBN2FpbGxlcy4lMjBUaGlzJTIwaW5mcmFzdHJ1Y3R1cmUlMkMlMjB3aGljaCUyMGNvbnN0aXR1dGVkJTIwb25lJTIwb2YlMjB0aGUlMjBtYWluJTIwbmVlZHMlMjBleHByZXNzZWQlMjBieSUyMHRoZSUyMGluaGFiaXRhbnRzJTIwb2YlMjBQYW55b2wlMjBpbiUyMHRoZSUyMGNvbnRleHQlMjBvZiUyMGElMjBzb2NpYWwlMjBkaWFsb2clMkMlMjBhbGxvd2VkJTIwdGhpcyUyMHNtYWxsJTIwbG9jYWxpdHklMjB0byUyMG9wZW4lMjB1cCUyMHRvJTIwdGhlJTIwcmVzdCUyMG9mJTIwdGhlJTIwcmVnaW9uLiUyMCUyMEZyb20lMjBub3clMjBvbiUyQyUyMHRoZSUyMGluaGFiaXRhbnRzJTIwY2FuJTIwdHJhbnNwb3J0JTIwdGhlaXIlMjBhZ3JpY3VsdHVyYWwlMjBwcm9kdWN0cyUyMHRvJTIwbGFyZ2UlMjB1cmJhbiUyMGNlbnRlcnMlMjBhbmQlMjBoYXZlJTIwZmFzdGVyJTIwYWNjZXNzJTIwdG8lMjB0aGUlMjBGdXJjeSUyMFJvYWQlMjBpbiUyMEtlbnNjb2ZmLiUyMCUzQyUyRnAlM0UlMEElMjAlMEElM0NwJTNFTFRoaXMlMjBpbmZyYXN0cnVjdHVyZSUyMHBhdmVzJTIwdGhlJTIwd2F5JTIwZm9yJTIwdGhlJTIwaW50ZW5zaWZpY2F0aW9uJTIwb2YlMjB2YXJpb3VzJTIwZWNvbm9taWMlMjBhY3Rpdml0aWVzJTIwaW4lMjBQYW55b2wlMkMlMjB3aG9zZSUyMGluaGFiaXRhbnRzJTIwdG9vayUyMGElMjBncmVhdCUyMGRlYWwlMjBvZiUyMGVuam95bWVudCUyMGluJTIwd2l0bmVzc2luZyUyMHRoZSUyMGFycml2YWwlMjBvZiUyMGElMjA0eDQlMjB2ZWhpY2xlJTIwaW4lMjB0aGVpciUyMHZpbGxhZ2UlMjBmb3IlMjB0aGUlMjBmaXJzdCUyMHRpbWUuJTIwJTNDJTJGcCUzRSUwQSUyMCUwQSUzQ3AlM0UlM0NmaWd1cmUlMjBzdHlsZSUzRCUyMmZsb2F0JTNBcmlnaHQlM0JtYXJnaW4tbGVmdCUzQTIwcHglM0IlMjIlM0UlM0NpbWclMjBzcmMlM0QlMjJodHRwcyUzQSUyRiUyRmZvbmRhdGlvbmxnbC5vcmclMkZ3cC1jb250ZW50JTJGdXBsb2FkcyUyRjIwMTclMkYwNiUyRjE0M0E5NzQ5LmpwZyUyMiUyMHdpZHRoJTNEJTIyMzUwcHglMjIlMjAlMkYlM0UlM0NmaWdjYXB0aW9uJTIwc3R5bGUlM0QlMjJmb250LXNpemUlM0ExNXB4JTNCZm9udC1zdHlsZSUzQWl0YWxpYyUzQiUyMiUzRVRyYWRlcnMlMjB0cmF2ZWwlMjBsZXNzJTIwdGhhbiUyMDE1JTIwa20lMjBwZXIlMjBkYXklM0MlMkZmaWdjYXB0aW9uJTNFJTNDJTJGZmlndXJlJTNFVGhpcyUyMGltcG9ydGFudCUyMGVudHJ5JTIwcm91dGUlMjBhbHNvJTIwY3JlYXRlZCUyMGFuJTIwb3BlbmluZyUyMG9uJTIwdGhlJTIwd29ybGQlMjBmb3IlMjB0aGlzJTIwbG9uZy1pc29sYXRlZCUyMGNvbW11bml0eSUyQyUyMHdoaWNoJTIwY2FuJTIwbm93JTIwYXNwaXJlJTIwdG8lMjBuZXclMjBvcHBvcnR1bml0aWVzJTIwaW4lMjByZWxhdGlvbiUyMHRvJTIwdGhlJTIwaHVnZSUyMHBvdGVudGlhbCUyMG9mJTIwdGhlJTIwcmVnaW9uJTJDJTIwZXNwZWNpYWxseSUyMGluJTIwdGhlJTIwYWdyaWN1bHR1cmFsJTIwZG9tYWluJTIwJTI4ZnJ1aXQlMjBhbmQlMjB2ZWdldGFibGVzJTI5LiUyMCUyMEJ5JTIwcHJvdmlkaW5nJTIwUGFueW9sJTIwd2l0aCUyMGdyZWF0ZXIlMjBhY2Nlc3NpYmlsaXR5JTJDJTIwdGhpcyUyMGZhcm0lMjB0cmFjayUyMGdpdmVzJTIwbmV3JTIwaG9wZSUyMHRvJTIwdGhlJTIwY29tbXVuaXR5JTI3cyUyMGNoaWxkcmVuJTJDJTIwd2hvJTIwY2FuJTIwbm93JTIwbG9vayUyMGZvcndhcmQlMjB0byUyMGElMjBiZXR0ZXIlMjBmdXR1cmUuJTIwJTBBJTNDJTJGcCUzRSUwQSUzQyUyRmRpdiUzRQ==[\/vc_raw_html][\/vc_column][\/vc_row]<\/p>","protected":false},"excerpt":{"rendered":"<p>[vc_row][vc_column][\/vc_column][vc_column][vc_row_inner][vc_column_inner][vc_column_text][\/vc_column_text][\/vc_column_inner][\/vc_row_inner][\/vc_column][\/vc_row][vc_row][vc_column][vc_column_text css_animation=\u00a0\u00bbappear\u00a0\u00bb] Construction of a 2.66km farm track in Panyol [\/vc_column_text][\/vc_column][\/vc_row][vc_row][vc_column][vc_raw_html]JTNDZGl2JTIwc3R5bGUlM0QlMjJ3aWR0aCUzQTEwMCUyNSUzQm1hcmdpbi10b3AlM0EtMzVweCUzQiUyMiUzRSUzQ2ElMjBocmVmJTNEJTIyJTIyJTIwc3R5bGUlM0QlMjIlMjIlM0UlM0NpbWclMjBzcmMlM0QlMjJodHRwcyUzQSUyRiUyRmZvbmRhdGlvbmxnbC5vcmclMkZ3cC1jb250ZW50JTJGdGhlbWVzJTJGZmFuZGF0aW9ubGdud3AlMkZpbWFnZXMlMkZnYWxlcmllMi5wbmclMjJhbHQlM0QlMjJnYWxlcmllJTIyJTIwdGl0bGUlM0QlMjJWb2lyJTIwbm9zJTIwZ2FsZXJpZXMlMjIlMjB3aWR0aCUzRCUyMjMlMjUlMjIlMjBzdHlsZSUzRCUyMmZsb2F0JTNBcmlnaHQlMjIlM0UlM0MlMkZhJTNFJTNDJTJGZGl2JTNF[\/vc_raw_html][vc_masonry_media_grid element_width=\u00a0\u00bb2&Prime; grid_id=\u00a0\u00bbvc_gid:1500053030105-fdc348f6-f192-10&Prime; include=\u00a0\u00bb2526,2524,2538,2536,2539,2525&Prime;][\/vc_column][\/vc_row][vc_row][vc_column][vc_raw_html]JTNDZGl2JTIwc3R5bGUlM0QlMjJ3aWR0aCUzQTgwJTI1JTNCdGV4dC1hbGlnbiUzQWp1c3RpZnklM0JtYXJnaW4lM0FhdXRvJTNCZm9udC1zaXplJTNBMjBweCUzQiUyMiUzRSUwQSUwQSUzQ3AlM0UlM0NwJTNFJTNDc3BhbiUyMHN0eWxlJTNEJTIyZm9udC13ZWlnaHQlM0Fib2xkJTNCZm9udC1zaXplJTNBMjVweCUzQiUyMiUzRVQlM0MlMkZzcGFuJTNFaGUlMjBEciUyMExvdWlzJTIwRy4lMjBMYW1vdGhlJTIwRm91bmRhdGlvbiUyMGhhcyUyMGJ1aWx0JTJDJTIwd2l0aCUyMHRoZSUyMGZpbmFuY2lhbCUyMHN1cHBvcnQlMjBvZiUyMCUyMCUzQ2ElMjBocmVmJTNEJTIyaHR0cCUzQSUyRiUyRnd3dy5kaWdpY2VsZm91bmRhdGlvbi5vcmclMkZkaWdpY2VsZm91bmRhdGlvbi1vcmclMkZoYWl0aSUyRmZyJTJGYWNjdWVpbC5odG1sJTIyJTIwb25jbGljayUzRCUyMndpbmRvdy5vcGVuJTI4dGhpcy5ocmVmJTI5JTNCJTIwcmV0dXJuJTIwZmFsc2UlM0IlMjIlMjBzdHlsZSUzRCUyMnRleHQtZGVjb3JhdGlvbiUzQXVuZGVybGluZSUzQiUyMiUzRXRoZSUyMERpZ2ljZWwlMjBGb3VuZGF0aW9uJTNDJTJGYSUzRSUyQyUyMGElMjAyLjY2JTIwa20lMjBmYXJtJTIwdHJhY2slMjBzdGFydGluZyUyMGZyb20lMjB0aGUlMjBGdXJjeSUyMHJvYWQlMjBpbiUyMFBhbnlvbCUyQyUyMGElMjB2aWxsYWdlJTIwbG9jYXRlZCUyMGluJTIwS2Vuc2NvZmYlMjdzJTIwM3JkJTIwY29tbXVuYWwlMjBzZWN0aW9uJTJDJTIwU291ciVDMyVBN2FpbGxlcy4lMjBUaGlzJTIwaW5mcmFzdHJ1Y3R1cmUlMkMlMjB3aGljaCUyMGNvbnN0aXR1dGVkJTIwb25lJTIwb2YlMjB0aGUlMjBtYWluJTIwbmVlZHMlMjBleHByZXNzZWQlMjBieSUyMHRoZSUyMGluaGFiaXRhbnRzJTIwb2YlMjBQYW55b2wlMjBpbiUyMHRoZSUyMGNvbnRleHQlMjBvZiUyMGElMjBzb2NpYWwlMjBkaWFsb2clMkMlMjBhbGxvd2VkJTIwdGhpcyUyMHNtYWxsJTIwbG9jYWxpdHklMjB0byUyMG9wZW4lMjB1cCUyMHRvJTIwdGhlJTIwcmVzdCUyMG9mJTIwdGhlJTIwcmVnaW9uLiUyMCUyMEZyb20lMjBub3clMjBvbiUyQyUyMHRoZSUyMGluaGFiaXRhbnRzJTIwY2FuJTIwdHJhbnNwb3J0JTIwdGhlaXIlMjBhZ3JpY3VsdHVyYWwlMjBwcm9kdWN0cyUyMHRvJTIwbGFyZ2UlMjB1cmJhbiUyMGNlbnRlcnMlMjBhbmQlMjBoYXZlJTIwZmFzdGVyJTIwYWNjZXNzJTIwdG8lMjB0aGUlMjBGdXJjeSUyMFJvYWQlMjBpbiUyMEtlbnNjb2ZmLiUyMCUzQyUyRnAlM0UlMEElMjAlMEElM0NwJTNFTFRoaXMlMjBpbmZyYXN0cnVjdHVyZSUyMHBhdmVzJTIwdGhlJTIwd2F5JTIwZm9yJTIwdGhlJTIwaW50ZW5zaWZpY2F0aW9uJTIwb2YlMjB2YXJpb3VzJTIwZWNvbm9taWMlMjBhY3Rpdml0aWVzJTIwaW4lMjBQYW55b2wlMkMlMjB3aG9zZSUyMGluaGFiaXRhbnRzJTIwdG9vayUyMGElMjBncmVhdCUyMGRlYWwlMjBvZiUyMGVuam95bWVudCUyMGluJTIwd2l0bmVzc2luZyUyMHRoZSUyMGFycml2YWwlMjBvZiUyMGElMjA0eDQlMjB2ZWhpY2xlJTIwaW4lMjB0aGVpciUyMHZpbGxhZ2UlMjBmb3IlMjB0aGUlMjBmaXJzdCUyMHRpbWUuJTIwJTNDJTJGcCUzRSUwQSUyMCUwQSUzQ3AlM0UlM0NmaWd1cmUlMjBzdHlsZSUzRCUyMmZsb2F0JTNBcmlnaHQlM0JtYXJnaW4tbGVmdCUzQTIwcHglM0IlMjIlM0UlM0NpbWclMjBzcmMlM0QlMjJodHRwcyUzQSUyRiUyRmZvbmRhdGlvbmxnbC5vcmclMkZ3cC1jb250ZW50JTJGdXBsb2FkcyUyRjIwMTclMkYwNiUyRjE0M0E5NzQ5LmpwZyUyMiUyMHdpZHRoJTNEJTIyMzUwcHglMjIlMjAlMkYlM0UlM0NmaWdjYXB0aW9uJTIwc3R5bGUlM0QlMjJmb250LXNpemUlM0ExNXB4JTNCZm9udC1zdHlsZSUzQWl0YWxpYyUzQiUyMiUzRVRyYWRlcnMlMjB0cmF2ZWwlMjBsZXNzJTIwdGhhbiUyMDE1JTIwa20lMjBwZXIlMjBkYXklM0MlMkZmaWdjYXB0aW9uJTNFJTNDJTJGZmlndXJlJTNFVGhpcyUyMGltcG9ydGFudCUyMGVudHJ5JTIwcm91dGUlMjBhbHNvJTIwY3JlYXRlZCUyMGFuJTIwb3BlbmluZyUyMG9uJTIwdGhlJTIwd29ybGQlMjBmb3IlMjB0aGlzJTIwbG9uZy1pc29sYXRlZCUyMGNvbW11bml0eSUyQyUyMHdoaWNoJTIwY2FuJTIwbm93JTIwYXNwaXJlJTIwdG8lMjBuZXclMjBvcHBvcnR1bml0aWVzJTIwaW4lMjByZWxhdGlvbiUyMHRvJTIwdGhlJTIwaHVnZSUyMHBvdGVudGlhbCUyMG9mJTIwdGhlJTIwcmVnaW9uJTJDJTIwZXNwZWNpYWxseSUyMGluJTIwdGhlJTIwYWdyaWN1bHR1cmFsJTIwZG9tYWluJTIwJTI4ZnJ1aXQlMjBhbmQlMjB2ZWdldGFibGVzJTI5LiUyMCUyMEJ5JTIwcHJvdmlkaW5nJTIwUGFueW9sJTIwd2l0aCUyMGdyZWF0ZXIlMjBhY2Nlc3NpYmlsaXR5JTJDJTIwdGhpcyUyMGZhcm0lMjB0cmFjayUyMGdpdmVzJTIwbmV3JTIwaG9wZSUyMHRvJTIwdGhlJTIwY29tbXVuaXR5JTI3cyUyMGNoaWxkcmVuJTJDJTIwd2hvJTIwY2FuJTIwbm93JTIwbG9vayUyMGZvcndhcmQlMjB0byUyMGElMjBiZXR0ZXIlMjBmdXR1cmUuJTIwJTBBJTNDJTJGcCUzRSUwQSUzQyUyRmRpdiUzRQ==[\/vc_raw_html][\/vc_column][\/vc_row]<\/p>","protected":false},"author":2,"featured_media":0,"parent":0,"menu_order":0,"comment_status":"closed","ping_status":"closed","template":"","meta":{"_acf_changed":false,"footnotes":""},"class_list":["post-2351","page","type-page","status-publish","hentry"],"acf":[],"yoast_head":"<!-- This site is optimized with the Yoast SEO plugin v24.7 - https:\/\/yoast.com\/wordpress\/plugins\/seo\/ -->\n<title>farm tracks - &quot;Fondation Louis et Gizou Lamothe : Construire des Villages Intelligents en Ha\u00efti<\/title>\n<meta name=\"robots\" content=\"index, follow, max-snippet:-1, max-image-preview:large, max-video-preview:-1\" \/>\n<link rel=\"canonical\" href=\"https:\/\/fondationlgl.org\/en\/farm-tracks\/\" \/>\n<meta property=\"og:locale\" content=\"en_US\" \/>\n<meta property=\"og:type\" content=\"article\" \/>\n<meta property=\"og:title\" content=\"farm tracks - &quot;Fondation Louis et Gizou Lamothe : Construire des Villages Intelligents en Ha\u00efti\" \/>\n<meta property=\"og:description\" content=\"[vc_row][vc_column][\/vc_column][vc_column][vc_row_inner][vc_column_inner][vc_column_text][\/vc_column_text][\/vc_column_inner][\/vc_row_inner][\/vc_column][\/vc_row][vc_row][vc_column][vc_column_text css_animation=\u00a0\u00bbappear\u00a0\u00bb] Construction of a 2.66km farm track in Panyol [\/vc_column_text][\/vc_column][\/vc_row][vc_row][vc_column][vc_raw_html]JTNDZGl2JTIwc3R5bGUlM0QlMjJ3aWR0aCUzQTEwMCUyNSUzQm1hcmdpbi10b3AlM0EtMzVweCUzQiUyMiUzRSUzQ2ElMjBocmVmJTNEJTIyJTIyJTIwc3R5bGUlM0QlMjIlMjIlM0UlM0NpbWclMjBzcmMlM0QlMjJodHRwcyUzQSUyRiUyRmZvbmRhdGlvbmxnbC5vcmclMkZ3cC1jb250ZW50JTJGdGhlbWVzJTJGZmFuZGF0aW9ubGdud3AlMkZpbWFnZXMlMkZnYWxlcmllMi5wbmclMjJhbHQlM0QlMjJnYWxlcmllJTIyJTIwdGl0bGUlM0QlMjJWb2lyJTIwbm9zJTIwZ2FsZXJpZXMlMjIlMjB3aWR0aCUzRCUyMjMlMjUlMjIlMjBzdHlsZSUzRCUyMmZsb2F0JTNBcmlnaHQlMjIlM0UlM0MlMkZhJTNFJTNDJTJGZGl2JTNF[\/vc_raw_html][vc_masonry_media_grid element_width=\u00a0\u00bb2&Prime; grid_id=\u00a0\u00bbvc_gid:1500053030105-fdc348f6-f192-10&Prime; include=\u00a0\u00bb2526,2524,2538,2536,2539,2525&Prime;][\/vc_column][\/vc_row][vc_row][vc_column][vc_raw_html]JTNDZGl2JTIwc3R5bGUlM0QlMjJ3aWR0aCUzQTgwJTI1JTNCdGV4dC1hbGlnbiUzQWp1c3RpZnklM0JtYXJnaW4lM0FhdXRvJTNCZm9udC1zaXplJTNBMjBweCUzQiUyMiUzRSUwQSUwQSUzQ3AlM0UlM0NwJTNFJTNDc3BhbiUyMHN0eWxlJTNEJTIyZm9udC13ZWlnaHQlM0Fib2xkJTNCZm9udC1zaXplJTNBMjVweCUzQiUyMiUzRVQlM0MlMkZzcGFuJTNFaGUlMjBEciUyMExvdWlzJTIwRy4lMjBMYW1vdGhlJTIwRm91bmRhdGlvbiUyMGhhcyUyMGJ1aWx0JTJDJTIwd2l0aCUyMHRoZSUyMGZpbmFuY2lhbCUyMHN1cHBvcnQlMjBvZiUyMCUyMCUzQ2ElMjBocmVmJTNEJTIyaHR0cCUzQSUyRiUyRnd3dy5kaWdpY2VsZm91bmRhdGlvbi5vcmclMkZkaWdpY2VsZm91bmRhdGlvbi1vcmclMkZoYWl0aSUyRmZyJTJGYWNjdWVpbC5odG1sJTIyJTIwb25jbGljayUzRCUyMndpbmRvdy5vcGVuJTI4dGhpcy5ocmVmJTI5JTNCJTIwcmV0dXJuJTIwZmFsc2UlM0IlMjIlMjBzdHlsZSUzRCUyMnRleHQtZGVjb3JhdGlvbiUzQXVuZGVybGluZSUzQiUyMiUzRXRoZSUyMERpZ2ljZWwlMjBGb3VuZGF0aW9uJTNDJTJGYSUzRSUyQyUyMGElMjAyLjY2JTIwa20lMjBmYXJtJTIwdHJhY2slMjBzdGFydGluZyUyMGZyb20lMjB0aGUlMjBGdXJjeSUyMHJvYWQlMjBpbiUyMFBhbnlvbCUyQyUyMGElMjB2aWxsYWdlJTIwbG9jYXRlZCUyMGluJTIwS2Vuc2NvZmYlMjdzJTIwM3JkJTIwY29tbXVuYWwlMjBzZWN0aW9uJTJDJTIwU291ciVDMyVBN2FpbGxlcy4lMjBUaGlzJTIwaW5mcmFzdHJ1Y3R1cmUlMkMlMjB3aGljaCUyMGNvbnN0aXR1dGVkJTIwb25lJTIwb2YlMjB0aGUlMjBtYWluJTIwbmVlZHMlMjBleHByZXNzZWQlMjBieSUyMHRoZSUyMGluaGFiaXRhbnRzJTIwb2YlMjBQYW55b2wlMjBpbiUyMHRoZSUyMGNvbnRleHQlMjBvZiUyMGElMjBzb2NpYWwlMjBkaWFsb2clMkMlMjBhbGxvd2VkJTIwdGhpcyUyMHNtYWxsJTIwbG9jYWxpdHklMjB0byUyMG9wZW4lMjB1cCUyMHRvJTIwdGhlJTIwcmVzdCUyMG9mJTIwdGhlJTIwcmVnaW9uLiUyMCUyMEZyb20lMjBub3clMjBvbiUyQyUyMHRoZSUyMGluaGFiaXRhbnRzJTIwY2FuJTIwdHJhbnNwb3J0JTIwdGhlaXIlMjBhZ3JpY3VsdHVyYWwlMjBwcm9kdWN0cyUyMHRvJTIwbGFyZ2UlMjB1cmJhbiUyMGNlbnRlcnMlMjBhbmQlMjBoYXZlJTIwZmFzdGVyJTIwYWNjZXNzJTIwdG8lMjB0aGUlMjBGdXJjeSUyMFJvYWQlMjBpbiUyMEtlbnNjb2ZmLiUyMCUzQyUyRnAlM0UlMEElMjAlMEElM0NwJTNFTFRoaXMlMjBpbmZyYXN0cnVjdHVyZSUyMHBhdmVzJTIwdGhlJTIwd2F5JTIwZm9yJTIwdGhlJTIwaW50ZW5zaWZpY2F0aW9uJTIwb2YlMjB2YXJpb3VzJTIwZWNvbm9taWMlMjBhY3Rpdml0aWVzJTIwaW4lMjBQYW55b2wlMkMlMjB3aG9zZSUyMGluaGFiaXRhbnRzJTIwdG9vayUyMGElMjBncmVhdCUyMGRlYWwlMjBvZiUyMGVuam95bWVudCUyMGluJTIwd2l0bmVzc2luZyUyMHRoZSUyMGFycml2YWwlMjBvZiUyMGElMjA0eDQlMjB2ZWhpY2xlJTIwaW4lMjB0aGVpciUyMHZpbGxhZ2UlMjBmb3IlMjB0aGUlMjBmaXJzdCUyMHRpbWUuJTIwJTNDJTJGcCUzRSUwQSUyMCUwQSUzQ3AlM0UlM0NmaWd1cmUlMjBzdHlsZSUzRCUyMmZsb2F0JTNBcmlnaHQlM0JtYXJnaW4tbGVmdCUzQTIwcHglM0IlMjIlM0UlM0NpbWclMjBzcmMlM0QlMjJodHRwcyUzQSUyRiUyRmZvbmRhdGlvbmxnbC5vcmclMkZ3cC1jb250ZW50JTJGdXBsb2FkcyUyRjIwMTclMkYwNiUyRjE0M0E5NzQ5LmpwZyUyMiUyMHdpZHRoJTNEJTIyMzUwcHglMjIlMjAlMkYlM0UlM0NmaWdjYXB0aW9uJTIwc3R5bGUlM0QlMjJmb250LXNpemUlM0ExNXB4JTNCZm9udC1zdHlsZSUzQWl0YWxpYyUzQiUyMiUzRVRyYWRlcnMlMjB0cmF2ZWwlMjBsZXNzJTIwdGhhbiUyMDE1JTIwa20lMjBwZXIlMjBkYXklM0MlMkZmaWdjYXB0aW9uJTNFJTNDJTJGZmlndXJlJTNFVGhpcyUyMGltcG9ydGFudCUyMGVudHJ5JTIwcm91dGUlMjBhbHNvJTIwY3JlYXRlZCUyMGFuJTIwb3BlbmluZyUyMG9uJTIwdGhlJTIwd29ybGQlMjBmb3IlMjB0aGlzJTIwbG9uZy1pc29sYXRlZCUyMGNvbW11bml0eSUyQyUyMHdoaWNoJTIwY2FuJTIwbm93JTIwYXNwaXJlJTIwdG8lMjBuZXclMjBvcHBvcnR1bml0aWVzJTIwaW4lMjByZWxhdGlvbiUyMHRvJTIwdGhlJTIwaHVnZSUyMHBvdGVudGlhbCUyMG9mJTIwdGhlJTIwcmVnaW9uJTJDJTIwZXNwZWNpYWxseSUyMGluJTIwdGhlJTIwYWdyaWN1bHR1cmFsJTIwZG9tYWluJTIwJTI4ZnJ1aXQlMjBhbmQlMjB2ZWdldGFibGVzJTI5LiUyMCUyMEJ5JTIwcHJvdmlkaW5nJTIwUGFueW9sJTIwd2l0aCUyMGdyZWF0ZXIlMjBhY2Nlc3NpYmlsaXR5JTJDJTIwdGhpcyUyMGZhcm0lMjB0cmFjayUyMGdpdmVzJTIwbmV3JTIwaG9wZSUyMHRvJTIwdGhlJTIwY29tbXVuaXR5JTI3cyUyMGNoaWxkcmVuJTJDJTIwd2hvJTIwY2FuJTIwbm93JTIwbG9vayUyMGZvcndhcmQlMjB0byUyMGElMjBiZXR0ZXIlMjBmdXR1cmUuJTIwJTBBJTNDJTJGcCUzRSUwQSUzQyUyRmRpdiUzRQ==[\/vc_raw_html][\/vc_column][\/vc_row]\" \/>\n<meta property=\"og:url\" content=\"https:\/\/fondationlgl.org\/en\/farm-tracks\/\" \/>\n<meta property=\"og:site_name\" content=\"&quot;Fondation Louis et Gizou Lamothe : Construire des Villages Intelligents en Ha\u00efti\" \/>\n<meta property=\"article:modified_time\" content=\"2017-07-14T17:23:40+00:00\" \/>\n<meta name=\"twitter:card\" content=\"summary_large_image\" \/>\n<meta name=\"twitter:label1\" content=\"Est. reading time\" \/>\n\t<meta name=\"twitter:data1\" content=\"2 minutes\" \/>\n<script type=\"application\/ld+json\" class=\"yoast-schema-graph\">{\"@context\":\"https:\/\/schema.org\",\"@graph\":[{\"@type\":\"WebPage\",\"@id\":\"https:\/\/fondationlgl.org\/farm-tracks\/\",\"url\":\"https:\/\/fondationlgl.org\/farm-tracks\/\",\"name\":\"farm tracks - &quot;Fondation Louis et Gizou Lamothe : Construire des Villages Intelligents en Ha\u00efti\",\"isPartOf\":{\"@id\":\"https:\/\/fondationlgl.org\/#website\"},\"datePublished\":\"2017-06-29T17:33:04+00:00\",\"dateModified\":\"2017-07-14T17:23:40+00:00\",\"breadcrumb\":{\"@id\":\"https:\/\/fondationlgl.org\/farm-tracks\/#breadcrumb\"},\"inLanguage\":\"en-US\",\"potentialAction\":[{\"@type\":\"ReadAction\",\"target\":[\"https:\/\/fondationlgl.org\/farm-tracks\/\"]}]},{\"@type\":\"BreadcrumbList\",\"@id\":\"https:\/\/fondationlgl.org\/farm-tracks\/#breadcrumb\",\"itemListElement\":[{\"@type\":\"ListItem\",\"position\":1,\"name\":\"Home\",\"item\":\"https:\/\/fondationlgl.org\/\"},{\"@type\":\"ListItem\",\"position\":2,\"name\":\"farm tracks\"}]},{\"@type\":\"WebSite\",\"@id\":\"https:\/\/fondationlgl.org\/#website\",\"url\":\"https:\/\/fondationlgl.org\/\",\"name\":\"&quot;Fondation Louis et Gizou Lamothe : Construire des Villages Intelligents en Ha\u00efti\",\"description\":\"Renforcer les communaut\u00e9s ha\u00eftiennes \u00e0 travers l&#039;\u00e9ducation, la sant\u00e9, le sport, l&#039;environnement et la culture\",\"potentialAction\":[{\"@type\":\"SearchAction\",\"target\":{\"@type\":\"EntryPoint\",\"urlTemplate\":\"https:\/\/fondationlgl.org\/?s={search_term_string}\"},\"query-input\":{\"@type\":\"PropertyValueSpecification\",\"valueRequired\":true,\"valueName\":\"search_term_string\"}}],\"inLanguage\":\"en-US\"}]}<\/script>\n<!-- \/ Yoast SEO plugin. -->","yoast_head_json":{"title":"farm tracks - &quot;Fondation Louis et Gizou Lamothe : Construire des Villages Intelligents en Ha\u00efti","robots":{"index":"index","follow":"follow","max-snippet":"max-snippet:-1","max-image-preview":"max-image-preview:large","max-video-preview":"max-video-preview:-1"},"canonical":"https:\/\/fondationlgl.org\/en\/farm-tracks\/","og_locale":"en_US","og_type":"article","og_title":"farm tracks - &quot;Fondation Louis et Gizou Lamothe : Construire des Villages Intelligents en Ha\u00efti","og_description":"[vc_row][vc_column][\/vc_column][vc_column][vc_row_inner][vc_column_inner][vc_column_text][\/vc_column_text][\/vc_column_inner][\/vc_row_inner][\/vc_column][\/vc_row][vc_row][vc_column][vc_column_text css_animation=\u00a0\u00bbappear\u00a0\u00bb] Construction of a 2.66km farm track in Panyol [\/vc_column_text][\/vc_column][\/vc_row][vc_row][vc_column][vc_raw_html]JTNDZGl2JTIwc3R5bGUlM0QlMjJ3aWR0aCUzQTEwMCUyNSUzQm1hcmdpbi10b3AlM0EtMzVweCUzQiUyMiUzRSUzQ2ElMjBocmVmJTNEJTIyJTIyJTIwc3R5bGUlM0QlMjIlMjIlM0UlM0NpbWclMjBzcmMlM0QlMjJodHRwcyUzQSUyRiUyRmZvbmRhdGlvbmxnbC5vcmclMkZ3cC1jb250ZW50JTJGdGhlbWVzJTJGZmFuZGF0aW9ubGdud3AlMkZpbWFnZXMlMkZnYWxlcmllMi5wbmclMjJhbHQlM0QlMjJnYWxlcmllJTIyJTIwdGl0bGUlM0QlMjJWb2lyJTIwbm9zJTIwZ2FsZXJpZXMlMjIlMjB3aWR0aCUzRCUyMjMlMjUlMjIlMjBzdHlsZSUzRCUyMmZsb2F0JTNBcmlnaHQlMjIlM0UlM0MlMkZhJTNFJTNDJTJGZGl2JTNF[\/vc_raw_html][vc_masonry_media_grid element_width=\u00a0\u00bb2&Prime; grid_id=\u00a0\u00bbvc_gid:1500053030105-fdc348f6-f192-10&Prime; include=\u00a0\u00bb2526,2524,2538,2536,2539,2525&Prime;][\/vc_column][\/vc_row][vc_row][vc_column][vc_raw_html]JTNDZGl2JTIwc3R5bGUlM0QlMjJ3aWR0aCUzQTgwJTI1JTNCdGV4dC1hbGlnbiUzQWp1c3RpZnklM0JtYXJnaW4lM0FhdXRvJTNCZm9udC1zaXplJTNBMjBweCUzQiUyMiUzRSUwQSUwQSUzQ3AlM0UlM0NwJTNFJTNDc3BhbiUyMHN0eWxlJTNEJTIyZm9udC13ZWlnaHQlM0Fib2xkJTNCZm9udC1zaXplJTNBMjVweCUzQiUyMiUzRVQlM0MlMkZzcGFuJTNFaGUlMjBEciUyMExvdWlzJTIwRy4lMjBMYW1vdGhlJTIwRm91bmRhdGlvbiUyMGhhcyUyMGJ1aWx0JTJDJTIwd2l0aCUyMHRoZSUyMGZpbmFuY2lhbCUyMHN1cHBvcnQlMjBvZiUyMCUyMCUzQ2ElMjBocmVmJTNEJTIyaHR0cCUzQSUyRiUyRnd3dy5kaWdpY2VsZm91bmRhdGlvbi5vcmclMkZkaWdpY2VsZm91bmRhdGlvbi1vcmclMkZoYWl0aSUyRmZyJTJGYWNjdWVpbC5odG1sJTIyJTIwb25jbGljayUzRCUyMndpbmRvdy5vcGVuJTI4dGhpcy5ocmVmJTI5JTNCJTIwcmV0dXJuJTIwZmFsc2UlM0IlMjIlMjBzdHlsZSUzRCUyMnRleHQtZGVjb3JhdGlvbiUzQXVuZGVybGluZSUzQiUyMiUzRXRoZSUyMERpZ2ljZWwlMjBGb3VuZGF0aW9uJTNDJTJGYSUzRSUyQyUyMGElMjAyLjY2JTIwa20lMjBmYXJtJTIwdHJhY2slMjBzdGFydGluZyUyMGZyb20lMjB0aGUlMjBGdXJjeSUyMHJvYWQlMjBpbiUyMFBhbnlvbCUyQyUyMGElMjB2aWxsYWdlJTIwbG9jYXRlZCUyMGluJTIwS2Vuc2NvZmYlMjdzJTIwM3JkJTIwY29tbXVuYWwlMjBzZWN0aW9uJTJDJTIwU291ciVDMyVBN2FpbGxlcy4lMjBUaGlzJTIwaW5mcmFzdHJ1Y3R1cmUlMkMlMjB3aGljaCUyMGNvbnN0aXR1dGVkJTIwb25lJTIwb2YlMjB0aGUlMjBtYWluJTIwbmVlZHMlMjBleHByZXNzZWQlMjBieSUyMHRoZSUyMGluaGFiaXRhbnRzJTIwb2YlMjBQYW55b2wlMjBpbiUyMHRoZSUyMGNvbnRleHQlMjBvZiUyMGElMjBzb2NpYWwlMjBkaWFsb2clMkMlMjBhbGxvd2VkJTIwdGhpcyUyMHNtYWxsJTIwbG9jYWxpdHklMjB0byUyMG9wZW4lMjB1cCUyMHRvJTIwdGhlJTIwcmVzdCUyMG9mJTIwdGhlJTIwcmVnaW9uLiUyMCUyMEZyb20lMjBub3clMjBvbiUyQyUyMHRoZSUyMGluaGFiaXRhbnRzJTIwY2FuJTIwdHJhbnNwb3J0JTIwdGhlaXIlMjBhZ3JpY3VsdHVyYWwlMjBwcm9kdWN0cyUyMHRvJTIwbGFyZ2UlMjB1cmJhbiUyMGNlbnRlcnMlMjBhbmQlMjBoYXZlJTIwZmFzdGVyJTIwYWNjZXNzJTIwdG8lMjB0aGUlMjBGdXJjeSUyMFJvYWQlMjBpbiUyMEtlbnNjb2ZmLiUyMCUzQyUyRnAlM0UlMEElMjAlMEElM0NwJTNFTFRoaXMlMjBpbmZyYXN0cnVjdHVyZSUyMHBhdmVzJTIwdGhlJTIwd2F5JTIwZm9yJTIwdGhlJTIwaW50ZW5zaWZpY2F0aW9uJTIwb2YlMjB2YXJpb3VzJTIwZWNvbm9taWMlMjBhY3Rpdml0aWVzJTIwaW4lMjBQYW55b2wlMkMlMjB3aG9zZSUyMGluaGFiaXRhbnRzJTIwdG9vayUyMGElMjBncmVhdCUyMGRlYWwlMjBvZiUyMGVuam95bWVudCUyMGluJTIwd2l0bmVzc2luZyUyMHRoZSUyMGFycml2YWwlMjBvZiUyMGElMjA0eDQlMjB2ZWhpY2xlJTIwaW4lMjB0aGVpciUyMHZpbGxhZ2UlMjBmb3IlMjB0aGUlMjBmaXJzdCUyMHRpbWUuJTIwJTNDJTJGcCUzRSUwQSUyMCUwQSUzQ3AlM0UlM0NmaWd1cmUlMjBzdHlsZSUzRCUyMmZsb2F0JTNBcmlnaHQlM0JtYXJnaW4tbGVmdCUzQTIwcHglM0IlMjIlM0UlM0NpbWclMjBzcmMlM0QlMjJodHRwcyUzQSUyRiUyRmZvbmRhdGlvbmxnbC5vcmclMkZ3cC1jb250ZW50JTJGdXBsb2FkcyUyRjIwMTclMkYwNiUyRjE0M0E5NzQ5LmpwZyUyMiUyMHdpZHRoJTNEJTIyMzUwcHglMjIlMjAlMkYlM0UlM0NmaWdjYXB0aW9uJTIwc3R5bGUlM0QlMjJmb250LXNpemUlM0ExNXB4JTNCZm9udC1zdHlsZSUzQWl0YWxpYyUzQiUyMiUzRVRyYWRlcnMlMjB0cmF2ZWwlMjBsZXNzJTIwdGhhbiUyMDE1JTIwa20lMjBwZXIlMjBkYXklM0MlMkZmaWdjYXB0aW9uJTNFJTNDJTJGZmlndXJlJTNFVGhpcyUyMGltcG9ydGFudCUyMGVudHJ5JTIwcm91dGUlMjBhbHNvJTIwY3JlYXRlZCUyMGFuJTIwb3BlbmluZyUyMG9uJTIwdGhlJTIwd29ybGQlMjBmb3IlMjB0aGlzJTIwbG9uZy1pc29sYXRlZCUyMGNvbW11bml0eSUyQyUyMHdoaWNoJTIwY2FuJTIwbm93JTIwYXNwaXJlJTIwdG8lMjBuZXclMjBvcHBvcnR1bml0aWVzJTIwaW4lMjByZWxhdGlvbiUyMHRvJTIwdGhlJTIwaHVnZSUyMHBvdGVudGlhbCUyMG9mJTIwdGhlJTIwcmVnaW9uJTJDJTIwZXNwZWNpYWxseSUyMGluJTIwdGhlJTIwYWdyaWN1bHR1cmFsJTIwZG9tYWluJTIwJTI4ZnJ1aXQlMjBhbmQlMjB2ZWdldGFibGVzJTI5LiUyMCUyMEJ5JTIwcHJvdmlkaW5nJTIwUGFueW9sJTIwd2l0aCUyMGdyZWF0ZXIlMjBhY2Nlc3NpYmlsaXR5JTJDJTIwdGhpcyUyMGZhcm0lMjB0cmFjayUyMGdpdmVzJTIwbmV3JTIwaG9wZSUyMHRvJTIwdGhlJTIwY29tbXVuaXR5JTI3cyUyMGNoaWxkcmVuJTJDJTIwd2hvJTIwY2FuJTIwbm93JTIwbG9vayUyMGZvcndhcmQlMjB0byUyMGElMjBiZXR0ZXIlMjBmdXR1cmUuJTIwJTBBJTNDJTJGcCUzRSUwQSUzQyUyRmRpdiUzRQ==[\/vc_raw_html][\/vc_column][\/vc_row]","og_url":"https:\/\/fondationlgl.org\/en\/farm-tracks\/","og_site_name":"&quot;Fondation Louis et Gizou Lamothe : Construire des Villages Intelligents en Ha\u00efti","article_modified_time":"2017-07-14T17:23:40+00:00","twitter_card":"summary_large_image","twitter_misc":{"Est. reading time":"2 minutes"},"schema":{"@context":"https:\/\/schema.org","@graph":[{"@type":"WebPage","@id":"https:\/\/fondationlgl.org\/farm-tracks\/","url":"https:\/\/fondationlgl.org\/farm-tracks\/","name":"farm tracks - &quot;Fondation Louis et Gizou Lamothe : Construire des Villages Intelligents en Ha\u00efti","isPartOf":{"@id":"https:\/\/fondationlgl.org\/#website"},"datePublished":"2017-06-29T17:33:04+00:00","dateModified":"2017-07-14T17:23:40+00:00","breadcrumb":{"@id":"https:\/\/fondationlgl.org\/farm-tracks\/#breadcrumb"},"inLanguage":"en-US","potentialAction":[{"@type":"ReadAction","target":["https:\/\/fondationlgl.org\/farm-tracks\/"]}]},{"@type":"BreadcrumbList","@id":"https:\/\/fondationlgl.org\/farm-tracks\/#breadcrumb","itemListElement":[{"@type":"ListItem","position":1,"name":"Home","item":"https:\/\/fondationlgl.org\/"},{"@type":"ListItem","position":2,"name":"farm tracks"}]},{"@type":"WebSite","@id":"https:\/\/fondationlgl.org\/#website","url":"https:\/\/fondationlgl.org\/","name":"&quot;Fondation Louis et Gizou Lamothe : Construire des Villages Intelligents en Ha\u00efti","description":"Renforcer les communaut\u00e9s ha\u00eftiennes \u00e0 travers l&#039;\u00e9ducation, la sant\u00e9, le sport, l&#039;environnement et la culture","potentialAction":[{"@type":"SearchAction","target":{"@type":"EntryPoint","urlTemplate":"https:\/\/fondationlgl.org\/?s={search_term_string}"},"query-input":{"@type":"PropertyValueSpecification","valueRequired":true,"valueName":"search_term_string"}}],"inLanguage":"en-US"}]}},"_links":{"self":[{"href":"https:\/\/fondationlgl.org\/en\/wp-json\/wp\/v2\/pages\/2351","targetHints":{"allow":["GET"]}}],"collection":[{"href":"https:\/\/fondationlgl.org\/en\/wp-json\/wp\/v2\/pages"}],"about":[{"href":"https:\/\/fondationlgl.org\/en\/wp-json\/wp\/v2\/types\/page"}],"author":[{"embeddable":true,"href":"https:\/\/fondationlgl.org\/en\/wp-json\/wp\/v2\/users\/2"}],"replies":[{"embeddable":true,"href":"https:\/\/fondationlgl.org\/en\/wp-json\/wp\/v2\/comments?post=2351"}],"version-history":[{"count":0,"href":"https:\/\/fondationlgl.org\/en\/wp-json\/wp\/v2\/pages\/2351\/revisions"}],"wp:attachment":[{"href":"https:\/\/fondationlgl.org\/en\/wp-json\/wp\/v2\/media?parent=2351"}],"curies":[{"name":"wp","href":"https:\/\/api.w.org\/{rel}","templated":true}]}}