{"id":2338,"date":"2017-06-29T16:07:33","date_gmt":"2017-06-29T16:07:33","guid":{"rendered":"http:\/\/test.fondationlgl.org\/?page_id=2338"},"modified":"2017-07-13T19:12:47","modified_gmt":"2017-07-13T19:12:47","slug":"our-message","status":"publish","type":"page","link":"https:\/\/fondationlgl.org\/en\/our-message\/","title":{"rendered":"our message"},"content":{"rendered":"<p>[vc_row full_width=\u00a0\u00bbstretch_row_content_no_spaces\u00a0\u00bb][vc_column][vc_column_text] <span id=\"cs-slider-shortcode\"><div style=\"display: none;\" class=\"crellyslider-slider crellyslider-slider-full-width crellyslider-slider-message crellyslider-9\" id=\"crellyslider-9\">\n<ul>\n<li\nstyle=\"background-color: transparent;background-image: url('https:\/\/fondationlgl.org\/wp-content\/uploads\/2017\/03\/143A5090zxzzs_1x.jpg');background-position: center center;background-repeat: no-repeat;background-size: cover;\"\ndata-in=\"fade\"\ndata-ease-in=\"300\"\ndata-out=\"fade\"\ndata-ease-out=\"300\"\ndata-time=\"3000\"\n>\n<\/li>\n<li\nstyle=\"background-color: transparent;background-image: url('https:\/\/fondationlgl.org\/wp-content\/uploads\/2017\/03\/143A5090zxzzs_.jpg');background-position: center center;background-repeat: no-repeat;background-size: cover;\"\ndata-in=\"fade\"\ndata-ease-in=\"300\"\ndata-out=\"fade\"\ndata-ease-out=\"300\"\ndata-time=\"3000\"\n>\n<\/li>\n<li\nstyle=\"background-color: transparent;background-image: url('https:\/\/fondationlgl.org\/wp-content\/uploads\/2017\/03\/40.jpg');background-position: center center;background-repeat: no-repeat;background-size: cover;\"\ndata-in=\"fade\"\ndata-ease-in=\"300\"\ndata-out=\"fade\"\ndata-ease-out=\"300\"\ndata-time=\"3000\"\n>\n<\/li>\n<\/ul>\n<\/div>\n<script type=\"text\/javascript\">\n(function($) {\n$(document).ready(function() {\n$(\"#crellyslider-9\").crellySlider({\nlayout: 'full-width',\nresponsive: 1,\nstartWidth: 1024,\nstartHeight: 682,\nautomaticSlide: 1,\nshowControls: 1,\nshowNavigation: 1,\nenableSwipe: 1,\nshowProgressBar: 1,\npauseOnHover: 1,\nrandomOrder: 0,\nstartFromSlide: 0,\nbeforeStart : function() {},\nbeforeSetResponsive : function() {},\nbeforeSlideStart : function() {},\nbeforePause\t: function() {},\nbeforeResume : function() {},\n});\n});\n})(jQuery);\n<\/script>\n<\/span> [\/vc_column_text][\/vc_column][\/vc_row][vc_row][vc_column][vc_column_text]<\/p>\n<h3 class=\"module-title\" style=\"text-align: center;\">OUR\u00a0MESSAGE<\/h3>\n<h3 class=\"module-title\" style=\"text-align: center;\"><\/h3>\n<div class=\"module-ct\"><\/div>\n<p>[\/vc_column_text][vc_raw_html]JTNDUCUzRSUzQ3NwYW4lMjBzdHlsZSUzRCUyMmZvbnQtd2VpZ2h0JTNBYm9sZCUzQmZvbnQtc2l6ZSUzQTI1cHglM0IlMjIlM0VUJTNDJTJGc3BhbiUzRWhlJTIwRHIuJTIwTG91aXMlMjBHLiUyMExhbW90aGUlMjBGb3VuZGF0aW9uJTIwcHV0cyUyMGtub3dsZWRnZSUyMGF0JTIwdGhlJTIwc2VydmljZSUyMG9mJTIwc29jaWFsJTIwdHJhbnNmb3JtYXRpb24lMjBpbiUyMEhhaXRpLiUyMCUzQyUyRlAlM0UlMEElMEElM0NQJTNFVGhlJTIwRHIuJTIwTG91aXMlMjBHLiUyMExhbW90aGUlMjBGb3VuZGF0aW9uJTIwZ2l2ZXMlMjBwcmlvcml0eSUyMHRvJTIwcGFydGljaXBhdG9yeSUyMGFwcHJvYWNoZXMlMjB3aGVuJTIwY2FycnlpbmclMjBvdXQlMjB0aGUlMjBhY3Rpb25zJTIwYW5kJTIwcHJvZ3JhbXMlMjB0aGF0JTIwd2lsbCUyMGJlbmVmaXQlMjB0aGUlMjB0YXJnZXRlZCUyMGNvbW11bml0aWVzLiUyMCUyMEl0cyUyMGludGVydmVudGlvbnMlMjBhcmUlMjBiYXNlZCUyMG9uJTIwdGhlJTIwZXN0YWJsaXNobWVudCUyMG9mJTIwc3RydWN0dXJlcyUyMGZvY3VzaW5nJTIwb24lMjB0aGUlMjBzdHJlbmd0aGVuaW5nJTIwb2YlMjBlZHVjYXRpb24lMkMlMjBkaWFsb2clMkMlMjBjb21tdW5pY2F0aW9uJTIwYW5kJTIwc2VsZi1kZXRlcm1pbmF0aW9uLiUyMCUzQ1AlMkYlM0UlMEElMEElM0NQJTNFVGhlJTIwTEdMRiUyMHdhbnRzJTIwdG8lMjBtYWtlJTIwc3VyZSUyMHRoYXQlMjBpdHMlMjBiZW5lZmljaWFyaWVzJTIwYWNxdWlyZSUyMG5ldyUyMGJlaGF2aW9ycyUyMGluJTIwcmVsYXRpb24lMjB0byUyMHRoZWlyJTIwaW1tZWRpYXRlJTIwZW52aXJvbm1lbnQlMkMlMjBiZWhhdmlvcnMlMjB0aGF0JTIwd2lsbCUyMGhlbHAlMjB0aGVtJTIwY3JlYXRlJTIwd2VhbHRoJTJDJTIwYXMlMjB3ZWxsJTIwYXMlMjBpbXByb3ZlZCUyMGxpdmluZyUyMGNvbmRpdGlvbnMuJTIwJTNDUCUyRiUzRQ==[\/vc_raw_html][vc_row_inner][vc_column_inner width=\u00a0\u00bb1\/3&Prime;][\/vc_column_inner][vc_column_inner width=\u00a0\u00bb1\/3&Prime;][vc_column_text]<img fetchpriority=\"high\" decoding=\"async\" class=\"alignnone size-full wp-image-1164\" src=\"https:\/\/fondationlgl.org\/wp-content\/uploads\/2017\/03\/27.jpg\" alt=\"\" width=\"1024\" height=\"682\" \/>[\/vc_column_text][\/vc_column_inner][vc_column_inner width=\u00a0\u00bb1\/3&Prime;][\/vc_column_inner][\/vc_row_inner][\/vc_column][vc_column][\/vc_column][\/vc_row]<\/p>","protected":false},"excerpt":{"rendered":"<p>[vc_row full_width=\u00a0\u00bbstretch_row_content_no_spaces\u00a0\u00bb][vc_column][vc_column_text] [\/vc_column_text][\/vc_column][\/vc_row][vc_row][vc_column][vc_column_text] OUR\u00a0MESSAGE [\/vc_column_text][vc_raw_html]JTNDUCUzRSUzQ3NwYW4lMjBzdHlsZSUzRCUyMmZvbnQtd2VpZ2h0JTNBYm9sZCUzQmZvbnQtc2l6ZSUzQTI1cHglM0IlMjIlM0VUJTNDJTJGc3BhbiUzRWhlJTIwRHIuJTIwTG91aXMlMjBHLiUyMExhbW90aGUlMjBGb3VuZGF0aW9uJTIwcHV0cyUyMGtub3dsZWRnZSUyMGF0JTIwdGhlJTIwc2VydmljZSUyMG9mJTIwc29jaWFsJTIwdHJhbnNmb3JtYXRpb24lMjBpbiUyMEhhaXRpLiUyMCUzQyUyRlAlM0UlMEElMEElM0NQJTNFVGhlJTIwRHIuJTIwTG91aXMlMjBHLiUyMExhbW90aGUlMjBGb3VuZGF0aW9uJTIwZ2l2ZXMlMjBwcmlvcml0eSUyMHRvJTIwcGFydGljaXBhdG9yeSUyMGFwcHJvYWNoZXMlMjB3aGVuJTIwY2FycnlpbmclMjBvdXQlMjB0aGUlMjBhY3Rpb25zJTIwYW5kJTIwcHJvZ3JhbXMlMjB0aGF0JTIwd2lsbCUyMGJlbmVmaXQlMjB0aGUlMjB0YXJnZXRlZCUyMGNvbW11bml0aWVzLiUyMCUyMEl0cyUyMGludGVydmVudGlvbnMlMjBhcmUlMjBiYXNlZCUyMG9uJTIwdGhlJTIwZXN0YWJsaXNobWVudCUyMG9mJTIwc3RydWN0dXJlcyUyMGZvY3VzaW5nJTIwb24lMjB0aGUlMjBzdHJlbmd0aGVuaW5nJTIwb2YlMjBlZHVjYXRpb24lMkMlMjBkaWFsb2clMkMlMjBjb21tdW5pY2F0aW9uJTIwYW5kJTIwc2VsZi1kZXRlcm1pbmF0aW9uLiUyMCUzQ1AlMkYlM0UlMEElMEElM0NQJTNFVGhlJTIwTEdMRiUyMHdhbnRzJTIwdG8lMjBtYWtlJTIwc3VyZSUyMHRoYXQlMjBpdHMlMjBiZW5lZmljaWFyaWVzJTIwYWNxdWlyZSUyMG5ldyUyMGJlaGF2aW9ycyUyMGluJTIwcmVsYXRpb24lMjB0byUyMHRoZWlyJTIwaW1tZWRpYXRlJTIwZW52aXJvbm1lbnQlMkMlMjBiZWhhdmlvcnMlMjB0aGF0JTIwd2lsbCUyMGhlbHAlMjB0aGVtJTIwY3JlYXRlJTIwd2VhbHRoJTJDJTIwYXMlMjB3ZWxsJTIwYXMlMjBpbXByb3ZlZCUyMGxpdmluZyUyMGNvbmRpdGlvbnMuJTIwJTNDUCUyRiUzRQ==[\/vc_raw_html][vc_row_inner][vc_column_inner width=\u00a0\u00bb1\/3&Prime;][\/vc_column_inner][vc_column_inner width=\u00a0\u00bb1\/3&Prime;][vc_column_text][\/vc_column_text][\/vc_column_inner][vc_column_inner width=\u00a0\u00bb1\/3&Prime;][\/vc_column_inner][\/vc_row_inner][\/vc_column][vc_column][\/vc_column][\/vc_row]<\/p>","protected":false},"author":2,"featured_media":0,"parent":0,"menu_order":0,"comment_status":"closed","ping_status":"closed","template":"","meta":{"_acf_changed":false,"footnotes":""},"class_list":["post-2338","page","type-page","status-publish","hentry"],"acf":[],"yoast_head":"<!-- This site is optimized with the Yoast SEO plugin v24.7 - https:\/\/yoast.com\/wordpress\/plugins\/seo\/ -->\n<title>our message - &quot;Fondation Louis et Gizou Lamothe : Construire des Villages Intelligents en Ha\u00efti<\/title>\n<meta name=\"robots\" content=\"index, follow, max-snippet:-1, max-image-preview:large, max-video-preview:-1\" \/>\n<link rel=\"canonical\" href=\"https:\/\/fondationlgl.org\/en\/our-message\/\" \/>\n<meta property=\"og:locale\" content=\"en_US\" \/>\n<meta property=\"og:type\" content=\"article\" \/>\n<meta property=\"og:title\" content=\"our message - &quot;Fondation Louis et Gizou Lamothe : Construire des Villages Intelligents en Ha\u00efti\" \/>\n<meta property=\"og:description\" content=\"[vc_row full_width=\u00a0\u00bbstretch_row_content_no_spaces\u00a0\u00bb][vc_column][vc_column_text] [\/vc_column_text][\/vc_column][\/vc_row][vc_row][vc_column][vc_column_text] OUR\u00a0MESSAGE [\/vc_column_text][vc_raw_html]JTNDUCUzRSUzQ3NwYW4lMjBzdHlsZSUzRCUyMmZvbnQtd2VpZ2h0JTNBYm9sZCUzQmZvbnQtc2l6ZSUzQTI1cHglM0IlMjIlM0VUJTNDJTJGc3BhbiUzRWhlJTIwRHIuJTIwTG91aXMlMjBHLiUyMExhbW90aGUlMjBGb3VuZGF0aW9uJTIwcHV0cyUyMGtub3dsZWRnZSUyMGF0JTIwdGhlJTIwc2VydmljZSUyMG9mJTIwc29jaWFsJTIwdHJhbnNmb3JtYXRpb24lMjBpbiUyMEhhaXRpLiUyMCUzQyUyRlAlM0UlMEElMEElM0NQJTNFVGhlJTIwRHIuJTIwTG91aXMlMjBHLiUyMExhbW90aGUlMjBGb3VuZGF0aW9uJTIwZ2l2ZXMlMjBwcmlvcml0eSUyMHRvJTIwcGFydGljaXBhdG9yeSUyMGFwcHJvYWNoZXMlMjB3aGVuJTIwY2FycnlpbmclMjBvdXQlMjB0aGUlMjBhY3Rpb25zJTIwYW5kJTIwcHJvZ3JhbXMlMjB0aGF0JTIwd2lsbCUyMGJlbmVmaXQlMjB0aGUlMjB0YXJnZXRlZCUyMGNvbW11bml0aWVzLiUyMCUyMEl0cyUyMGludGVydmVudGlvbnMlMjBhcmUlMjBiYXNlZCUyMG9uJTIwdGhlJTIwZXN0YWJsaXNobWVudCUyMG9mJTIwc3RydWN0dXJlcyUyMGZvY3VzaW5nJTIwb24lMjB0aGUlMjBzdHJlbmd0aGVuaW5nJTIwb2YlMjBlZHVjYXRpb24lMkMlMjBkaWFsb2clMkMlMjBjb21tdW5pY2F0aW9uJTIwYW5kJTIwc2VsZi1kZXRlcm1pbmF0aW9uLiUyMCUzQ1AlMkYlM0UlMEElMEElM0NQJTNFVGhlJTIwTEdMRiUyMHdhbnRzJTIwdG8lMjBtYWtlJTIwc3VyZSUyMHRoYXQlMjBpdHMlMjBiZW5lZmljaWFyaWVzJTIwYWNxdWlyZSUyMG5ldyUyMGJlaGF2aW9ycyUyMGluJTIwcmVsYXRpb24lMjB0byUyMHRoZWlyJTIwaW1tZWRpYXRlJTIwZW52aXJvbm1lbnQlMkMlMjBiZWhhdmlvcnMlMjB0aGF0JTIwd2lsbCUyMGhlbHAlMjB0aGVtJTIwY3JlYXRlJTIwd2VhbHRoJTJDJTIwYXMlMjB3ZWxsJTIwYXMlMjBpbXByb3ZlZCUyMGxpdmluZyUyMGNvbmRpdGlvbnMuJTIwJTNDUCUyRiUzRQ==[\/vc_raw_html][vc_row_inner][vc_column_inner width=\u00a0\u00bb1\/3&Prime;][\/vc_column_inner][vc_column_inner width=\u00a0\u00bb1\/3&Prime;][vc_column_text][\/vc_column_text][\/vc_column_inner][vc_column_inner width=\u00a0\u00bb1\/3&Prime;][\/vc_column_inner][\/vc_row_inner][\/vc_column][vc_column][\/vc_column][\/vc_row]\" \/>\n<meta property=\"og:url\" content=\"https:\/\/fondationlgl.org\/en\/our-message\/\" \/>\n<meta property=\"og:site_name\" content=\"&quot;Fondation Louis et Gizou Lamothe : Construire des Villages Intelligents en Ha\u00efti\" \/>\n<meta property=\"article:modified_time\" content=\"2017-07-13T19:12:47+00:00\" \/>\n<meta property=\"og:image\" content=\"https:\/\/fondationlgl.org\/wp-content\/uploads\/2017\/03\/27.jpg\" \/>\n\t<meta property=\"og:image:width\" content=\"1024\" \/>\n\t<meta property=\"og:image:height\" content=\"682\" \/>\n\t<meta property=\"og:image:type\" content=\"image\/jpeg\" \/>\n<meta name=\"twitter:card\" content=\"summary_large_image\" \/>\n<meta name=\"twitter:label1\" content=\"Est. reading time\" \/>\n\t<meta name=\"twitter:data1\" content=\"1 minute\" \/>\n<script type=\"application\/ld+json\" class=\"yoast-schema-graph\">{\"@context\":\"https:\/\/schema.org\",\"@graph\":[{\"@type\":\"WebPage\",\"@id\":\"https:\/\/fondationlgl.org\/our-message\/\",\"url\":\"https:\/\/fondationlgl.org\/our-message\/\",\"name\":\"our message - &quot;Fondation Louis et Gizou Lamothe : Construire des Villages Intelligents en Ha\u00efti\",\"isPartOf\":{\"@id\":\"https:\/\/fondationlgl.org\/#website\"},\"primaryImageOfPage\":{\"@id\":\"https:\/\/fondationlgl.org\/our-message\/#primaryimage\"},\"image\":{\"@id\":\"https:\/\/fondationlgl.org\/our-message\/#primaryimage\"},\"thumbnailUrl\":\"https:\/\/fondationlgl.org\/wp-content\/uploads\/2017\/03\/27.jpg\",\"datePublished\":\"2017-06-29T16:07:33+00:00\",\"dateModified\":\"2017-07-13T19:12:47+00:00\",\"breadcrumb\":{\"@id\":\"https:\/\/fondationlgl.org\/our-message\/#breadcrumb\"},\"inLanguage\":\"en-US\",\"potentialAction\":[{\"@type\":\"ReadAction\",\"target\":[\"https:\/\/fondationlgl.org\/our-message\/\"]}]},{\"@type\":\"ImageObject\",\"inLanguage\":\"en-US\",\"@id\":\"https:\/\/fondationlgl.org\/our-message\/#primaryimage\",\"url\":\"https:\/\/fondationlgl.org\/wp-content\/uploads\/2017\/03\/27.jpg\",\"contentUrl\":\"https:\/\/fondationlgl.org\/wp-content\/uploads\/2017\/03\/27.jpg\"},{\"@type\":\"BreadcrumbList\",\"@id\":\"https:\/\/fondationlgl.org\/our-message\/#breadcrumb\",\"itemListElement\":[{\"@type\":\"ListItem\",\"position\":1,\"name\":\"Home\",\"item\":\"https:\/\/fondationlgl.org\/\"},{\"@type\":\"ListItem\",\"position\":2,\"name\":\"our message\"}]},{\"@type\":\"WebSite\",\"@id\":\"https:\/\/fondationlgl.org\/#website\",\"url\":\"https:\/\/fondationlgl.org\/\",\"name\":\"&quot;Fondation Louis et Gizou Lamothe : Construire des Villages Intelligents en Ha\u00efti\",\"description\":\"Renforcer les communaut\u00e9s ha\u00eftiennes \u00e0 travers l&#039;\u00e9ducation, la sant\u00e9, le sport, l&#039;environnement et la culture\",\"potentialAction\":[{\"@type\":\"SearchAction\",\"target\":{\"@type\":\"EntryPoint\",\"urlTemplate\":\"https:\/\/fondationlgl.org\/?s={search_term_string}\"},\"query-input\":{\"@type\":\"PropertyValueSpecification\",\"valueRequired\":true,\"valueName\":\"search_term_string\"}}],\"inLanguage\":\"en-US\"}]}<\/script>\n<!-- \/ Yoast SEO plugin. -->","yoast_head_json":{"title":"our message - &quot;Fondation Louis et Gizou Lamothe : Construire des Villages Intelligents en Ha\u00efti","robots":{"index":"index","follow":"follow","max-snippet":"max-snippet:-1","max-image-preview":"max-image-preview:large","max-video-preview":"max-video-preview:-1"},"canonical":"https:\/\/fondationlgl.org\/en\/our-message\/","og_locale":"en_US","og_type":"article","og_title":"our message - &quot;Fondation Louis et Gizou Lamothe : Construire des Villages Intelligents en Ha\u00efti","og_description":"[vc_row full_width=\u00a0\u00bbstretch_row_content_no_spaces\u00a0\u00bb][vc_column][vc_column_text] [\/vc_column_text][\/vc_column][\/vc_row][vc_row][vc_column][vc_column_text] OUR\u00a0MESSAGE [\/vc_column_text][vc_raw_html]JTNDUCUzRSUzQ3NwYW4lMjBzdHlsZSUzRCUyMmZvbnQtd2VpZ2h0JTNBYm9sZCUzQmZvbnQtc2l6ZSUzQTI1cHglM0IlMjIlM0VUJTNDJTJGc3BhbiUzRWhlJTIwRHIuJTIwTG91aXMlMjBHLiUyMExhbW90aGUlMjBGb3VuZGF0aW9uJTIwcHV0cyUyMGtub3dsZWRnZSUyMGF0JTIwdGhlJTIwc2VydmljZSUyMG9mJTIwc29jaWFsJTIwdHJhbnNmb3JtYXRpb24lMjBpbiUyMEhhaXRpLiUyMCUzQyUyRlAlM0UlMEElMEElM0NQJTNFVGhlJTIwRHIuJTIwTG91aXMlMjBHLiUyMExhbW90aGUlMjBGb3VuZGF0aW9uJTIwZ2l2ZXMlMjBwcmlvcml0eSUyMHRvJTIwcGFydGljaXBhdG9yeSUyMGFwcHJvYWNoZXMlMjB3aGVuJTIwY2FycnlpbmclMjBvdXQlMjB0aGUlMjBhY3Rpb25zJTIwYW5kJTIwcHJvZ3JhbXMlMjB0aGF0JTIwd2lsbCUyMGJlbmVmaXQlMjB0aGUlMjB0YXJnZXRlZCUyMGNvbW11bml0aWVzLiUyMCUyMEl0cyUyMGludGVydmVudGlvbnMlMjBhcmUlMjBiYXNlZCUyMG9uJTIwdGhlJTIwZXN0YWJsaXNobWVudCUyMG9mJTIwc3RydWN0dXJlcyUyMGZvY3VzaW5nJTIwb24lMjB0aGUlMjBzdHJlbmd0aGVuaW5nJTIwb2YlMjBlZHVjYXRpb24lMkMlMjBkaWFsb2clMkMlMjBjb21tdW5pY2F0aW9uJTIwYW5kJTIwc2VsZi1kZXRlcm1pbmF0aW9uLiUyMCUzQ1AlMkYlM0UlMEElMEElM0NQJTNFVGhlJTIwTEdMRiUyMHdhbnRzJTIwdG8lMjBtYWtlJTIwc3VyZSUyMHRoYXQlMjBpdHMlMjBiZW5lZmljaWFyaWVzJTIwYWNxdWlyZSUyMG5ldyUyMGJlaGF2aW9ycyUyMGluJTIwcmVsYXRpb24lMjB0byUyMHRoZWlyJTIwaW1tZWRpYXRlJTIwZW52aXJvbm1lbnQlMkMlMjBiZWhhdmlvcnMlMjB0aGF0JTIwd2lsbCUyMGhlbHAlMjB0aGVtJTIwY3JlYXRlJTIwd2VhbHRoJTJDJTIwYXMlMjB3ZWxsJTIwYXMlMjBpbXByb3ZlZCUyMGxpdmluZyUyMGNvbmRpdGlvbnMuJTIwJTNDUCUyRiUzRQ==[\/vc_raw_html][vc_row_inner][vc_column_inner width=\u00a0\u00bb1\/3&Prime;][\/vc_column_inner][vc_column_inner width=\u00a0\u00bb1\/3&Prime;][vc_column_text][\/vc_column_text][\/vc_column_inner][vc_column_inner width=\u00a0\u00bb1\/3&Prime;][\/vc_column_inner][\/vc_row_inner][\/vc_column][vc_column][\/vc_column][\/vc_row]","og_url":"https:\/\/fondationlgl.org\/en\/our-message\/","og_site_name":"&quot;Fondation Louis et Gizou Lamothe : Construire des Villages Intelligents en Ha\u00efti","article_modified_time":"2017-07-13T19:12:47+00:00","og_image":[{"width":1024,"height":682,"url":"https:\/\/fondationlgl.org\/wp-content\/uploads\/2017\/03\/27.jpg","type":"image\/jpeg"}],"twitter_card":"summary_large_image","twitter_misc":{"Est. reading time":"1 minute"},"schema":{"@context":"https:\/\/schema.org","@graph":[{"@type":"WebPage","@id":"https:\/\/fondationlgl.org\/our-message\/","url":"https:\/\/fondationlgl.org\/our-message\/","name":"our message - &quot;Fondation Louis et Gizou Lamothe : Construire des Villages Intelligents en Ha\u00efti","isPartOf":{"@id":"https:\/\/fondationlgl.org\/#website"},"primaryImageOfPage":{"@id":"https:\/\/fondationlgl.org\/our-message\/#primaryimage"},"image":{"@id":"https:\/\/fondationlgl.org\/our-message\/#primaryimage"},"thumbnailUrl":"https:\/\/fondationlgl.org\/wp-content\/uploads\/2017\/03\/27.jpg","datePublished":"2017-06-29T16:07:33+00:00","dateModified":"2017-07-13T19:12:47+00:00","breadcrumb":{"@id":"https:\/\/fondationlgl.org\/our-message\/#breadcrumb"},"inLanguage":"en-US","potentialAction":[{"@type":"ReadAction","target":["https:\/\/fondationlgl.org\/our-message\/"]}]},{"@type":"ImageObject","inLanguage":"en-US","@id":"https:\/\/fondationlgl.org\/our-message\/#primaryimage","url":"https:\/\/fondationlgl.org\/wp-content\/uploads\/2017\/03\/27.jpg","contentUrl":"https:\/\/fondationlgl.org\/wp-content\/uploads\/2017\/03\/27.jpg"},{"@type":"BreadcrumbList","@id":"https:\/\/fondationlgl.org\/our-message\/#breadcrumb","itemListElement":[{"@type":"ListItem","position":1,"name":"Home","item":"https:\/\/fondationlgl.org\/"},{"@type":"ListItem","position":2,"name":"our message"}]},{"@type":"WebSite","@id":"https:\/\/fondationlgl.org\/#website","url":"https:\/\/fondationlgl.org\/","name":"&quot;Fondation Louis et Gizou Lamothe : Construire des Villages Intelligents en Ha\u00efti","description":"Renforcer les communaut\u00e9s ha\u00eftiennes \u00e0 travers l&#039;\u00e9ducation, la sant\u00e9, le sport, l&#039;environnement et la culture","potentialAction":[{"@type":"SearchAction","target":{"@type":"EntryPoint","urlTemplate":"https:\/\/fondationlgl.org\/?s={search_term_string}"},"query-input":{"@type":"PropertyValueSpecification","valueRequired":true,"valueName":"search_term_string"}}],"inLanguage":"en-US"}]}},"_links":{"self":[{"href":"https:\/\/fondationlgl.org\/en\/wp-json\/wp\/v2\/pages\/2338","targetHints":{"allow":["GET"]}}],"collection":[{"href":"https:\/\/fondationlgl.org\/en\/wp-json\/wp\/v2\/pages"}],"about":[{"href":"https:\/\/fondationlgl.org\/en\/wp-json\/wp\/v2\/types\/page"}],"author":[{"embeddable":true,"href":"https:\/\/fondationlgl.org\/en\/wp-json\/wp\/v2\/users\/2"}],"replies":[{"embeddable":true,"href":"https:\/\/fondationlgl.org\/en\/wp-json\/wp\/v2\/comments?post=2338"}],"version-history":[{"count":0,"href":"https:\/\/fondationlgl.org\/en\/wp-json\/wp\/v2\/pages\/2338\/revisions"}],"wp:attachment":[{"href":"https:\/\/fondationlgl.org\/en\/wp-json\/wp\/v2\/media?parent=2338"}],"curies":[{"name":"wp","href":"https:\/\/api.w.org\/{rel}","templated":true}]}}