{"id":2336,"date":"2017-06-29T16:02:20","date_gmt":"2017-06-29T16:02:20","guid":{"rendered":"http:\/\/test.fondationlgl.org\/?page_id=2336"},"modified":"2020-07-18T12:44:42","modified_gmt":"2020-07-18T16:44:42","slug":"our-vision","status":"publish","type":"page","link":"https:\/\/fondationlgl.org\/en\/our-vision\/","title":{"rendered":"our vision"},"content":{"rendered":"<p>[vc_row full_width=\u00a0\u00bbstretch_row_content_no_spaces\u00a0\u00bb][vc_column][vc_column_text] <span id=\"cs-slider-shortcode\"><div style=\"display: none;\" class=\"crellyslider-slider crellyslider-slider-full-width crellyslider-slider-vision crellyslider-8\" id=\"crellyslider-8\">\n<ul>\n<li\nstyle=\"background-color: transparent;background-image: url('https:\/\/fondationlgl.org\/wp-content\/uploads\/2017\/03\/19-2.jpg');background-position: center center;background-repeat: no-repeat;background-size: cover;\"\ndata-in=\"fade\"\ndata-ease-in=\"300\"\ndata-out=\"fade\"\ndata-ease-out=\"300\"\ndata-time=\"3000\"\n>\n<\/li>\n<li\nstyle=\"background-color: transparent;background-image: url('https:\/\/fondationlgl.org\/wp-content\/uploads\/2017\/03\/29.jpg');background-position: center center;background-repeat: no-repeat;background-size: cover;\"\ndata-in=\"fade\"\ndata-ease-in=\"300\"\ndata-out=\"fade\"\ndata-ease-out=\"300\"\ndata-time=\"3000\"\n>\n<\/li>\n<li\nstyle=\"background-color: transparent;background-image: url('https:\/\/fondationlgl.org\/wp-content\/uploads\/2017\/03\/12.jpg');background-position: center center;background-repeat: no-repeat;background-size: cover;\"\ndata-in=\"fade\"\ndata-ease-in=\"300\"\ndata-out=\"fade\"\ndata-ease-out=\"300\"\ndata-time=\"3000\"\n>\n<\/li>\n<\/ul>\n<\/div>\n<script type=\"text\/javascript\">\n(function($) {\n$(document).ready(function() {\n$(\"#crellyslider-8\").crellySlider({\nlayout: 'full-width',\nresponsive: 1,\nstartWidth: 1024,\nstartHeight: 400,\nautomaticSlide: 1,\nshowControls: 1,\nshowNavigation: 1,\nenableSwipe: 1,\nshowProgressBar: 1,\npauseOnHover: 1,\nrandomOrder: 0,\nstartFromSlide: 0,\nbeforeStart : function() {},\nbeforeSetResponsive : function() {},\nbeforeSlideStart : function() {},\nbeforePause\t: function() {},\nbeforeResume : function() {},\n});\n});\n})(jQuery);\n<\/script>\n<\/span>\u00a0[\/vc_column_text][\/vc_column][\/vc_row][vc_row][vc_column][vc_column_text]<\/p>\n<h3 class=\"module-title\" style=\"text-align: center;\">OUR VISION<\/h3>\n<p>[\/vc_column_text][vc_raw_html]JTNDUCUzRSUzQ3NwYW4lMjBzdHlsZSUzRCUyMmZvbnQtd2VpZ2h0JTNBYm9sZCUzQmZvbnQtc2l6ZSUzQTI1cHglM0IlMjIlM0VGJTNDJTJGc3BhbiUzRUxHTCUyMHdhcyUyMGZvdW5kZWQlMjBpbiUyMEphbnVhcnklMjBvZiUyMDIwMTYlMjBieSUyMHRoZSUyMGZvcm1lciUyMFByaW1lJTIwTWluaXN0ZXIlMkMlMjBMYXVyZW50JTIwJTIwU2FsdmFkb3IlMjBMYW1vdGhlJTIwYW5kJTIwaGlzJTIwYnJvdGhlciUyQyUyMFJ1YmVuJTIwTGFtb3RoZSUyQyUyMGFzJTIwYSUyMHRyaWJ1dGUlMjB0byUyMHRoZWlyJTIwbGF0ZSUyMGZhdGhlci4lMjBEci4lMjBMYW1vdGhlJUUyJTgwJTk5cyUyMHdvcmslMjBhbmQlMjBpbmZsdWVuY2UlMjBoYXMlMjBwZXJtZWF0ZWQlMjB0aGUlMjBlZHVjYXRpb24lMjBvZiUyMG1hbnklMjBIYWl0aWFucyUyMHRoYXQlMjBub3clMjBtYWtlJTIwYW4lMjBpbXBhY3QlMjBhY3Jvc3MlMjB0aGUlMjBnbG9iZS4lMjBUaGlzJTIwZm91bmRhdGlvbiUyMHBhbGVzJTIwaW4lMjBjb21wYXJpc29uJTIwdG8lMjBoaXMlMjB2aXNpb24lMjBvZiUyMHdoYXQlMjBIYWl0aSUyMHNob3VsZCUyMGJlJTJDJTIwc28lMjBpdCUyMHdhcyUyMGFuZCUyMGlzJTIwaW4lMjB0aGUlMjBlZmZvcnQlMjBvZiUyMHJlYWNoaW5nJTIwdGhlJTIwdHJhbnNmb3JtYXRpb24lMjB0aGF0JTIwdGhpcyUyMGZvdW5kYXRpb24lMjB3YXMlMjBib3JuLiUyMCUzQyUyRnAlM0UlMEElM0NQJTNFJTIwVGhlJTIwRm91bmRhdGlvbiUyMGlzJTIwd2VsbCUyMGF3YXJlJTIwb2YlMjB0aGUlMjBuZWNlc3NpdHklMjB0byUyMHRha2UlMjB1cCUyMGltcG9ydGFudCUyMGNoYWxsZW5nZXMlMjBpbiUyMG9yZGVyJTIwdG8lMjBhbGxvdyUyMGRpc2FkdmFudGFnZWQlMjBjb21tdW5pdGllcyUyMHRvJTIwaW1wcm92ZSUyMHRoZWlyJTIwbG90JTJDJTIwYW5kJTIwZm9jdXMlMjBvbiUyMHZpbGxhZ2VzJTJDJTIwUGFueW9sJTIwYW5kJTIwQW5zZSUyMGR1JTIwQ2xlcmMlMjBhbmQlMjB0aGVpciUyMHN1cnJvdW5kaW5nJTIwY29tbXVuaXRpZXMlMkMlMjB0byUyMGNhcnJ5JTIwb3V0JTIwaXRzJTIwYWN0aXZpdGllcy4lMjBTdXN0YWluYWJsZSUyMHByb2plY3RzJTIwd2VyZSUyMGltcGxlbWVudGVkJTIwdG8lMjBicmluZyUyMGFib3V0JTIwcG9zaXRpdmUlMjBjaGFuZ2VzJTIwaW4lMjB0aGUlMjBsaXZlcyUyMG9mJTIwdGhlc2UlMjBmb3Jnb3R0ZW4lMjBtZW1iZXJzJTIwb2YlMjBzb2NpZXR5JTIwYW5kJTIwdG8lMjBvZmZlciUyMHRoZW0lMjBuZXclMjBvcHBvcnR1bml0aWVzLiUyMCUyMCUzQyUyRlAlM0UlMEElMEElM0NQJTNFVGhyb3VnaCUyMHN5c3RlbWF0aWNhbGx5JTIwY29uZHVjdGVkJTIwc29jaWFsJTIwZGlhbG9ncyUyQyUyMEZMR0wlMjBjb250aW51ZXMlMjB0byUyMGludm9sdmUlMjB0aGUlMjBtZW1iZXJzJTIwb2YlMjB0aGVzZSUyMGFyZWFzJTIwaW4lMjB0aGUlMjBjaG9pY2UlMjBhbmQlMjBpbXBsZW1lbnRhdGlvbiUyMG9mJTIwdGhlJTIwcHJvamVjdHMlMjB0aGF0JTIwd2lsbCUyMGJlbmVmaXQlMjB0aGVtLiUyMEZMR0wlMjdzJTIwZmlyc3QlMjBjb25jZXJuJTIwaXMlMjB0byUyMGFzc2lzdCUyMHRoZXNlJTIwdmlsbGFnZXMlMjBpbiUyMGZvcm11bGF0aW5nJTIwdGhlaXIlMjBvd24lMjBuZWVkcyUyMGFuZCUyMGluJTIwY29vcGVyYXRpdmVseSUyMGRlZmluaW5nJTIwdGhlJTIwb3V0bGluZSUyMG9mJTIwdGhlJTIwbmVjZXNzYXJ5JTIwcmVzcG9uc2VzLiUyMCUzQyUyRlAlM0U=[\/vc_raw_html][vc_row_inner][vc_column_inner width=\u00a0\u00bb1\/3&Prime;][vc_column_text]<img fetchpriority=\"high\" decoding=\"async\" class=\"alignnone size-full wp-image-1152\" src=\"https:\/\/fondationlgl.org\/wp-content\/uploads\/2017\/03\/17.jpg\" alt=\"\" width=\"1024\" height=\"682\" \/>[\/vc_column_text][\/vc_column_inner][vc_column_inner width=\u00a0\u00bb1\/3&Prime;][vc_column_text]<img decoding=\"async\" class=\"alignnone size-full wp-image-1139\" src=\"https:\/\/fondationlgl.org\/wp-content\/uploads\/2017\/03\/56.jpg\" alt=\"\" width=\"5472\" height=\"3648\" \/>[\/vc_column_text][\/vc_column_inner][vc_column_inner width=\u00a0\u00bb1\/3&Prime;][vc_column_text]<img decoding=\"async\" class=\"alignnone size-full wp-image-1155\" src=\"https:\/\/fondationlgl.org\/wp-content\/uploads\/2017\/03\/11.jpg\" alt=\"\" width=\"1024\" height=\"721\" \/>[\/vc_column_text][\/vc_column_inner][\/vc_row_inner][\/vc_column][vc_column][\/vc_column][\/vc_row]<\/p>","protected":false},"excerpt":{"rendered":"<p>[vc_row full_width=\u00a0\u00bbstretch_row_content_no_spaces\u00a0\u00bb][vc_column][vc_column_text] \u00a0[\/vc_column_text][\/vc_column][\/vc_row][vc_row][vc_column][vc_column_text] OUR VISION [\/vc_column_text][vc_raw_html]JTNDUCUzRSUzQ3NwYW4lMjBzdHlsZSUzRCUyMmZvbnQtd2VpZ2h0JTNBYm9sZCUzQmZvbnQtc2l6ZSUzQTI1cHglM0IlMjIlM0VGJTNDJTJGc3BhbiUzRUxHTCUyMHdhcyUyMGZvdW5kZWQlMjBpbiUyMEphbnVhcnklMjBvZiUyMDIwMTYlMjBieSUyMHRoZSUyMGZvcm1lciUyMFByaW1lJTIwTWluaXN0ZXIlMkMlMjBMYXVyZW50JTIwJTIwU2FsdmFkb3IlMjBMYW1vdGhlJTIwYW5kJTIwaGlzJTIwYnJvdGhlciUyQyUyMFJ1YmVuJTIwTGFtb3RoZSUyQyUyMGFzJTIwYSUyMHRyaWJ1dGUlMjB0byUyMHRoZWlyJTIwbGF0ZSUyMGZhdGhlci4lMjBEci4lMjBMYW1vdGhlJUUyJTgwJTk5cyUyMHdvcmslMjBhbmQlMjBpbmZsdWVuY2UlMjBoYXMlMjBwZXJtZWF0ZWQlMjB0aGUlMjBlZHVjYXRpb24lMjBvZiUyMG1hbnklMjBIYWl0aWFucyUyMHRoYXQlMjBub3clMjBtYWtlJTIwYW4lMjBpbXBhY3QlMjBhY3Jvc3MlMjB0aGUlMjBnbG9iZS4lMjBUaGlzJTIwZm91bmRhdGlvbiUyMHBhbGVzJTIwaW4lMjBjb21wYXJpc29uJTIwdG8lMjBoaXMlMjB2aXNpb24lMjBvZiUyMHdoYXQlMjBIYWl0aSUyMHNob3VsZCUyMGJlJTJDJTIwc28lMjBpdCUyMHdhcyUyMGFuZCUyMGlzJTIwaW4lMjB0aGUlMjBlZmZvcnQlMjBvZiUyMHJlYWNoaW5nJTIwdGhlJTIwdHJhbnNmb3JtYXRpb24lMjB0aGF0JTIwdGhpcyUyMGZvdW5kYXRpb24lMjB3YXMlMjBib3JuLiUyMCUzQyUyRnAlM0UlMEElM0NQJTNFJTIwVGhlJTIwRm91bmRhdGlvbiUyMGlzJTIwd2VsbCUyMGF3YXJlJTIwb2YlMjB0aGUlMjBuZWNlc3NpdHklMjB0byUyMHRha2UlMjB1cCUyMGltcG9ydGFudCUyMGNoYWxsZW5nZXMlMjBpbiUyMG9yZGVyJTIwdG8lMjBhbGxvdyUyMGRpc2FkdmFudGFnZWQlMjBjb21tdW5pdGllcyUyMHRvJTIwaW1wcm92ZSUyMHRoZWlyJTIwbG90JTJDJTIwYW5kJTIwZm9jdXMlMjBvbiUyMHZpbGxhZ2VzJTJDJTIwUGFueW9sJTIwYW5kJTIwQW5zZSUyMGR1JTIwQ2xlcmMlMjBhbmQlMjB0aGVpciUyMHN1cnJvdW5kaW5nJTIwY29tbXVuaXRpZXMlMkMlMjB0byUyMGNhcnJ5JTIwb3V0JTIwaXRzJTIwYWN0aXZpdGllcy4lMjBTdXN0YWluYWJsZSUyMHByb2plY3RzJTIwd2VyZSUyMGltcGxlbWVudGVkJTIwdG8lMjBicmluZyUyMGFib3V0JTIwcG9zaXRpdmUlMjBjaGFuZ2VzJTIwaW4lMjB0aGUlMjBsaXZlcyUyMG9mJTIwdGhlc2UlMjBmb3Jnb3R0ZW4lMjBtZW1iZXJzJTIwb2YlMjBzb2NpZXR5JTIwYW5kJTIwdG8lMjBvZmZlciUyMHRoZW0lMjBuZXclMjBvcHBvcnR1bml0aWVzLiUyMCUyMCUzQyUyRlAlM0UlMEElMEElM0NQJTNFVGhyb3VnaCUyMHN5c3RlbWF0aWNhbGx5JTIwY29uZHVjdGVkJTIwc29jaWFsJTIwZGlhbG9ncyUyQyUyMEZMR0wlMjBjb250aW51ZXMlMjB0byUyMGludm9sdmUlMjB0aGUlMjBtZW1iZXJzJTIwb2YlMjB0aGVzZSUyMGFyZWFzJTIwaW4lMjB0aGUlMjBjaG9pY2UlMjBhbmQlMjBpbXBsZW1lbnRhdGlvbiUyMG9mJTIwdGhlJTIwcHJvamVjdHMlMjB0aGF0JTIwd2lsbCUyMGJlbmVmaXQlMjB0aGVtLiUyMEZMR0wlMjdzJTIwZmlyc3QlMjBjb25jZXJuJTIwaXMlMjB0byUyMGFzc2lzdCUyMHRoZXNlJTIwdmlsbGFnZXMlMjBpbiUyMGZvcm11bGF0aW5nJTIwdGhlaXIlMjBvd24lMjBuZWVkcyUyMGFuZCUyMGluJTIwY29vcGVyYXRpdmVseSUyMGRlZmluaW5nJTIwdGhlJTIwb3V0bGluZSUyMG9mJTIwdGhlJTIwbmVjZXNzYXJ5JTIwcmVzcG9uc2VzLiUyMCUzQyUyRlAlM0U=[\/vc_raw_html][vc_row_inner][vc_column_inner width=\u00a0\u00bb1\/3&Prime;][vc_column_text][\/vc_column_text][\/vc_column_inner][vc_column_inner width=\u00a0\u00bb1\/3&Prime;][vc_column_text][\/vc_column_text][\/vc_column_inner][vc_column_inner width=\u00a0\u00bb1\/3&Prime;][vc_column_text][\/vc_column_text][\/vc_column_inner][\/vc_row_inner][\/vc_column][vc_column][\/vc_column][\/vc_row]<\/p>","protected":false},"author":2,"featured_media":0,"parent":0,"menu_order":0,"comment_status":"closed","ping_status":"closed","template":"","meta":{"_acf_changed":false,"footnotes":""},"class_list":["post-2336","page","type-page","status-publish","hentry"],"acf":[],"yoast_head":"<!-- This site is optimized with the Yoast SEO plugin v24.7 - https:\/\/yoast.com\/wordpress\/plugins\/seo\/ -->\n<title>our vision - &quot;Fondation Louis et Gizou Lamothe : Construire des Villages Intelligents en Ha\u00efti<\/title>\n<meta name=\"robots\" content=\"index, follow, max-snippet:-1, max-image-preview:large, max-video-preview:-1\" \/>\n<link rel=\"canonical\" href=\"https:\/\/fondationlgl.org\/en\/our-vision\/\" \/>\n<meta property=\"og:locale\" content=\"en_US\" \/>\n<meta property=\"og:type\" content=\"article\" \/>\n<meta property=\"og:title\" content=\"our vision - &quot;Fondation Louis et Gizou Lamothe : Construire des Villages Intelligents en Ha\u00efti\" \/>\n<meta property=\"og:description\" content=\"[vc_row full_width=\u00a0\u00bbstretch_row_content_no_spaces\u00a0\u00bb][vc_column][vc_column_text] \u00a0[\/vc_column_text][\/vc_column][\/vc_row][vc_row][vc_column][vc_column_text] OUR VISION [\/vc_column_text][vc_raw_html]JTNDUCUzRSUzQ3NwYW4lMjBzdHlsZSUzRCUyMmZvbnQtd2VpZ2h0JTNBYm9sZCUzQmZvbnQtc2l6ZSUzQTI1cHglM0IlMjIlM0VGJTNDJTJGc3BhbiUzRUxHTCUyMHdhcyUyMGZvdW5kZWQlMjBpbiUyMEphbnVhcnklMjBvZiUyMDIwMTYlMjBieSUyMHRoZSUyMGZvcm1lciUyMFByaW1lJTIwTWluaXN0ZXIlMkMlMjBMYXVyZW50JTIwJTIwU2FsdmFkb3IlMjBMYW1vdGhlJTIwYW5kJTIwaGlzJTIwYnJvdGhlciUyQyUyMFJ1YmVuJTIwTGFtb3RoZSUyQyUyMGFzJTIwYSUyMHRyaWJ1dGUlMjB0byUyMHRoZWlyJTIwbGF0ZSUyMGZhdGhlci4lMjBEci4lMjBMYW1vdGhlJUUyJTgwJTk5cyUyMHdvcmslMjBhbmQlMjBpbmZsdWVuY2UlMjBoYXMlMjBwZXJtZWF0ZWQlMjB0aGUlMjBlZHVjYXRpb24lMjBvZiUyMG1hbnklMjBIYWl0aWFucyUyMHRoYXQlMjBub3clMjBtYWtlJTIwYW4lMjBpbXBhY3QlMjBhY3Jvc3MlMjB0aGUlMjBnbG9iZS4lMjBUaGlzJTIwZm91bmRhdGlvbiUyMHBhbGVzJTIwaW4lMjBjb21wYXJpc29uJTIwdG8lMjBoaXMlMjB2aXNpb24lMjBvZiUyMHdoYXQlMjBIYWl0aSUyMHNob3VsZCUyMGJlJTJDJTIwc28lMjBpdCUyMHdhcyUyMGFuZCUyMGlzJTIwaW4lMjB0aGUlMjBlZmZvcnQlMjBvZiUyMHJlYWNoaW5nJTIwdGhlJTIwdHJhbnNmb3JtYXRpb24lMjB0aGF0JTIwdGhpcyUyMGZvdW5kYXRpb24lMjB3YXMlMjBib3JuLiUyMCUzQyUyRnAlM0UlMEElM0NQJTNFJTIwVGhlJTIwRm91bmRhdGlvbiUyMGlzJTIwd2VsbCUyMGF3YXJlJTIwb2YlMjB0aGUlMjBuZWNlc3NpdHklMjB0byUyMHRha2UlMjB1cCUyMGltcG9ydGFudCUyMGNoYWxsZW5nZXMlMjBpbiUyMG9yZGVyJTIwdG8lMjBhbGxvdyUyMGRpc2FkdmFudGFnZWQlMjBjb21tdW5pdGllcyUyMHRvJTIwaW1wcm92ZSUyMHRoZWlyJTIwbG90JTJDJTIwYW5kJTIwZm9jdXMlMjBvbiUyMHZpbGxhZ2VzJTJDJTIwUGFueW9sJTIwYW5kJTIwQW5zZSUyMGR1JTIwQ2xlcmMlMjBhbmQlMjB0aGVpciUyMHN1cnJvdW5kaW5nJTIwY29tbXVuaXRpZXMlMkMlMjB0byUyMGNhcnJ5JTIwb3V0JTIwaXRzJTIwYWN0aXZpdGllcy4lMjBTdXN0YWluYWJsZSUyMHByb2plY3RzJTIwd2VyZSUyMGltcGxlbWVudGVkJTIwdG8lMjBicmluZyUyMGFib3V0JTIwcG9zaXRpdmUlMjBjaGFuZ2VzJTIwaW4lMjB0aGUlMjBsaXZlcyUyMG9mJTIwdGhlc2UlMjBmb3Jnb3R0ZW4lMjBtZW1iZXJzJTIwb2YlMjBzb2NpZXR5JTIwYW5kJTIwdG8lMjBvZmZlciUyMHRoZW0lMjBuZXclMjBvcHBvcnR1bml0aWVzLiUyMCUyMCUzQyUyRlAlM0UlMEElMEElM0NQJTNFVGhyb3VnaCUyMHN5c3RlbWF0aWNhbGx5JTIwY29uZHVjdGVkJTIwc29jaWFsJTIwZGlhbG9ncyUyQyUyMEZMR0wlMjBjb250aW51ZXMlMjB0byUyMGludm9sdmUlMjB0aGUlMjBtZW1iZXJzJTIwb2YlMjB0aGVzZSUyMGFyZWFzJTIwaW4lMjB0aGUlMjBjaG9pY2UlMjBhbmQlMjBpbXBsZW1lbnRhdGlvbiUyMG9mJTIwdGhlJTIwcHJvamVjdHMlMjB0aGF0JTIwd2lsbCUyMGJlbmVmaXQlMjB0aGVtLiUyMEZMR0wlMjdzJTIwZmlyc3QlMjBjb25jZXJuJTIwaXMlMjB0byUyMGFzc2lzdCUyMHRoZXNlJTIwdmlsbGFnZXMlMjBpbiUyMGZvcm11bGF0aW5nJTIwdGhlaXIlMjBvd24lMjBuZWVkcyUyMGFuZCUyMGluJTIwY29vcGVyYXRpdmVseSUyMGRlZmluaW5nJTIwdGhlJTIwb3V0bGluZSUyMG9mJTIwdGhlJTIwbmVjZXNzYXJ5JTIwcmVzcG9uc2VzLiUyMCUzQyUyRlAlM0U=[\/vc_raw_html][vc_row_inner][vc_column_inner width=\u00a0\u00bb1\/3&Prime;][vc_column_text][\/vc_column_text][\/vc_column_inner][vc_column_inner width=\u00a0\u00bb1\/3&Prime;][vc_column_text][\/vc_column_text][\/vc_column_inner][vc_column_inner width=\u00a0\u00bb1\/3&Prime;][vc_column_text][\/vc_column_text][\/vc_column_inner][\/vc_row_inner][\/vc_column][vc_column][\/vc_column][\/vc_row]\" \/>\n<meta property=\"og:url\" content=\"https:\/\/fondationlgl.org\/en\/our-vision\/\" \/>\n<meta property=\"og:site_name\" content=\"&quot;Fondation Louis et Gizou Lamothe : Construire des Villages Intelligents en Ha\u00efti\" \/>\n<meta property=\"article:modified_time\" content=\"2020-07-18T16:44:42+00:00\" \/>\n<meta property=\"og:image\" content=\"https:\/\/fondationlgl.org\/wp-content\/uploads\/2017\/03\/17.jpg\" \/>\n<meta name=\"twitter:card\" content=\"summary_large_image\" \/>\n<meta name=\"twitter:label1\" content=\"Est. reading time\" \/>\n\t<meta name=\"twitter:data1\" content=\"1 minute\" \/>\n<script type=\"application\/ld+json\" class=\"yoast-schema-graph\">{\"@context\":\"https:\/\/schema.org\",\"@graph\":[{\"@type\":\"WebPage\",\"@id\":\"https:\/\/fondationlgl.org\/our-vision\/\",\"url\":\"https:\/\/fondationlgl.org\/our-vision\/\",\"name\":\"our vision - &quot;Fondation Louis et Gizou Lamothe : Construire des Villages Intelligents en Ha\u00efti\",\"isPartOf\":{\"@id\":\"https:\/\/fondationlgl.org\/#website\"},\"primaryImageOfPage\":{\"@id\":\"https:\/\/fondationlgl.org\/our-vision\/#primaryimage\"},\"image\":{\"@id\":\"https:\/\/fondationlgl.org\/our-vision\/#primaryimage\"},\"thumbnailUrl\":\"https:\/\/fondationlgl.org\/wp-content\/uploads\/2017\/03\/17.jpg\",\"datePublished\":\"2017-06-29T16:02:20+00:00\",\"dateModified\":\"2020-07-18T16:44:42+00:00\",\"breadcrumb\":{\"@id\":\"https:\/\/fondationlgl.org\/our-vision\/#breadcrumb\"},\"inLanguage\":\"en-US\",\"potentialAction\":[{\"@type\":\"ReadAction\",\"target\":[\"https:\/\/fondationlgl.org\/our-vision\/\"]}]},{\"@type\":\"ImageObject\",\"inLanguage\":\"en-US\",\"@id\":\"https:\/\/fondationlgl.org\/our-vision\/#primaryimage\",\"url\":\"https:\/\/fondationlgl.org\/wp-content\/uploads\/2017\/03\/17.jpg\",\"contentUrl\":\"https:\/\/fondationlgl.org\/wp-content\/uploads\/2017\/03\/17.jpg\"},{\"@type\":\"BreadcrumbList\",\"@id\":\"https:\/\/fondationlgl.org\/our-vision\/#breadcrumb\",\"itemListElement\":[{\"@type\":\"ListItem\",\"position\":1,\"name\":\"Home\",\"item\":\"https:\/\/fondationlgl.org\/\"},{\"@type\":\"ListItem\",\"position\":2,\"name\":\"our vision\"}]},{\"@type\":\"WebSite\",\"@id\":\"https:\/\/fondationlgl.org\/#website\",\"url\":\"https:\/\/fondationlgl.org\/\",\"name\":\"&quot;Fondation Louis et Gizou Lamothe : Construire des Villages Intelligents en Ha\u00efti\",\"description\":\"Renforcer les communaut\u00e9s ha\u00eftiennes \u00e0 travers l&#039;\u00e9ducation, la sant\u00e9, le sport, l&#039;environnement et la culture\",\"potentialAction\":[{\"@type\":\"SearchAction\",\"target\":{\"@type\":\"EntryPoint\",\"urlTemplate\":\"https:\/\/fondationlgl.org\/?s={search_term_string}\"},\"query-input\":{\"@type\":\"PropertyValueSpecification\",\"valueRequired\":true,\"valueName\":\"search_term_string\"}}],\"inLanguage\":\"en-US\"}]}<\/script>\n<!-- \/ Yoast SEO plugin. -->","yoast_head_json":{"title":"our vision - &quot;Fondation Louis et Gizou Lamothe : Construire des Villages Intelligents en Ha\u00efti","robots":{"index":"index","follow":"follow","max-snippet":"max-snippet:-1","max-image-preview":"max-image-preview:large","max-video-preview":"max-video-preview:-1"},"canonical":"https:\/\/fondationlgl.org\/en\/our-vision\/","og_locale":"en_US","og_type":"article","og_title":"our vision - &quot;Fondation Louis et Gizou Lamothe : Construire des Villages Intelligents en Ha\u00efti","og_description":"[vc_row full_width=\u00a0\u00bbstretch_row_content_no_spaces\u00a0\u00bb][vc_column][vc_column_text] \u00a0[\/vc_column_text][\/vc_column][\/vc_row][vc_row][vc_column][vc_column_text] OUR VISION [\/vc_column_text][vc_raw_html]JTNDUCUzRSUzQ3NwYW4lMjBzdHlsZSUzRCUyMmZvbnQtd2VpZ2h0JTNBYm9sZCUzQmZvbnQtc2l6ZSUzQTI1cHglM0IlMjIlM0VGJTNDJTJGc3BhbiUzRUxHTCUyMHdhcyUyMGZvdW5kZWQlMjBpbiUyMEphbnVhcnklMjBvZiUyMDIwMTYlMjBieSUyMHRoZSUyMGZvcm1lciUyMFByaW1lJTIwTWluaXN0ZXIlMkMlMjBMYXVyZW50JTIwJTIwU2FsdmFkb3IlMjBMYW1vdGhlJTIwYW5kJTIwaGlzJTIwYnJvdGhlciUyQyUyMFJ1YmVuJTIwTGFtb3RoZSUyQyUyMGFzJTIwYSUyMHRyaWJ1dGUlMjB0byUyMHRoZWlyJTIwbGF0ZSUyMGZhdGhlci4lMjBEci4lMjBMYW1vdGhlJUUyJTgwJTk5cyUyMHdvcmslMjBhbmQlMjBpbmZsdWVuY2UlMjBoYXMlMjBwZXJtZWF0ZWQlMjB0aGUlMjBlZHVjYXRpb24lMjBvZiUyMG1hbnklMjBIYWl0aWFucyUyMHRoYXQlMjBub3clMjBtYWtlJTIwYW4lMjBpbXBhY3QlMjBhY3Jvc3MlMjB0aGUlMjBnbG9iZS4lMjBUaGlzJTIwZm91bmRhdGlvbiUyMHBhbGVzJTIwaW4lMjBjb21wYXJpc29uJTIwdG8lMjBoaXMlMjB2aXNpb24lMjBvZiUyMHdoYXQlMjBIYWl0aSUyMHNob3VsZCUyMGJlJTJDJTIwc28lMjBpdCUyMHdhcyUyMGFuZCUyMGlzJTIwaW4lMjB0aGUlMjBlZmZvcnQlMjBvZiUyMHJlYWNoaW5nJTIwdGhlJTIwdHJhbnNmb3JtYXRpb24lMjB0aGF0JTIwdGhpcyUyMGZvdW5kYXRpb24lMjB3YXMlMjBib3JuLiUyMCUzQyUyRnAlM0UlMEElM0NQJTNFJTIwVGhlJTIwRm91bmRhdGlvbiUyMGlzJTIwd2VsbCUyMGF3YXJlJTIwb2YlMjB0aGUlMjBuZWNlc3NpdHklMjB0byUyMHRha2UlMjB1cCUyMGltcG9ydGFudCUyMGNoYWxsZW5nZXMlMjBpbiUyMG9yZGVyJTIwdG8lMjBhbGxvdyUyMGRpc2FkdmFudGFnZWQlMjBjb21tdW5pdGllcyUyMHRvJTIwaW1wcm92ZSUyMHRoZWlyJTIwbG90JTJDJTIwYW5kJTIwZm9jdXMlMjBvbiUyMHZpbGxhZ2VzJTJDJTIwUGFueW9sJTIwYW5kJTIwQW5zZSUyMGR1JTIwQ2xlcmMlMjBhbmQlMjB0aGVpciUyMHN1cnJvdW5kaW5nJTIwY29tbXVuaXRpZXMlMkMlMjB0byUyMGNhcnJ5JTIwb3V0JTIwaXRzJTIwYWN0aXZpdGllcy4lMjBTdXN0YWluYWJsZSUyMHByb2plY3RzJTIwd2VyZSUyMGltcGxlbWVudGVkJTIwdG8lMjBicmluZyUyMGFib3V0JTIwcG9zaXRpdmUlMjBjaGFuZ2VzJTIwaW4lMjB0aGUlMjBsaXZlcyUyMG9mJTIwdGhlc2UlMjBmb3Jnb3R0ZW4lMjBtZW1iZXJzJTIwb2YlMjBzb2NpZXR5JTIwYW5kJTIwdG8lMjBvZmZlciUyMHRoZW0lMjBuZXclMjBvcHBvcnR1bml0aWVzLiUyMCUyMCUzQyUyRlAlM0UlMEElMEElM0NQJTNFVGhyb3VnaCUyMHN5c3RlbWF0aWNhbGx5JTIwY29uZHVjdGVkJTIwc29jaWFsJTIwZGlhbG9ncyUyQyUyMEZMR0wlMjBjb250aW51ZXMlMjB0byUyMGludm9sdmUlMjB0aGUlMjBtZW1iZXJzJTIwb2YlMjB0aGVzZSUyMGFyZWFzJTIwaW4lMjB0aGUlMjBjaG9pY2UlMjBhbmQlMjBpbXBsZW1lbnRhdGlvbiUyMG9mJTIwdGhlJTIwcHJvamVjdHMlMjB0aGF0JTIwd2lsbCUyMGJlbmVmaXQlMjB0aGVtLiUyMEZMR0wlMjdzJTIwZmlyc3QlMjBjb25jZXJuJTIwaXMlMjB0byUyMGFzc2lzdCUyMHRoZXNlJTIwdmlsbGFnZXMlMjBpbiUyMGZvcm11bGF0aW5nJTIwdGhlaXIlMjBvd24lMjBuZWVkcyUyMGFuZCUyMGluJTIwY29vcGVyYXRpdmVseSUyMGRlZmluaW5nJTIwdGhlJTIwb3V0bGluZSUyMG9mJTIwdGhlJTIwbmVjZXNzYXJ5JTIwcmVzcG9uc2VzLiUyMCUzQyUyRlAlM0U=[\/vc_raw_html][vc_row_inner][vc_column_inner width=\u00a0\u00bb1\/3&Prime;][vc_column_text][\/vc_column_text][\/vc_column_inner][vc_column_inner width=\u00a0\u00bb1\/3&Prime;][vc_column_text][\/vc_column_text][\/vc_column_inner][vc_column_inner width=\u00a0\u00bb1\/3&Prime;][vc_column_text][\/vc_column_text][\/vc_column_inner][\/vc_row_inner][\/vc_column][vc_column][\/vc_column][\/vc_row]","og_url":"https:\/\/fondationlgl.org\/en\/our-vision\/","og_site_name":"&quot;Fondation Louis et Gizou Lamothe : Construire des Villages Intelligents en Ha\u00efti","article_modified_time":"2020-07-18T16:44:42+00:00","og_image":[{"url":"https:\/\/fondationlgl.org\/wp-content\/uploads\/2017\/03\/17.jpg","type":"","width":"","height":""}],"twitter_card":"summary_large_image","twitter_misc":{"Est. reading time":"1 minute"},"schema":{"@context":"https:\/\/schema.org","@graph":[{"@type":"WebPage","@id":"https:\/\/fondationlgl.org\/our-vision\/","url":"https:\/\/fondationlgl.org\/our-vision\/","name":"our vision - &quot;Fondation Louis et Gizou Lamothe : Construire des Villages Intelligents en Ha\u00efti","isPartOf":{"@id":"https:\/\/fondationlgl.org\/#website"},"primaryImageOfPage":{"@id":"https:\/\/fondationlgl.org\/our-vision\/#primaryimage"},"image":{"@id":"https:\/\/fondationlgl.org\/our-vision\/#primaryimage"},"thumbnailUrl":"https:\/\/fondationlgl.org\/wp-content\/uploads\/2017\/03\/17.jpg","datePublished":"2017-06-29T16:02:20+00:00","dateModified":"2020-07-18T16:44:42+00:00","breadcrumb":{"@id":"https:\/\/fondationlgl.org\/our-vision\/#breadcrumb"},"inLanguage":"en-US","potentialAction":[{"@type":"ReadAction","target":["https:\/\/fondationlgl.org\/our-vision\/"]}]},{"@type":"ImageObject","inLanguage":"en-US","@id":"https:\/\/fondationlgl.org\/our-vision\/#primaryimage","url":"https:\/\/fondationlgl.org\/wp-content\/uploads\/2017\/03\/17.jpg","contentUrl":"https:\/\/fondationlgl.org\/wp-content\/uploads\/2017\/03\/17.jpg"},{"@type":"BreadcrumbList","@id":"https:\/\/fondationlgl.org\/our-vision\/#breadcrumb","itemListElement":[{"@type":"ListItem","position":1,"name":"Home","item":"https:\/\/fondationlgl.org\/"},{"@type":"ListItem","position":2,"name":"our vision"}]},{"@type":"WebSite","@id":"https:\/\/fondationlgl.org\/#website","url":"https:\/\/fondationlgl.org\/","name":"&quot;Fondation Louis et Gizou Lamothe : Construire des Villages Intelligents en Ha\u00efti","description":"Renforcer les communaut\u00e9s ha\u00eftiennes \u00e0 travers l&#039;\u00e9ducation, la sant\u00e9, le sport, l&#039;environnement et la culture","potentialAction":[{"@type":"SearchAction","target":{"@type":"EntryPoint","urlTemplate":"https:\/\/fondationlgl.org\/?s={search_term_string}"},"query-input":{"@type":"PropertyValueSpecification","valueRequired":true,"valueName":"search_term_string"}}],"inLanguage":"en-US"}]}},"_links":{"self":[{"href":"https:\/\/fondationlgl.org\/en\/wp-json\/wp\/v2\/pages\/2336","targetHints":{"allow":["GET"]}}],"collection":[{"href":"https:\/\/fondationlgl.org\/en\/wp-json\/wp\/v2\/pages"}],"about":[{"href":"https:\/\/fondationlgl.org\/en\/wp-json\/wp\/v2\/types\/page"}],"author":[{"embeddable":true,"href":"https:\/\/fondationlgl.org\/en\/wp-json\/wp\/v2\/users\/2"}],"replies":[{"embeddable":true,"href":"https:\/\/fondationlgl.org\/en\/wp-json\/wp\/v2\/comments?post=2336"}],"version-history":[{"count":0,"href":"https:\/\/fondationlgl.org\/en\/wp-json\/wp\/v2\/pages\/2336\/revisions"}],"wp:attachment":[{"href":"https:\/\/fondationlgl.org\/en\/wp-json\/wp\/v2\/media?parent=2336"}],"curies":[{"name":"wp","href":"https:\/\/api.w.org\/{rel}","templated":true}]}}