{"id":2334,"date":"2017-06-29T15:50:08","date_gmt":"2017-06-29T15:50:08","guid":{"rendered":"http:\/\/test.fondationlgl.org\/?page_id=2334"},"modified":"2020-07-20T15:15:52","modified_gmt":"2020-07-20T19:15:52","slug":"our-mission","status":"publish","type":"page","link":"https:\/\/fondationlgl.org\/en\/our-mission\/","title":{"rendered":"our mission"},"content":{"rendered":"<p>[vc_row full_width=\u00a0\u00bbstretch_row_content_no_spaces\u00a0\u00bb][vc_column][vc_column_text] <span id=\"cs-slider-shortcode\"><div style=\"display: none;\" class=\"crellyslider-slider crellyslider-slider-full-width crellyslider-slider-mission crellyslider-7\" id=\"crellyslider-7\">\n<ul>\n<li\nstyle=\"background-color: transparent;background-image: url('https:\/\/fondationlgl.org\/wp-content\/uploads\/2017\/03\/143A4165.jpg');background-position: center center;background-repeat: no-repeat;background-size: cover;\"\ndata-in=\"fade\"\ndata-ease-in=\"300\"\ndata-out=\"fade\"\ndata-ease-out=\"300\"\ndata-time=\"3000\"\n>\n<\/li>\n<li\nstyle=\"background-color: transparent;background-image: url('https:\/\/fondationlgl.org\/wp-content\/uploads\/2017\/03\/IMG_9692.jpg');background-position: center center;background-repeat: no-repeat;background-size: cover;\"\ndata-in=\"fade\"\ndata-ease-in=\"300\"\ndata-out=\"fade\"\ndata-ease-out=\"300\"\ndata-time=\"3000\"\n>\n<\/li>\n<li\nstyle=\"background-color: transparent;background-image: url('https:\/\/fondationlgl.org\/wp-content\/uploads\/2017\/03\/46.jpg');background-position: center center;background-repeat: no-repeat;background-size: cover;\"\ndata-in=\"fade\"\ndata-ease-in=\"300\"\ndata-out=\"fade\"\ndata-ease-out=\"300\"\ndata-time=\"3000\"\n>\n<\/li>\n<li\nstyle=\"background-color: transparent;background-image: url('https:\/\/fondationlgl.org\/wp-content\/uploads\/2017\/03\/2017-03-11-1.png');background-position: center center;background-repeat: no-repeat;background-size: cover;\"\ndata-in=\"fade\"\ndata-ease-in=\"300\"\ndata-out=\"fade\"\ndata-ease-out=\"300\"\ndata-time=\"3000\"\n>\n<\/li>\n<li\nstyle=\"background-color: transparent;background-image: url('https:\/\/fondationlgl.org\/wp-content\/uploads\/2017\/03\/70.jpg');background-position: center center;background-repeat: no-repeat;background-size: cover;\"\ndata-in=\"fade\"\ndata-ease-in=\"300\"\ndata-out=\"fade\"\ndata-ease-out=\"300\"\ndata-time=\"3000\"\n>\n<\/li>\n<\/ul>\n<\/div>\n<script type=\"text\/javascript\">\n(function($) {\n$(document).ready(function() {\n$(\"#crellyslider-7\").crellySlider({\nlayout: 'full-width',\nresponsive: 1,\nstartWidth: 1024,\nstartHeight: 400,\nautomaticSlide: 1,\nshowControls: 1,\nshowNavigation: 1,\nenableSwipe: 1,\nshowProgressBar: 1,\npauseOnHover: 1,\nrandomOrder: 0,\nstartFromSlide: 0,\nbeforeStart : function() {},\nbeforeSetResponsive : function() {},\nbeforeSlideStart : function() {},\nbeforePause\t: function() {},\nbeforeResume : function() {},\n});\n});\n})(jQuery);\n<\/script>\n<\/span> [\/vc_column_text][\/vc_column][\/vc_row][vc_row][vc_column][vc_column_text]<br \/>\n[\/vc_column_text][\/vc_column][\/vc_row][vc_row][vc_column][vc_column_text]<\/p>\n<h3 class=\"module-title\" style=\"text-align: center;\">OUR MISSION<\/h3>\n<p>[\/vc_column_text][vc_raw_html]JTNDcCUzRSUzQ3NwYW4lMjBzdHlsZSUzRCUyMmZvbnQtd2VpZ2h0JTNBYm9sZCUzQmZvbnQtc2l6ZSUzQTI1cHglM0IlMjIlM0VEJTNDJTJGc3BhbiUzRXIuJTIwTGFtb3RoZSUyMGJlbGlldmVkJTIwaW4lMjB0aGUlMjBlbXBvd2VybWVudCUyMG9mJTIwSGFpdGlhbiUyMHBlb3BsZS4lMjAlMjBJbiUyMGtlZXBpbmclMjB3aXRoJTIwaGlzJTIwbGVnYWN5JTJDJTIwRkxHTCUyMGNhbiUyMGFuZCUyMHdpbGwlMjBtYWtlJTIwYSUyMGR1cmFibGUlMjBpbXBhY3QlMjBpbiUyMHRoZSUyMGxpdmVzJTIwb2YlMjBtYW55JTIwbW9yZSUyMHBlb3BsZSUyMGJ5JTIwcHJvbW90aW5nJTNBJTIwJTNDJTJGcCUzRSUwQSUzQ3VsJTIwY2xhc3MlM0QlMjJtaXNzaW9uJTIyJTNFJTBBJTNDbGklM0VIZWFsdGhjYXJlLSUyMGJ5JTIwcHJvdmlkaW5nJTIweWVhcmx5JTIwbW9iaWxlJTIwbWVkaWNhbCUyMGNsaW5pY3MlMjBhbmQlMjBzdXBwb3J0aW5nJTIwbG9jYWwlMjBmYXJtZXJzJTIwYW5kJTIwZmlzaGVybWVuJTIwaGVhbHRoJTIwJTNDJTJGbGklM0UlMEElM0NsaSUzRUVkdWNhdGlvbi0lMjBieSUyMHNwb25zb3JpbmclMjB0ZWFjaGVycyUyQyUyMGNoaWxkcmVuJTJDJTIwY2xhc3Nyb29tcyUyMGFuZCUyMGxpYnJhcmllcyUyMCUzQyUyRmxpJTIwJTNFJTBBJTNDbGklM0VTb2NpYWwlMjBlbXBvd2VybWVudCUyMC0lMjBieSUyMHByb21vdGluZyUyMHNjaG9vbCUyMHNwb3J0cyUyMHByb2dyYW1zJTIwdGhhdCUyMGVuY291cmFnZSUyMHRlYW13b3JrJTJDJTIwZGlzY2lwbGluZSUyMGFuZCUyMGZ1biUyMCUzQyUyRmxpJTNFJTBBJTNDbGklM0VBZ3JpY3VsdHVyYWwlMjBwcm90ZWN0aW9uLWJ5JTIwc3VwcG9ydGluZyUyMHNjaG9vbCUyMGdhcmRlbnMlMkMlMjBmYXJtaW5nJTIwcHJvZ3JhbXMlMjBhbmQlMjByZWZvcmVzdGluZyUyMCUyMCUzQyUyRmxpJTNFJTBBJTBBJTNDJTJGdWwlM0UlMEElMEElMEElMEElMEE=[\/vc_raw_html][vc_row_inner][vc_column_inner width=\u00a0\u00bb1\/3&Prime;][vc_column_text]<img fetchpriority=\"high\" decoding=\"async\" class=\"alignnone size-full wp-image-1949\" src=\"https:\/\/fondationlgl.org\/wp-content\/uploads\/2017\/03\/notremission.jpg\" alt=\"\" width=\"1024\" height=\"682\" \/>[\/vc_column_text][\/vc_column_inner][vc_column_inner width=\u00a0\u00bb1\/3&Prime;][vc_column_text]<img decoding=\"async\" class=\"alignnone size-full wp-image-1139\" src=\"https:\/\/fondationlgl.org\/wp-content\/uploads\/2017\/03\/56.jpg\" alt=\"\" width=\"5472\" height=\"3648\" \/>[\/vc_column_text][\/vc_column_inner][vc_column_inner width=\u00a0\u00bb1\/3&Prime;][vc_column_text]<img decoding=\"async\" class=\"alignnone size-full wp-image-1950\" src=\"https:\/\/fondationlgl.org\/wp-content\/uploads\/2017\/03\/notremission3.jpg\" alt=\"\" width=\"1024\" height=\"682\" \/>[\/vc_column_text][\/vc_column_inner][\/vc_row_inner][\/vc_column][vc_column][\/vc_column][\/vc_row]<\/p>","protected":false},"excerpt":{"rendered":"<p>[vc_row full_width=\u00a0\u00bbstretch_row_content_no_spaces\u00a0\u00bb][vc_column][vc_column_text] [\/vc_column_text][\/vc_column][\/vc_row][vc_row][vc_column][vc_column_text] [\/vc_column_text][\/vc_column][\/vc_row][vc_row][vc_column][vc_column_text] OUR MISSION [\/vc_column_text][vc_raw_html]JTNDcCUzRSUzQ3NwYW4lMjBzdHlsZSUzRCUyMmZvbnQtd2VpZ2h0JTNBYm9sZCUzQmZvbnQtc2l6ZSUzQTI1cHglM0IlMjIlM0VEJTNDJTJGc3BhbiUzRXIuJTIwTGFtb3RoZSUyMGJlbGlldmVkJTIwaW4lMjB0aGUlMjBlbXBvd2VybWVudCUyMG9mJTIwSGFpdGlhbiUyMHBlb3BsZS4lMjAlMjBJbiUyMGtlZXBpbmclMjB3aXRoJTIwaGlzJTIwbGVnYWN5JTJDJTIwRkxHTCUyMGNhbiUyMGFuZCUyMHdpbGwlMjBtYWtlJTIwYSUyMGR1cmFibGUlMjBpbXBhY3QlMjBpbiUyMHRoZSUyMGxpdmVzJTIwb2YlMjBtYW55JTIwbW9yZSUyMHBlb3BsZSUyMGJ5JTIwcHJvbW90aW5nJTNBJTIwJTNDJTJGcCUzRSUwQSUzQ3VsJTIwY2xhc3MlM0QlMjJtaXNzaW9uJTIyJTNFJTBBJTNDbGklM0VIZWFsdGhjYXJlLSUyMGJ5JTIwcHJvdmlkaW5nJTIweWVhcmx5JTIwbW9iaWxlJTIwbWVkaWNhbCUyMGNsaW5pY3MlMjBhbmQlMjBzdXBwb3J0aW5nJTIwbG9jYWwlMjBmYXJtZXJzJTIwYW5kJTIwZmlzaGVybWVuJTIwaGVhbHRoJTIwJTNDJTJGbGklM0UlMEElM0NsaSUzRUVkdWNhdGlvbi0lMjBieSUyMHNwb25zb3JpbmclMjB0ZWFjaGVycyUyQyUyMGNoaWxkcmVuJTJDJTIwY2xhc3Nyb29tcyUyMGFuZCUyMGxpYnJhcmllcyUyMCUzQyUyRmxpJTIwJTNFJTBBJTNDbGklM0VTb2NpYWwlMjBlbXBvd2VybWVudCUyMC0lMjBieSUyMHByb21vdGluZyUyMHNjaG9vbCUyMHNwb3J0cyUyMHByb2dyYW1zJTIwdGhhdCUyMGVuY291cmFnZSUyMHRlYW13b3JrJTJDJTIwZGlzY2lwbGluZSUyMGFuZCUyMGZ1biUyMCUzQyUyRmxpJTNFJTBBJTNDbGklM0VBZ3JpY3VsdHVyYWwlMjBwcm90ZWN0aW9uLWJ5JTIwc3VwcG9ydGluZyUyMHNjaG9vbCUyMGdhcmRlbnMlMkMlMjBmYXJtaW5nJTIwcHJvZ3JhbXMlMjBhbmQlMjByZWZvcmVzdGluZyUyMCUyMCUzQyUyRmxpJTNFJTBBJTBBJTNDJTJGdWwlM0UlMEElMEElMEElMEElMEE=[\/vc_raw_html][vc_row_inner][vc_column_inner width=\u00a0\u00bb1\/3&Prime;][vc_column_text][\/vc_column_text][\/vc_column_inner][vc_column_inner width=\u00a0\u00bb1\/3&Prime;][vc_column_text][\/vc_column_text][\/vc_column_inner][vc_column_inner width=\u00a0\u00bb1\/3&Prime;][vc_column_text][\/vc_column_text][\/vc_column_inner][\/vc_row_inner][\/vc_column][vc_column][\/vc_column][\/vc_row]<\/p>","protected":false},"author":2,"featured_media":0,"parent":0,"menu_order":0,"comment_status":"closed","ping_status":"closed","template":"","meta":{"_acf_changed":false,"footnotes":""},"class_list":["post-2334","page","type-page","status-publish","hentry"],"acf":[],"yoast_head":"<!-- This site is optimized with the Yoast SEO plugin v24.7 - https:\/\/yoast.com\/wordpress\/plugins\/seo\/ -->\n<title>our mission - &quot;Fondation Louis et Gizou Lamothe : Construire des Villages Intelligents en Ha\u00efti<\/title>\n<meta name=\"robots\" content=\"index, follow, max-snippet:-1, max-image-preview:large, max-video-preview:-1\" \/>\n<link rel=\"canonical\" href=\"https:\/\/fondationlgl.org\/en\/our-mission\/\" \/>\n<meta property=\"og:locale\" content=\"en_US\" \/>\n<meta property=\"og:type\" content=\"article\" \/>\n<meta property=\"og:title\" content=\"our mission - &quot;Fondation Louis et Gizou Lamothe : Construire des Villages Intelligents en Ha\u00efti\" \/>\n<meta property=\"og:description\" content=\"[vc_row full_width=\u00a0\u00bbstretch_row_content_no_spaces\u00a0\u00bb][vc_column][vc_column_text] [\/vc_column_text][\/vc_column][\/vc_row][vc_row][vc_column][vc_column_text] [\/vc_column_text][\/vc_column][\/vc_row][vc_row][vc_column][vc_column_text] OUR MISSION [\/vc_column_text][vc_raw_html]JTNDcCUzRSUzQ3NwYW4lMjBzdHlsZSUzRCUyMmZvbnQtd2VpZ2h0JTNBYm9sZCUzQmZvbnQtc2l6ZSUzQTI1cHglM0IlMjIlM0VEJTNDJTJGc3BhbiUzRXIuJTIwTGFtb3RoZSUyMGJlbGlldmVkJTIwaW4lMjB0aGUlMjBlbXBvd2VybWVudCUyMG9mJTIwSGFpdGlhbiUyMHBlb3BsZS4lMjAlMjBJbiUyMGtlZXBpbmclMjB3aXRoJTIwaGlzJTIwbGVnYWN5JTJDJTIwRkxHTCUyMGNhbiUyMGFuZCUyMHdpbGwlMjBtYWtlJTIwYSUyMGR1cmFibGUlMjBpbXBhY3QlMjBpbiUyMHRoZSUyMGxpdmVzJTIwb2YlMjBtYW55JTIwbW9yZSUyMHBlb3BsZSUyMGJ5JTIwcHJvbW90aW5nJTNBJTIwJTNDJTJGcCUzRSUwQSUzQ3VsJTIwY2xhc3MlM0QlMjJtaXNzaW9uJTIyJTNFJTBBJTNDbGklM0VIZWFsdGhjYXJlLSUyMGJ5JTIwcHJvdmlkaW5nJTIweWVhcmx5JTIwbW9iaWxlJTIwbWVkaWNhbCUyMGNsaW5pY3MlMjBhbmQlMjBzdXBwb3J0aW5nJTIwbG9jYWwlMjBmYXJtZXJzJTIwYW5kJTIwZmlzaGVybWVuJTIwaGVhbHRoJTIwJTNDJTJGbGklM0UlMEElM0NsaSUzRUVkdWNhdGlvbi0lMjBieSUyMHNwb25zb3JpbmclMjB0ZWFjaGVycyUyQyUyMGNoaWxkcmVuJTJDJTIwY2xhc3Nyb29tcyUyMGFuZCUyMGxpYnJhcmllcyUyMCUzQyUyRmxpJTIwJTNFJTBBJTNDbGklM0VTb2NpYWwlMjBlbXBvd2VybWVudCUyMC0lMjBieSUyMHByb21vdGluZyUyMHNjaG9vbCUyMHNwb3J0cyUyMHByb2dyYW1zJTIwdGhhdCUyMGVuY291cmFnZSUyMHRlYW13b3JrJTJDJTIwZGlzY2lwbGluZSUyMGFuZCUyMGZ1biUyMCUzQyUyRmxpJTNFJTBBJTNDbGklM0VBZ3JpY3VsdHVyYWwlMjBwcm90ZWN0aW9uLWJ5JTIwc3VwcG9ydGluZyUyMHNjaG9vbCUyMGdhcmRlbnMlMkMlMjBmYXJtaW5nJTIwcHJvZ3JhbXMlMjBhbmQlMjByZWZvcmVzdGluZyUyMCUyMCUzQyUyRmxpJTNFJTBBJTBBJTNDJTJGdWwlM0UlMEElMEElMEElMEElMEE=[\/vc_raw_html][vc_row_inner][vc_column_inner width=\u00a0\u00bb1\/3&Prime;][vc_column_text][\/vc_column_text][\/vc_column_inner][vc_column_inner width=\u00a0\u00bb1\/3&Prime;][vc_column_text][\/vc_column_text][\/vc_column_inner][vc_column_inner width=\u00a0\u00bb1\/3&Prime;][vc_column_text][\/vc_column_text][\/vc_column_inner][\/vc_row_inner][\/vc_column][vc_column][\/vc_column][\/vc_row]\" \/>\n<meta property=\"og:url\" content=\"https:\/\/fondationlgl.org\/en\/our-mission\/\" \/>\n<meta property=\"og:site_name\" content=\"&quot;Fondation Louis et Gizou Lamothe : Construire des Villages Intelligents en Ha\u00efti\" \/>\n<meta property=\"article:modified_time\" content=\"2020-07-20T19:15:52+00:00\" \/>\n<meta property=\"og:image\" content=\"https:\/\/fondationlgl.org\/wp-content\/uploads\/2017\/03\/notremission.jpg\" \/>\n<meta name=\"twitter:card\" content=\"summary_large_image\" \/>\n<meta name=\"twitter:label1\" content=\"Est. reading time\" \/>\n\t<meta name=\"twitter:data1\" content=\"1 minute\" \/>\n<script type=\"application\/ld+json\" class=\"yoast-schema-graph\">{\"@context\":\"https:\/\/schema.org\",\"@graph\":[{\"@type\":\"WebPage\",\"@id\":\"https:\/\/fondationlgl.org\/our-mission\/\",\"url\":\"https:\/\/fondationlgl.org\/our-mission\/\",\"name\":\"our mission - &quot;Fondation Louis et Gizou Lamothe : Construire des Villages Intelligents en Ha\u00efti\",\"isPartOf\":{\"@id\":\"https:\/\/fondationlgl.org\/#website\"},\"primaryImageOfPage\":{\"@id\":\"https:\/\/fondationlgl.org\/our-mission\/#primaryimage\"},\"image\":{\"@id\":\"https:\/\/fondationlgl.org\/our-mission\/#primaryimage\"},\"thumbnailUrl\":\"https:\/\/fondationlgl.org\/wp-content\/uploads\/2017\/03\/notremission.jpg\",\"datePublished\":\"2017-06-29T15:50:08+00:00\",\"dateModified\":\"2020-07-20T19:15:52+00:00\",\"breadcrumb\":{\"@id\":\"https:\/\/fondationlgl.org\/our-mission\/#breadcrumb\"},\"inLanguage\":\"en-US\",\"potentialAction\":[{\"@type\":\"ReadAction\",\"target\":[\"https:\/\/fondationlgl.org\/our-mission\/\"]}]},{\"@type\":\"ImageObject\",\"inLanguage\":\"en-US\",\"@id\":\"https:\/\/fondationlgl.org\/our-mission\/#primaryimage\",\"url\":\"https:\/\/fondationlgl.org\/wp-content\/uploads\/2017\/03\/notremission.jpg\",\"contentUrl\":\"https:\/\/fondationlgl.org\/wp-content\/uploads\/2017\/03\/notremission.jpg\"},{\"@type\":\"BreadcrumbList\",\"@id\":\"https:\/\/fondationlgl.org\/our-mission\/#breadcrumb\",\"itemListElement\":[{\"@type\":\"ListItem\",\"position\":1,\"name\":\"Home\",\"item\":\"https:\/\/fondationlgl.org\/\"},{\"@type\":\"ListItem\",\"position\":2,\"name\":\"our mission\"}]},{\"@type\":\"WebSite\",\"@id\":\"https:\/\/fondationlgl.org\/#website\",\"url\":\"https:\/\/fondationlgl.org\/\",\"name\":\"&quot;Fondation Louis et Gizou Lamothe : Construire des Villages Intelligents en Ha\u00efti\",\"description\":\"Renforcer les communaut\u00e9s ha\u00eftiennes \u00e0 travers l&#039;\u00e9ducation, la sant\u00e9, le sport, l&#039;environnement et la culture\",\"potentialAction\":[{\"@type\":\"SearchAction\",\"target\":{\"@type\":\"EntryPoint\",\"urlTemplate\":\"https:\/\/fondationlgl.org\/?s={search_term_string}\"},\"query-input\":{\"@type\":\"PropertyValueSpecification\",\"valueRequired\":true,\"valueName\":\"search_term_string\"}}],\"inLanguage\":\"en-US\"}]}<\/script>\n<!-- \/ Yoast SEO plugin. -->","yoast_head_json":{"title":"our mission - &quot;Fondation Louis et Gizou Lamothe : Construire des Villages Intelligents en Ha\u00efti","robots":{"index":"index","follow":"follow","max-snippet":"max-snippet:-1","max-image-preview":"max-image-preview:large","max-video-preview":"max-video-preview:-1"},"canonical":"https:\/\/fondationlgl.org\/en\/our-mission\/","og_locale":"en_US","og_type":"article","og_title":"our mission - &quot;Fondation Louis et Gizou Lamothe : Construire des Villages Intelligents en Ha\u00efti","og_description":"[vc_row full_width=\u00a0\u00bbstretch_row_content_no_spaces\u00a0\u00bb][vc_column][vc_column_text] [\/vc_column_text][\/vc_column][\/vc_row][vc_row][vc_column][vc_column_text] [\/vc_column_text][\/vc_column][\/vc_row][vc_row][vc_column][vc_column_text] OUR MISSION [\/vc_column_text][vc_raw_html]JTNDcCUzRSUzQ3NwYW4lMjBzdHlsZSUzRCUyMmZvbnQtd2VpZ2h0JTNBYm9sZCUzQmZvbnQtc2l6ZSUzQTI1cHglM0IlMjIlM0VEJTNDJTJGc3BhbiUzRXIuJTIwTGFtb3RoZSUyMGJlbGlldmVkJTIwaW4lMjB0aGUlMjBlbXBvd2VybWVudCUyMG9mJTIwSGFpdGlhbiUyMHBlb3BsZS4lMjAlMjBJbiUyMGtlZXBpbmclMjB3aXRoJTIwaGlzJTIwbGVnYWN5JTJDJTIwRkxHTCUyMGNhbiUyMGFuZCUyMHdpbGwlMjBtYWtlJTIwYSUyMGR1cmFibGUlMjBpbXBhY3QlMjBpbiUyMHRoZSUyMGxpdmVzJTIwb2YlMjBtYW55JTIwbW9yZSUyMHBlb3BsZSUyMGJ5JTIwcHJvbW90aW5nJTNBJTIwJTNDJTJGcCUzRSUwQSUzQ3VsJTIwY2xhc3MlM0QlMjJtaXNzaW9uJTIyJTNFJTBBJTNDbGklM0VIZWFsdGhjYXJlLSUyMGJ5JTIwcHJvdmlkaW5nJTIweWVhcmx5JTIwbW9iaWxlJTIwbWVkaWNhbCUyMGNsaW5pY3MlMjBhbmQlMjBzdXBwb3J0aW5nJTIwbG9jYWwlMjBmYXJtZXJzJTIwYW5kJTIwZmlzaGVybWVuJTIwaGVhbHRoJTIwJTNDJTJGbGklM0UlMEElM0NsaSUzRUVkdWNhdGlvbi0lMjBieSUyMHNwb25zb3JpbmclMjB0ZWFjaGVycyUyQyUyMGNoaWxkcmVuJTJDJTIwY2xhc3Nyb29tcyUyMGFuZCUyMGxpYnJhcmllcyUyMCUzQyUyRmxpJTIwJTNFJTBBJTNDbGklM0VTb2NpYWwlMjBlbXBvd2VybWVudCUyMC0lMjBieSUyMHByb21vdGluZyUyMHNjaG9vbCUyMHNwb3J0cyUyMHByb2dyYW1zJTIwdGhhdCUyMGVuY291cmFnZSUyMHRlYW13b3JrJTJDJTIwZGlzY2lwbGluZSUyMGFuZCUyMGZ1biUyMCUzQyUyRmxpJTNFJTBBJTNDbGklM0VBZ3JpY3VsdHVyYWwlMjBwcm90ZWN0aW9uLWJ5JTIwc3VwcG9ydGluZyUyMHNjaG9vbCUyMGdhcmRlbnMlMkMlMjBmYXJtaW5nJTIwcHJvZ3JhbXMlMjBhbmQlMjByZWZvcmVzdGluZyUyMCUyMCUzQyUyRmxpJTNFJTBBJTBBJTNDJTJGdWwlM0UlMEElMEElMEElMEElMEE=[\/vc_raw_html][vc_row_inner][vc_column_inner width=\u00a0\u00bb1\/3&Prime;][vc_column_text][\/vc_column_text][\/vc_column_inner][vc_column_inner width=\u00a0\u00bb1\/3&Prime;][vc_column_text][\/vc_column_text][\/vc_column_inner][vc_column_inner width=\u00a0\u00bb1\/3&Prime;][vc_column_text][\/vc_column_text][\/vc_column_inner][\/vc_row_inner][\/vc_column][vc_column][\/vc_column][\/vc_row]","og_url":"https:\/\/fondationlgl.org\/en\/our-mission\/","og_site_name":"&quot;Fondation Louis et Gizou Lamothe : Construire des Villages Intelligents en Ha\u00efti","article_modified_time":"2020-07-20T19:15:52+00:00","og_image":[{"url":"https:\/\/fondationlgl.org\/wp-content\/uploads\/2017\/03\/notremission.jpg","type":"","width":"","height":""}],"twitter_card":"summary_large_image","twitter_misc":{"Est. reading time":"1 minute"},"schema":{"@context":"https:\/\/schema.org","@graph":[{"@type":"WebPage","@id":"https:\/\/fondationlgl.org\/our-mission\/","url":"https:\/\/fondationlgl.org\/our-mission\/","name":"our mission - &quot;Fondation Louis et Gizou Lamothe : Construire des Villages Intelligents en Ha\u00efti","isPartOf":{"@id":"https:\/\/fondationlgl.org\/#website"},"primaryImageOfPage":{"@id":"https:\/\/fondationlgl.org\/our-mission\/#primaryimage"},"image":{"@id":"https:\/\/fondationlgl.org\/our-mission\/#primaryimage"},"thumbnailUrl":"https:\/\/fondationlgl.org\/wp-content\/uploads\/2017\/03\/notremission.jpg","datePublished":"2017-06-29T15:50:08+00:00","dateModified":"2020-07-20T19:15:52+00:00","breadcrumb":{"@id":"https:\/\/fondationlgl.org\/our-mission\/#breadcrumb"},"inLanguage":"en-US","potentialAction":[{"@type":"ReadAction","target":["https:\/\/fondationlgl.org\/our-mission\/"]}]},{"@type":"ImageObject","inLanguage":"en-US","@id":"https:\/\/fondationlgl.org\/our-mission\/#primaryimage","url":"https:\/\/fondationlgl.org\/wp-content\/uploads\/2017\/03\/notremission.jpg","contentUrl":"https:\/\/fondationlgl.org\/wp-content\/uploads\/2017\/03\/notremission.jpg"},{"@type":"BreadcrumbList","@id":"https:\/\/fondationlgl.org\/our-mission\/#breadcrumb","itemListElement":[{"@type":"ListItem","position":1,"name":"Home","item":"https:\/\/fondationlgl.org\/"},{"@type":"ListItem","position":2,"name":"our mission"}]},{"@type":"WebSite","@id":"https:\/\/fondationlgl.org\/#website","url":"https:\/\/fondationlgl.org\/","name":"&quot;Fondation Louis et Gizou Lamothe : Construire des Villages Intelligents en Ha\u00efti","description":"Renforcer les communaut\u00e9s ha\u00eftiennes \u00e0 travers l&#039;\u00e9ducation, la sant\u00e9, le sport, l&#039;environnement et la culture","potentialAction":[{"@type":"SearchAction","target":{"@type":"EntryPoint","urlTemplate":"https:\/\/fondationlgl.org\/?s={search_term_string}"},"query-input":{"@type":"PropertyValueSpecification","valueRequired":true,"valueName":"search_term_string"}}],"inLanguage":"en-US"}]}},"_links":{"self":[{"href":"https:\/\/fondationlgl.org\/en\/wp-json\/wp\/v2\/pages\/2334","targetHints":{"allow":["GET"]}}],"collection":[{"href":"https:\/\/fondationlgl.org\/en\/wp-json\/wp\/v2\/pages"}],"about":[{"href":"https:\/\/fondationlgl.org\/en\/wp-json\/wp\/v2\/types\/page"}],"author":[{"embeddable":true,"href":"https:\/\/fondationlgl.org\/en\/wp-json\/wp\/v2\/users\/2"}],"replies":[{"embeddable":true,"href":"https:\/\/fondationlgl.org\/en\/wp-json\/wp\/v2\/comments?post=2334"}],"version-history":[{"count":0,"href":"https:\/\/fondationlgl.org\/en\/wp-json\/wp\/v2\/pages\/2334\/revisions"}],"wp:attachment":[{"href":"https:\/\/fondationlgl.org\/en\/wp-json\/wp\/v2\/media?parent=2334"}],"curies":[{"name":"wp","href":"https:\/\/api.w.org\/{rel}","templated":true}]}}