{"id":218,"date":"2016-12-30T09:54:52","date_gmt":"2016-12-30T09:54:52","guid":{"rendered":"http:\/\/wp.goigi.biz\/fondationlglwp\/?page_id=218"},"modified":"2020-05-06T02:11:03","modified_gmt":"2020-05-06T02:11:03","slug":"donation","status":"publish","type":"page","link":"https:\/\/fondationlgl.org\/en\/donation\/","title":{"rendered":"Donate"},"content":{"rendered":"<p>[vc_row full_width=\u00a0\u00bbstretch_row_content\u00a0\u00bb css=\u00a0\u00bb.vc_custom_1588457893544{background-image: url(https:\/\/fondationlgl.org\/wp-content\/uploads\/2017\/03\/12.jpg?id=1159) !important;background-position: center !important;background-repeat: no-repeat !important;background-size: cover !important;}\u00a0\u00bb][vc_column width=\u00a0\u00bb1\/6&Prime;][\/vc_column][vc_column width=\u00a0\u00bb2\/3&Prime;][vc_row_inner][vc_column_inner width=\u00a0\u00bb1\/6&Prime;][\/vc_column_inner][vc_column_inner width=\u00a0\u00bb2\/3&Prime; css=\u00a0\u00bb.vc_custom_1588459029823{background-color: rgba(255,255,255,0.9) !important;*background-color: rgb(255,255,255) !important;}\u00a0\u00bb][vc_column_text]<\/p>\n<p class=\"help\" style=\"text-align: center;\"><strong>HELP FLGL FIGHT POVERTY AND PROVIDE EMERGENCY RELIEF AID WITH YOUR DONATION TODAY<\/strong><\/p>\n<p>[\/vc_column_text][vc_single_image image=\u00a0\u00bb1789&Prime; img_size=\u00a0\u00bbmedium\u00a0\u00bb alignment=\u00a0\u00bbcenter\u00a0\u00bb style=\u00a0\u00bbvc_box_border\u00a0\u00bb][vc_column_text]<\/p>\n<p style=\"text-align: center;\">[give_form id=\u00a0\u00bb3142&Prime;]<\/p>\n<p>[\/vc_column_text][\/vc_column_inner][vc_column_inner width=\u00a0\u00bb1\/6&Prime;][\/vc_column_inner][\/vc_row_inner][\/vc_column][vc_column width=\u00a0\u00bb1\/6&Prime;][\/vc_column][\/vc_row]<\/p>","protected":false},"excerpt":{"rendered":"<p>[vc_row full_width=\u00a0\u00bbstretch_row_content\u00a0\u00bb css=\u00a0\u00bb.vc_custom_1588457893544{background-image: url(https:\/\/fondationlgl.org\/wp-content\/uploads\/2017\/03\/12.jpg?id=1159) !important;background-position: center !important;background-repeat: no-repeat !important;background-size: cover !important;}\u00a0\u00bb][vc_column width=\u00a0\u00bb1\/6&Prime;][\/vc_column][vc_column width=\u00a0\u00bb2\/3&Prime;][vc_row_inner][vc_column_inner width=\u00a0\u00bb1\/6&Prime;][\/vc_column_inner][vc_column_inner width=\u00a0\u00bb2\/3&Prime; css=\u00a0\u00bb.vc_custom_1588459029823{background-color: rgba(255,255,255,0.9) !important;*background-color: rgb(255,255,255) !important;}\u00a0\u00bb][vc_column_text] HELP FLGL FIGHT POVERTY AND PROVIDE EMERGENCY RELIEF AID WITH YOUR DONATION TODAY [\/vc_column_text][vc_single_image image=\u00a0\u00bb1789&Prime; img_size=\u00a0\u00bbmedium\u00a0\u00bb alignment=\u00a0\u00bbcenter\u00a0\u00bb style=\u00a0\u00bbvc_box_border\u00a0\u00bb][vc_column_text] [give_form id=\u00a0\u00bb3142&Prime;] [\/vc_column_text][\/vc_column_inner][vc_column_inner width=\u00a0\u00bb1\/6&Prime;][\/vc_column_inner][\/vc_row_inner][\/vc_column][vc_column width=\u00a0\u00bb1\/6&Prime;][\/vc_column][\/vc_row]<\/p>","protected":false},"author":2,"featured_media":0,"parent":0,"menu_order":0,"comment_status":"closed","ping_status":"closed","template":"","meta":{"_acf_changed":false,"footnotes":""},"class_list":["post-218","page","type-page","status-publish","hentry"],"acf":[],"yoast_head":"<!-- This site is optimized with the Yoast SEO plugin v24.7 - https:\/\/yoast.com\/wordpress\/plugins\/seo\/ -->\n<title>Donate to the Dr. Louis G. Lamothe Foundation | Ways to Give<\/title>\n<meta name=\"description\" content=\"Please donate towards the Dr. Louis G. Lamothe Foundation, to help the team build the first Smart Villages in Haiti. Contributions can be made online, here.\" \/>\n<meta name=\"robots\" content=\"index, follow, max-snippet:-1, max-image-preview:large, max-video-preview:-1\" \/>\n<link rel=\"canonical\" href=\"https:\/\/fondationlgl.org\/en\/donation\/\" \/>\n<meta property=\"og:locale\" content=\"en_US\" \/>\n<meta property=\"og:type\" content=\"article\" \/>\n<meta property=\"og:title\" content=\"Donate to the Dr. Louis G. Lamothe Foundation | Ways to Give\" \/>\n<meta property=\"og:description\" content=\"Please donate towards the Dr. Louis G. Lamothe Foundation, to help the team build the first Smart Villages in Haiti. Contributions can be made online, here.\" \/>\n<meta property=\"og:url\" content=\"https:\/\/fondationlgl.org\/en\/donation\/\" \/>\n<meta property=\"og:site_name\" content=\"&quot;Fondation Louis et Gizou Lamothe : Construire des Villages Intelligents en Ha\u00efti\" \/>\n<meta property=\"article:modified_time\" content=\"2020-05-06T02:11:03+00:00\" \/>\n<meta name=\"twitter:card\" content=\"summary_large_image\" \/>\n<meta name=\"twitter:label1\" content=\"Est. reading time\" \/>\n\t<meta name=\"twitter:data1\" content=\"1 minute\" \/>\n<script type=\"application\/ld+json\" class=\"yoast-schema-graph\">{\"@context\":\"https:\/\/schema.org\",\"@graph\":[{\"@type\":\"WebPage\",\"@id\":\"https:\/\/fondationlgl.org\/donation\/\",\"url\":\"https:\/\/fondationlgl.org\/donation\/\",\"name\":\"Donate to the Dr. Louis G. Lamothe Foundation | Ways to Give\",\"isPartOf\":{\"@id\":\"https:\/\/fondationlgl.org\/#website\"},\"datePublished\":\"2016-12-30T09:54:52+00:00\",\"dateModified\":\"2020-05-06T02:11:03+00:00\",\"description\":\"Please donate towards the Dr. Louis G. Lamothe Foundation, to help the team build the first Smart Villages in Haiti. Contributions can be made online, here.\",\"breadcrumb\":{\"@id\":\"https:\/\/fondationlgl.org\/donation\/#breadcrumb\"},\"inLanguage\":\"en-US\",\"potentialAction\":[{\"@type\":\"ReadAction\",\"target\":[\"https:\/\/fondationlgl.org\/donation\/\"]}]},{\"@type\":\"BreadcrumbList\",\"@id\":\"https:\/\/fondationlgl.org\/donation\/#breadcrumb\",\"itemListElement\":[{\"@type\":\"ListItem\",\"position\":1,\"name\":\"Home\",\"item\":\"https:\/\/fondationlgl.org\/\"},{\"@type\":\"ListItem\",\"position\":2,\"name\":\"Donate\"}]},{\"@type\":\"WebSite\",\"@id\":\"https:\/\/fondationlgl.org\/#website\",\"url\":\"https:\/\/fondationlgl.org\/\",\"name\":\"&quot;Fondation Louis et Gizou Lamothe : Construire des Villages Intelligents en Ha\u00efti\",\"description\":\"Renforcer les communaut\u00e9s ha\u00eftiennes \u00e0 travers l&#039;\u00e9ducation, la sant\u00e9, le sport, l&#039;environnement et la culture\",\"potentialAction\":[{\"@type\":\"SearchAction\",\"target\":{\"@type\":\"EntryPoint\",\"urlTemplate\":\"https:\/\/fondationlgl.org\/?s={search_term_string}\"},\"query-input\":{\"@type\":\"PropertyValueSpecification\",\"valueRequired\":true,\"valueName\":\"search_term_string\"}}],\"inLanguage\":\"en-US\"}]}<\/script>\n<!-- \/ Yoast SEO plugin. -->","yoast_head_json":{"title":"Donate to the Dr. Louis G. Lamothe Foundation | Ways to Give","description":"Please donate towards the Dr. Louis G. Lamothe Foundation, to help the team build the first Smart Villages in Haiti. Contributions can be made online, here.","robots":{"index":"index","follow":"follow","max-snippet":"max-snippet:-1","max-image-preview":"max-image-preview:large","max-video-preview":"max-video-preview:-1"},"canonical":"https:\/\/fondationlgl.org\/en\/donation\/","og_locale":"en_US","og_type":"article","og_title":"Donate to the Dr. Louis G. Lamothe Foundation | Ways to Give","og_description":"Please donate towards the Dr. Louis G. Lamothe Foundation, to help the team build the first Smart Villages in Haiti. Contributions can be made online, here.","og_url":"https:\/\/fondationlgl.org\/en\/donation\/","og_site_name":"&quot;Fondation Louis et Gizou Lamothe : Construire des Villages Intelligents en Ha\u00efti","article_modified_time":"2020-05-06T02:11:03+00:00","twitter_card":"summary_large_image","twitter_misc":{"Est. reading time":"1 minute"},"schema":{"@context":"https:\/\/schema.org","@graph":[{"@type":"WebPage","@id":"https:\/\/fondationlgl.org\/donation\/","url":"https:\/\/fondationlgl.org\/donation\/","name":"Donate to the Dr. Louis G. Lamothe Foundation | Ways to Give","isPartOf":{"@id":"https:\/\/fondationlgl.org\/#website"},"datePublished":"2016-12-30T09:54:52+00:00","dateModified":"2020-05-06T02:11:03+00:00","description":"Please donate towards the Dr. Louis G. Lamothe Foundation, to help the team build the first Smart Villages in Haiti. Contributions can be made online, here.","breadcrumb":{"@id":"https:\/\/fondationlgl.org\/donation\/#breadcrumb"},"inLanguage":"en-US","potentialAction":[{"@type":"ReadAction","target":["https:\/\/fondationlgl.org\/donation\/"]}]},{"@type":"BreadcrumbList","@id":"https:\/\/fondationlgl.org\/donation\/#breadcrumb","itemListElement":[{"@type":"ListItem","position":1,"name":"Home","item":"https:\/\/fondationlgl.org\/"},{"@type":"ListItem","position":2,"name":"Donate"}]},{"@type":"WebSite","@id":"https:\/\/fondationlgl.org\/#website","url":"https:\/\/fondationlgl.org\/","name":"&quot;Fondation Louis et Gizou Lamothe : Construire des Villages Intelligents en Ha\u00efti","description":"Renforcer les communaut\u00e9s ha\u00eftiennes \u00e0 travers l&#039;\u00e9ducation, la sant\u00e9, le sport, l&#039;environnement et la culture","potentialAction":[{"@type":"SearchAction","target":{"@type":"EntryPoint","urlTemplate":"https:\/\/fondationlgl.org\/?s={search_term_string}"},"query-input":{"@type":"PropertyValueSpecification","valueRequired":true,"valueName":"search_term_string"}}],"inLanguage":"en-US"}]}},"_links":{"self":[{"href":"https:\/\/fondationlgl.org\/en\/wp-json\/wp\/v2\/pages\/218","targetHints":{"allow":["GET"]}}],"collection":[{"href":"https:\/\/fondationlgl.org\/en\/wp-json\/wp\/v2\/pages"}],"about":[{"href":"https:\/\/fondationlgl.org\/en\/wp-json\/wp\/v2\/types\/page"}],"author":[{"embeddable":true,"href":"https:\/\/fondationlgl.org\/en\/wp-json\/wp\/v2\/users\/2"}],"replies":[{"embeddable":true,"href":"https:\/\/fondationlgl.org\/en\/wp-json\/wp\/v2\/comments?post=218"}],"version-history":[{"count":0,"href":"https:\/\/fondationlgl.org\/en\/wp-json\/wp\/v2\/pages\/218\/revisions"}],"wp:attachment":[{"href":"https:\/\/fondationlgl.org\/en\/wp-json\/wp\/v2\/media?parent=218"}],"curies":[{"name":"wp","href":"https:\/\/api.w.org\/{rel}","templated":true}]}}