{"id":1149,"date":"2017-03-17T19:13:21","date_gmt":"2017-03-17T19:13:21","guid":{"rendered":"http:\/\/test.fondationlgl.org\/?page_id=1149"},"modified":"2020-06-07T18:28:13","modified_gmt":"2020-06-07T18:28:13","slug":"notre-vision","status":"publish","type":"page","link":"https:\/\/fondationlgl.org\/en\/notre-vision\/","title":{"rendered":"notre vision"},"content":{"rendered":"<p>[vc_row full_width=\u00a0\u00bbstretch_row_content_no_spaces\u00a0\u00bb][vc_column][vc_column_text] <span id=\"cs-slider-shortcode\"><div style=\"display: none;\" class=\"crellyslider-slider crellyslider-slider-full-width crellyslider-slider-vision crellyslider-8\" id=\"crellyslider-8\">\n<ul>\n<li\nstyle=\"background-color: transparent;background-image: url('https:\/\/fondationlgl.org\/wp-content\/uploads\/2017\/03\/19-2.jpg');background-position: center center;background-repeat: no-repeat;background-size: cover;\"\ndata-in=\"fade\"\ndata-ease-in=\"300\"\ndata-out=\"fade\"\ndata-ease-out=\"300\"\ndata-time=\"3000\"\n>\n<\/li>\n<li\nstyle=\"background-color: transparent;background-image: url('https:\/\/fondationlgl.org\/wp-content\/uploads\/2017\/03\/29.jpg');background-position: center center;background-repeat: no-repeat;background-size: cover;\"\ndata-in=\"fade\"\ndata-ease-in=\"300\"\ndata-out=\"fade\"\ndata-ease-out=\"300\"\ndata-time=\"3000\"\n>\n<\/li>\n<li\nstyle=\"background-color: transparent;background-image: url('https:\/\/fondationlgl.org\/wp-content\/uploads\/2017\/03\/12.jpg');background-position: center center;background-repeat: no-repeat;background-size: cover;\"\ndata-in=\"fade\"\ndata-ease-in=\"300\"\ndata-out=\"fade\"\ndata-ease-out=\"300\"\ndata-time=\"3000\"\n>\n<\/li>\n<\/ul>\n<\/div>\n<script type=\"text\/javascript\">\n(function($) {\n$(document).ready(function() {\n$(\"#crellyslider-8\").crellySlider({\nlayout: 'full-width',\nresponsive: 1,\nstartWidth: 1024,\nstartHeight: 400,\nautomaticSlide: 1,\nshowControls: 1,\nshowNavigation: 1,\nenableSwipe: 1,\nshowProgressBar: 1,\npauseOnHover: 1,\nrandomOrder: 0,\nstartFromSlide: 0,\nbeforeStart : function() {},\nbeforeSetResponsive : function() {},\nbeforeSlideStart : function() {},\nbeforePause\t: function() {},\nbeforeResume : function() {},\n});\n});\n})(jQuery);\n<\/script>\n<\/span>\u00a0[\/vc_column_text][\/vc_column][\/vc_row][vc_row][vc_column][vc_column_text]<\/p>\n<h3 class=\"module-title\" style=\"text-align: center;\">NOTRE VISION<\/h3>\n<p>&nbsp;<\/p>\n<p>La FLGL a \u00e9t\u00e9 fond\u00e9e en janvier 2016 par l&rsquo;ancien Premier ministre, Laurent Salvador Lamothe et son fr\u00e8re, Ruben Lamothe, en hommage \u00e0 leur d\u00e9funt p\u00e8re. Le travail et l&rsquo;influence du Dr Lamothe ont impr\u00e9gn\u00e9 de nombreuses personnes bien \u00e9duqu\u00e9es d&rsquo;Ha\u00efti qui vivent et travaillent maintenant dans le monde entier. Cette fondation n&rsquo;est rien en comparaison de sa vision de ce que devrait \u00eatre Ha\u00efti et c&rsquo;est donc dans l&rsquo;effort de capter ce faisceau d&rsquo;espoir que cette Fondation est n\u00e9e.<\/p>\n<p>La Fondation Dr. Louis G. Lamothe est bien consciente de la n\u00e9cessit\u00e9 de relever des d\u00e9fis importants afin de permettre aux communaut\u00e9s d\u00e9favoris\u00e9es d&rsquo;am\u00e9liorer leur sort, et cible actuellement deux villages, Panyol et Anse du Clerc, pour mener \u00e0 bien ses activit\u00e9s. Des projets durables ont \u00e9t\u00e9 mis en \u0153uvre pour apporter des changements positifs dans la vie de ces membres oubli\u00e9s de la soci\u00e9t\u00e9 et pour leur offrir de nouvelles opportunit\u00e9s.<\/p>\n<p>Gr\u00e2ce \u00e0 des dialogues sociaux men\u00e9s syst\u00e9matiquement, la FLGL implique les membres des communaut\u00e9s cibl\u00e9es dans le choix et la mise en \u0153uvre des projets qui leur seront b\u00e9n\u00e9fiques. La premi\u00e8re pr\u00e9occupation de la FLGL est d&rsquo;aider ces villages \u00e0 formuler leurs propres besoins et \u00e0 d\u00e9finir librement les grandes lignes des r\u00e9ponses n\u00e9cessaires.<\/p>\n<p>&nbsp;<\/p>\n<p><img fetchpriority=\"high\" decoding=\"async\" class=\"alignnone size-full wp-image-1152\" src=\"https:\/\/fondationlgl.org\/wp-content\/uploads\/2017\/03\/17.jpg\" alt=\"\" width=\"1024\" height=\"682\" \/><\/p>\n<p><img decoding=\"async\" class=\"alignnone size-full wp-image-1139\" src=\"https:\/\/fondationlgl.org\/wp-content\/uploads\/2017\/03\/56.jpg\" alt=\"\" width=\"5472\" height=\"3648\" \/><\/p>\n<p><img decoding=\"async\" class=\"alignnone size-full wp-image-1155\" src=\"https:\/\/fondationlgl.org\/wp-content\/uploads\/2017\/03\/11.jpg\" alt=\"\" width=\"1024\" height=\"721\" \/><\/p>","protected":false},"excerpt":{"rendered":"<p>[vc_row full_width=\u00a0\u00bbstretch_row_content_no_spaces\u00a0\u00bb][vc_column][vc_column_text] \u00a0[\/vc_column_text][\/vc_column][\/vc_row][vc_row][vc_column][vc_column_text] NOTRE VISION &nbsp; La FLGL a \u00e9t\u00e9 fond\u00e9e en janvier 2016 par l&rsquo;ancien Premier ministre, Laurent Salvador Lamothe et son fr\u00e8re, Ruben Lamothe, en hommage \u00e0 leur d\u00e9funt p\u00e8re. Le travail et l&rsquo;influence du Dr Lamothe ont impr\u00e9gn\u00e9 de nombreuses personnes bien \u00e9duqu\u00e9es d&rsquo;Ha\u00efti qui vivent et travaillent maintenant dans le monde [&hellip;]<\/p>","protected":false},"author":2,"featured_media":0,"parent":0,"menu_order":0,"comment_status":"closed","ping_status":"closed","template":"","meta":{"_acf_changed":false,"footnotes":""},"class_list":["post-1149","page","type-page","status-publish","hentry"],"acf":[],"yoast_head":"<!-- This site is optimized with the Yoast SEO plugin v24.7 - https:\/\/yoast.com\/wordpress\/plugins\/seo\/ -->\n<title>notre vision - &quot;Fondation Louis et Gizou Lamothe : Construire des Villages Intelligents en Ha\u00efti<\/title>\n<meta name=\"robots\" content=\"index, follow, max-snippet:-1, max-image-preview:large, max-video-preview:-1\" \/>\n<link rel=\"canonical\" href=\"https:\/\/fondationlgl.org\/en\/notre-vision\/\" \/>\n<meta property=\"og:locale\" content=\"en_US\" \/>\n<meta property=\"og:type\" content=\"article\" \/>\n<meta property=\"og:title\" content=\"notre vision - &quot;Fondation Louis et Gizou Lamothe : Construire des Villages Intelligents en Ha\u00efti\" \/>\n<meta property=\"og:description\" content=\"[vc_row full_width=\u00a0\u00bbstretch_row_content_no_spaces\u00a0\u00bb][vc_column][vc_column_text] \u00a0[\/vc_column_text][\/vc_column][\/vc_row][vc_row][vc_column][vc_column_text] NOTRE VISION &nbsp; La FLGL a \u00e9t\u00e9 fond\u00e9e en janvier 2016 par l&rsquo;ancien Premier ministre, Laurent Salvador Lamothe et son fr\u00e8re, Ruben Lamothe, en hommage \u00e0 leur d\u00e9funt p\u00e8re. Le travail et l&rsquo;influence du Dr Lamothe ont impr\u00e9gn\u00e9 de nombreuses personnes bien \u00e9duqu\u00e9es d&rsquo;Ha\u00efti qui vivent et travaillent maintenant dans le monde [&hellip;]\" \/>\n<meta property=\"og:url\" content=\"https:\/\/fondationlgl.org\/en\/notre-vision\/\" \/>\n<meta property=\"og:site_name\" content=\"&quot;Fondation Louis et Gizou Lamothe : Construire des Villages Intelligents en Ha\u00efti\" \/>\n<meta property=\"article:modified_time\" content=\"2020-06-07T18:28:13+00:00\" \/>\n<meta property=\"og:image\" content=\"https:\/\/fondationlgl.org\/wp-content\/uploads\/2017\/03\/17.jpg\" \/>\n<meta name=\"twitter:card\" content=\"summary_large_image\" \/>\n<meta name=\"twitter:label1\" content=\"Est. reading time\" \/>\n\t<meta name=\"twitter:data1\" content=\"1 minute\" \/>\n<script type=\"application\/ld+json\" class=\"yoast-schema-graph\">{\"@context\":\"https:\/\/schema.org\",\"@graph\":[{\"@type\":\"WebPage\",\"@id\":\"https:\/\/fondationlgl.org\/notre-vision\/\",\"url\":\"https:\/\/fondationlgl.org\/notre-vision\/\",\"name\":\"notre vision - &quot;Fondation Louis et Gizou Lamothe : Construire des Villages Intelligents en Ha\u00efti\",\"isPartOf\":{\"@id\":\"https:\/\/fondationlgl.org\/#website\"},\"primaryImageOfPage\":{\"@id\":\"https:\/\/fondationlgl.org\/notre-vision\/#primaryimage\"},\"image\":{\"@id\":\"https:\/\/fondationlgl.org\/notre-vision\/#primaryimage\"},\"thumbnailUrl\":\"https:\/\/fondationlgl.org\/wp-content\/uploads\/2017\/03\/17.jpg\",\"datePublished\":\"2017-03-17T19:13:21+00:00\",\"dateModified\":\"2020-06-07T18:28:13+00:00\",\"breadcrumb\":{\"@id\":\"https:\/\/fondationlgl.org\/notre-vision\/#breadcrumb\"},\"inLanguage\":\"en-US\",\"potentialAction\":[{\"@type\":\"ReadAction\",\"target\":[\"https:\/\/fondationlgl.org\/notre-vision\/\"]}]},{\"@type\":\"ImageObject\",\"inLanguage\":\"en-US\",\"@id\":\"https:\/\/fondationlgl.org\/notre-vision\/#primaryimage\",\"url\":\"https:\/\/fondationlgl.org\/wp-content\/uploads\/2017\/03\/17.jpg\",\"contentUrl\":\"https:\/\/fondationlgl.org\/wp-content\/uploads\/2017\/03\/17.jpg\"},{\"@type\":\"BreadcrumbList\",\"@id\":\"https:\/\/fondationlgl.org\/notre-vision\/#breadcrumb\",\"itemListElement\":[{\"@type\":\"ListItem\",\"position\":1,\"name\":\"Home\",\"item\":\"https:\/\/fondationlgl.org\/\"},{\"@type\":\"ListItem\",\"position\":2,\"name\":\"notre vision\"}]},{\"@type\":\"WebSite\",\"@id\":\"https:\/\/fondationlgl.org\/#website\",\"url\":\"https:\/\/fondationlgl.org\/\",\"name\":\"&quot;Fondation Louis et Gizou Lamothe : Construire des Villages Intelligents en Ha\u00efti\",\"description\":\"Renforcer les communaut\u00e9s ha\u00eftiennes \u00e0 travers l&#039;\u00e9ducation, la sant\u00e9, le sport, l&#039;environnement et la culture\",\"potentialAction\":[{\"@type\":\"SearchAction\",\"target\":{\"@type\":\"EntryPoint\",\"urlTemplate\":\"https:\/\/fondationlgl.org\/?s={search_term_string}\"},\"query-input\":{\"@type\":\"PropertyValueSpecification\",\"valueRequired\":true,\"valueName\":\"search_term_string\"}}],\"inLanguage\":\"en-US\"}]}<\/script>\n<!-- \/ Yoast SEO plugin. -->","yoast_head_json":{"title":"notre vision - &quot;Fondation Louis et Gizou Lamothe : Construire des Villages Intelligents en Ha\u00efti","robots":{"index":"index","follow":"follow","max-snippet":"max-snippet:-1","max-image-preview":"max-image-preview:large","max-video-preview":"max-video-preview:-1"},"canonical":"https:\/\/fondationlgl.org\/en\/notre-vision\/","og_locale":"en_US","og_type":"article","og_title":"notre vision - &quot;Fondation Louis et Gizou Lamothe : Construire des Villages Intelligents en Ha\u00efti","og_description":"[vc_row full_width=\u00a0\u00bbstretch_row_content_no_spaces\u00a0\u00bb][vc_column][vc_column_text] \u00a0[\/vc_column_text][\/vc_column][\/vc_row][vc_row][vc_column][vc_column_text] NOTRE VISION &nbsp; La FLGL a \u00e9t\u00e9 fond\u00e9e en janvier 2016 par l&rsquo;ancien Premier ministre, Laurent Salvador Lamothe et son fr\u00e8re, Ruben Lamothe, en hommage \u00e0 leur d\u00e9funt p\u00e8re. Le travail et l&rsquo;influence du Dr Lamothe ont impr\u00e9gn\u00e9 de nombreuses personnes bien \u00e9duqu\u00e9es d&rsquo;Ha\u00efti qui vivent et travaillent maintenant dans le monde [&hellip;]","og_url":"https:\/\/fondationlgl.org\/en\/notre-vision\/","og_site_name":"&quot;Fondation Louis et Gizou Lamothe : Construire des Villages Intelligents en Ha\u00efti","article_modified_time":"2020-06-07T18:28:13+00:00","og_image":[{"url":"https:\/\/fondationlgl.org\/wp-content\/uploads\/2017\/03\/17.jpg","type":"","width":"","height":""}],"twitter_card":"summary_large_image","twitter_misc":{"Est. reading time":"1 minute"},"schema":{"@context":"https:\/\/schema.org","@graph":[{"@type":"WebPage","@id":"https:\/\/fondationlgl.org\/notre-vision\/","url":"https:\/\/fondationlgl.org\/notre-vision\/","name":"notre vision - &quot;Fondation Louis et Gizou Lamothe : Construire des Villages Intelligents en Ha\u00efti","isPartOf":{"@id":"https:\/\/fondationlgl.org\/#website"},"primaryImageOfPage":{"@id":"https:\/\/fondationlgl.org\/notre-vision\/#primaryimage"},"image":{"@id":"https:\/\/fondationlgl.org\/notre-vision\/#primaryimage"},"thumbnailUrl":"https:\/\/fondationlgl.org\/wp-content\/uploads\/2017\/03\/17.jpg","datePublished":"2017-03-17T19:13:21+00:00","dateModified":"2020-06-07T18:28:13+00:00","breadcrumb":{"@id":"https:\/\/fondationlgl.org\/notre-vision\/#breadcrumb"},"inLanguage":"en-US","potentialAction":[{"@type":"ReadAction","target":["https:\/\/fondationlgl.org\/notre-vision\/"]}]},{"@type":"ImageObject","inLanguage":"en-US","@id":"https:\/\/fondationlgl.org\/notre-vision\/#primaryimage","url":"https:\/\/fondationlgl.org\/wp-content\/uploads\/2017\/03\/17.jpg","contentUrl":"https:\/\/fondationlgl.org\/wp-content\/uploads\/2017\/03\/17.jpg"},{"@type":"BreadcrumbList","@id":"https:\/\/fondationlgl.org\/notre-vision\/#breadcrumb","itemListElement":[{"@type":"ListItem","position":1,"name":"Home","item":"https:\/\/fondationlgl.org\/"},{"@type":"ListItem","position":2,"name":"notre vision"}]},{"@type":"WebSite","@id":"https:\/\/fondationlgl.org\/#website","url":"https:\/\/fondationlgl.org\/","name":"&quot;Fondation Louis et Gizou Lamothe : Construire des Villages Intelligents en Ha\u00efti","description":"Renforcer les communaut\u00e9s ha\u00eftiennes \u00e0 travers l&#039;\u00e9ducation, la sant\u00e9, le sport, l&#039;environnement et la culture","potentialAction":[{"@type":"SearchAction","target":{"@type":"EntryPoint","urlTemplate":"https:\/\/fondationlgl.org\/?s={search_term_string}"},"query-input":{"@type":"PropertyValueSpecification","valueRequired":true,"valueName":"search_term_string"}}],"inLanguage":"en-US"}]}},"_links":{"self":[{"href":"https:\/\/fondationlgl.org\/en\/wp-json\/wp\/v2\/pages\/1149","targetHints":{"allow":["GET"]}}],"collection":[{"href":"https:\/\/fondationlgl.org\/en\/wp-json\/wp\/v2\/pages"}],"about":[{"href":"https:\/\/fondationlgl.org\/en\/wp-json\/wp\/v2\/types\/page"}],"author":[{"embeddable":true,"href":"https:\/\/fondationlgl.org\/en\/wp-json\/wp\/v2\/users\/2"}],"replies":[{"embeddable":true,"href":"https:\/\/fondationlgl.org\/en\/wp-json\/wp\/v2\/comments?post=1149"}],"version-history":[{"count":0,"href":"https:\/\/fondationlgl.org\/en\/wp-json\/wp\/v2\/pages\/1149\/revisions"}],"wp:attachment":[{"href":"https:\/\/fondationlgl.org\/en\/wp-json\/wp\/v2\/media?parent=1149"}],"curies":[{"name":"wp","href":"https:\/\/api.w.org\/{rel}","templated":true}]}}